{"id":91197,"date":"2025-08-31T12:13:54","date_gmt":"2025-08-31T12:13:54","guid":{"rendered":"https:\/\/community.stage.jamson-sc.dev\/homepage"},"modified":"2025-09-22T13:56:14","modified_gmt":"2025-09-22T13:56:14","slug":"homepage","status":"publish","type":"page","link":"https:\/\/community.stage.jamson-sc.dev\/cz","title":{"rendered":"Domovsk\u00e1 str\u00e1nka"},"content":{"rendered":"","protected":false},"excerpt":{"rendered":"","protected":false},"author":4,"featured_media":0,"parent":0,"menu_order":0,"comment_status":"closed","ping_status":"closed","template":"","meta":{"_acf_changed":false,"footnotes":""},"class_list":["post-91197","page","type-page","status-publish","hentry"],"acf":[],"yoast_head":"<!-- This site is optimized with the Yoast SEO plugin v27.4 - https:\/\/yoast.com\/product\/yoast-seo-wordpress\/ -->\n<title>\u010cl\u00e1nky, novinky a eventy CS2 &amp; CS:GO | Komunita Skin.Club<\/title>\n<meta name=\"description\" content=\"Novinky a \u010dl\u00e1nky o Counter-Strike 2. Nejlep\u0161\u00ed kolekce CS2 skin\u016f pro fanou\u0161ky od expert\u016f a profi hr\u00e1\u010d\u016f Skin.Club.\" \/>\n<meta name=\"robots\" content=\"noindex, follow, max-snippet:-1, max-image-preview:large, max-video-preview:-1\" \/>\n<meta property=\"og:locale\" content=\"cs_CZ\" \/>\n<meta property=\"og:type\" content=\"article\" \/>\n<meta property=\"og:title\" content=\"\u010cl\u00e1nky, novinky a eventy CS2 &amp; CS:GO | Komunita Skin.Club\" \/>\n<meta property=\"og:description\" content=\"Novinky a \u010dl\u00e1nky o Counter-Strike 2. Nejlep\u0161\u00ed kolekce CS2 skin\u016f pro fanou\u0161ky od expert\u016f a profi hr\u00e1\u010d\u016f Skin.Club.\" \/>\n<meta property=\"og:url\" content=\"https:\/\/community.stage.jamson-sc.dev\/cz\" \/>\n<meta property=\"og:site_name\" content=\"CS2 &amp; CS:GO Articles, News, Events | Skin.Club Community\" \/>\n<meta property=\"article:modified_time\" content=\"2025-09-22T13:56:14+00:00\" \/>\n<meta name=\"twitter:card\" content=\"summary_large_image\" \/>\n<script type=\"application\/ld+json\" class=\"yoast-schema-graph\">{\"@context\":\"https:\\\/\\\/schema.org\",\"@graph\":[{\"@type\":\"WebPage\",\"@id\":\"https:\\\/\\\/community.stage.jamson-sc.dev\\\/cz\",\"url\":\"https:\\\/\\\/community.stage.jamson-sc.dev\\\/cz\",\"name\":\"\u010cl\u00e1nky, novinky a eventy CS2 & CS:GO | Komunita Skin.Club\",\"isPartOf\":{\"@id\":\"https:\\\/\\\/community.stage.jamson-sc.dev\\\/cz#website\"},\"datePublished\":\"2025-08-31T12:13:54+00:00\",\"dateModified\":\"2025-09-22T13:56:14+00:00\",\"description\":\"Novinky a \u010dl\u00e1nky o Counter-Strike 2. Nejlep\u0161\u00ed kolekce CS2 skin\u016f pro fanou\u0161ky od expert\u016f a profi hr\u00e1\u010d\u016f Skin.Club.\",\"breadcrumb\":{\"@id\":\"https:\\\/\\\/community.stage.jamson-sc.dev\\\/cz#breadcrumb\"},\"inLanguage\":\"cs\",\"potentialAction\":[{\"@type\":\"ReadAction\",\"target\":[\"https:\\\/\\\/community.stage.jamson-sc.dev\\\/cz\"]}]},{\"@type\":\"BreadcrumbList\",\"@id\":\"https:\\\/\\\/community.stage.jamson-sc.dev\\\/cz#breadcrumb\",\"itemListElement\":[{\"@type\":\"ListItem\",\"position\":1,\"name\":\"Community\",\"item\":\"https:\\\/\\\/community.stage.jamson-sc.dev\\\/cz\\\/homepage\"},{\"@type\":\"ListItem\",\"position\":2,\"name\":\"Domovsk\u00e1 str\u00e1nka\"}]},{\"@type\":\"WebSite\",\"@id\":\"https:\\\/\\\/community.stage.jamson-sc.dev\\\/cz#website\",\"url\":\"https:\\\/\\\/community.stage.jamson-sc.dev\\\/cz\",\"name\":\"CS:GO - Events, news, recommendations\",\"description\":\"CS2 &amp; CS:GO Articles, News, Events | Skin.Club Community\",\"publisher\":{\"@id\":\"https:\\\/\\\/community.stage.jamson-sc.dev\\\/cz#organization\"},\"alternateName\":\"CS:GO - news\",\"potentialAction\":[{\"@type\":\"SearchAction\",\"target\":{\"@type\":\"EntryPoint\",\"urlTemplate\":\"https:\\\/\\\/community.stage.jamson-sc.dev\\\/cz?s={search_term_string}\"},\"query-input\":{\"@type\":\"PropertyValueSpecification\",\"valueRequired\":true,\"valueName\":\"search_term_string\"}}],\"inLanguage\":\"cs\"},{\"@type\":\"Organization\",\"@id\":\"https:\\\/\\\/community.stage.jamson-sc.dev\\\/cz#organization\",\"name\":\"SkinClub\",\"url\":\"https:\\\/\\\/community.stage.jamson-sc.dev\\\/cz\",\"logo\":{\"@type\":\"ImageObject\",\"inLanguage\":\"cs\",\"@id\":\"https:\\\/\\\/community.stage.jamson-sc.dev\\\/cz#\\\/schema\\\/logo\\\/image\\\/\",\"url\":\"\",\"contentUrl\":\"\",\"caption\":\"SkinClub\"},\"image\":{\"@id\":\"https:\\\/\\\/community.stage.jamson-sc.dev\\\/cz#\\\/schema\\\/logo\\\/image\\\/\"}}]}<\/script>\n<!-- \/ Yoast SEO plugin. -->","yoast_head_json":{"title":"\u010cl\u00e1nky, novinky a eventy CS2 & CS:GO | Komunita Skin.Club","description":"Novinky a \u010dl\u00e1nky o Counter-Strike 2. Nejlep\u0161\u00ed kolekce CS2 skin\u016f pro fanou\u0161ky od expert\u016f a profi hr\u00e1\u010d\u016f Skin.Club.","robots":{"index":"noindex","follow":"follow","max-snippet":"max-snippet:-1","max-image-preview":"max-image-preview:large","max-video-preview":"max-video-preview:-1"},"og_locale":"cs_CZ","og_type":"article","og_title":"\u010cl\u00e1nky, novinky a eventy CS2 & CS:GO | Komunita Skin.Club","og_description":"Novinky a \u010dl\u00e1nky o Counter-Strike 2. Nejlep\u0161\u00ed kolekce CS2 skin\u016f pro fanou\u0161ky od expert\u016f a profi hr\u00e1\u010d\u016f Skin.Club.","og_url":"https:\/\/community.stage.jamson-sc.dev\/cz","og_site_name":"CS2 &amp; CS:GO Articles, News, Events | Skin.Club Community","article_modified_time":"2025-09-22T13:56:14+00:00","twitter_card":"summary_large_image","schema":{"@context":"https:\/\/schema.org","@graph":[{"@type":"WebPage","@id":"https:\/\/community.stage.jamson-sc.dev\/cz","url":"https:\/\/community.stage.jamson-sc.dev\/cz","name":"\u010cl\u00e1nky, novinky a eventy CS2 & CS:GO | Komunita Skin.Club","isPartOf":{"@id":"https:\/\/community.stage.jamson-sc.dev\/cz#website"},"datePublished":"2025-08-31T12:13:54+00:00","dateModified":"2025-09-22T13:56:14+00:00","description":"Novinky a \u010dl\u00e1nky o Counter-Strike 2. Nejlep\u0161\u00ed kolekce CS2 skin\u016f pro fanou\u0161ky od expert\u016f a profi hr\u00e1\u010d\u016f Skin.Club.","breadcrumb":{"@id":"https:\/\/community.stage.jamson-sc.dev\/cz#breadcrumb"},"inLanguage":"cs","potentialAction":[{"@type":"ReadAction","target":["https:\/\/community.stage.jamson-sc.dev\/cz"]}]},{"@type":"BreadcrumbList","@id":"https:\/\/community.stage.jamson-sc.dev\/cz#breadcrumb","itemListElement":[{"@type":"ListItem","position":1,"name":"Community","item":"https:\/\/community.stage.jamson-sc.dev\/cz\/homepage"},{"@type":"ListItem","position":2,"name":"Domovsk\u00e1 str\u00e1nka"}]},{"@type":"WebSite","@id":"https:\/\/community.stage.jamson-sc.dev\/cz#website","url":"https:\/\/community.stage.jamson-sc.dev\/cz","name":"CS:GO - Events, news, recommendations","description":"CS2 &amp; CS:GO Articles, News, Events | Skin.Club Community","publisher":{"@id":"https:\/\/community.stage.jamson-sc.dev\/cz#organization"},"alternateName":"CS:GO - news","potentialAction":[{"@type":"SearchAction","target":{"@type":"EntryPoint","urlTemplate":"https:\/\/community.stage.jamson-sc.dev\/cz?s={search_term_string}"},"query-input":{"@type":"PropertyValueSpecification","valueRequired":true,"valueName":"search_term_string"}}],"inLanguage":"cs"},{"@type":"Organization","@id":"https:\/\/community.stage.jamson-sc.dev\/cz#organization","name":"SkinClub","url":"https:\/\/community.stage.jamson-sc.dev\/cz","logo":{"@type":"ImageObject","inLanguage":"cs","@id":"https:\/\/community.stage.jamson-sc.dev\/cz#\/schema\/logo\/image\/","url":"","contentUrl":"","caption":"SkinClub"},"image":{"@id":"https:\/\/community.stage.jamson-sc.dev\/cz#\/schema\/logo\/image\/"}}]}},"_links":{"self":[{"href":"https:\/\/community.stage.jamson-sc.dev\/cz\/wp-json\/wp\/v2\/pages\/91197","targetHints":{"allow":["GET"]}}],"collection":[{"href":"https:\/\/community.stage.jamson-sc.dev\/cz\/wp-json\/wp\/v2\/pages"}],"about":[{"href":"https:\/\/community.stage.jamson-sc.dev\/cz\/wp-json\/wp\/v2\/types\/page"}],"author":[{"embeddable":true,"href":"https:\/\/community.stage.jamson-sc.dev\/cz\/wp-json\/wp\/v2\/users\/4"}],"replies":[{"embeddable":true,"href":"https:\/\/community.stage.jamson-sc.dev\/cz\/wp-json\/wp\/v2\/comments?post=91197"}],"version-history":[{"count":1,"href":"https:\/\/community.stage.jamson-sc.dev\/cz\/wp-json\/wp\/v2\/pages\/91197\/revisions"}],"predecessor-version":[{"id":91347,"href":"https:\/\/community.stage.jamson-sc.dev\/cz\/wp-json\/wp\/v2\/pages\/91197\/revisions\/91347"}],"wp:attachment":[{"href":"https:\/\/community.stage.jamson-sc.dev\/cz\/wp-json\/wp\/v2\/media?parent=91197"}],"curies":[{"name":"wp","href":"https:\/\/api.w.org\/{rel}","templated":true}]}}