{"id":7300,"date":"2022-06-28T10:08:43","date_gmt":"2022-06-28T10:08:43","guid":{"rendered":"https:\/\/skin.club\/community\/unterstuetzung\/"},"modified":"2024-09-11T15:27:03","modified_gmt":"2024-09-11T15:27:03","slug":"unterstutzung","status":"publish","type":"page","link":"https:\/\/community.stage.jamson-sc.dev\/de\/unterstutzung","title":{"rendered":"Support"},"content":{"rendered":"<h2>Wie Sie den Support kontaktieren k\u00f6nnen<\/h2>\n<p><strong>In unserer Community bieten wir einen n\u00fctzlichen Kundenservice an. Er ist in der digitalen Welt sehr prominent. Unsere Support-Abteilung arbeitet rund um die Uhr, an jedem Tag der Woche. Es ist \u00e4u\u00dferst wichtig, schnell auf Ihre Fragen zu antworten.   <\/strong><\/p>\n<p>Wenn Sie den Support nutzen m\u00f6chten, beachten Sie bitte einige einfache Tipps, die die Effektivit\u00e4t unseres Services erh\u00f6hen.<\/p>\n<ol>\n<li><b>Wichtig.<\/b> Je mehr n\u00fctzliche Informationen Sie uns geben, desto einfacher ist es, Ihr Problem zu l\u00f6sen.<\/li>\n<li><b>Nie.<\/b> Bitte senden Sie keine doppelten Anfragen. Wenn wir Ihnen nicht sofort antworten, warten Sie bitte. Schreiben Sie uns keine weiteren Nachrichten mit derselben Frage. Warten Sie auf eine Antwort.   <\/li>\n<li><b>Denken Sie daran.<\/b> Wir haben Nutzungsbedingungen f\u00fcr unseren Service <a class=\"article-list-blue__underline\" href=\"https:\/\/skin.club\/en\/tos\" target=\"_blank\" rel=\"noopener\">https:\/\/skin.club\/en\/tos<\/a>, und wenn Sie diese brechen, k\u00f6nnen wir Ihnen leider nicht weiterhelfen. <\/li>\n<\/ol>\n<h2>Sie haben zwei M\u00f6glichkeiten, unseren Support zu kontaktieren<\/h2>\n<ol>\n<li>\u00d6ffnen Sie Ihren E-Mail-Dienst und kontaktieren Sie uns unter <a class=\"red-link\" href=\"maito:help@skin.club\">help@skin.club<\/a><\/li>\n<li>\u00d6ffnen Sie SKIN.CLUB und melden Sie sich mit Ihrem Steam-Konto an. Danach sehen Sie auf der rechten Seite unserer Website ein spezielles Kontaktformular. Es handelt sich um ein Support-Formular.  <\/li>\n<\/ol>\n<p><img loading=\"lazy\" decoding=\"async\" class=\"alignnone wp-image-89158\" src=\"https:\/\/front.stage.jamson-sc.dev\/community\/wp-content\/uploads\/2024\/09\/Event-BLAST-Premier-2024-1024x576.webp\" alt=\"\" width=\"1065\" height=\"599\"><\/p>\n<h2>Wichtige Informationen<\/h2>\n<p>Sie k\u00f6nnen unseren Support nur \u00fcber das Support-Formular auf unserer Website SKIN.CLUB oder per E-Mail an help@skin.club kontaktieren. Verwenden Sie niemals: Steam, Discord, FB usw. f\u00fcr private Nachrichten. Nur unser Support-Formular ist geeignet und vertrauensw\u00fcrdig.   <\/p>\n<p>Eine gro\u00dfe Anzahl von Menschen sendet private Nachrichten an Mitwirkende\/Content Creator\/andere Freiwillige bez\u00fcglich Support-Anfragen. Tun Sie das bitte nicht. SkinClub-Freiwillige sind keine Mitarbeiter von uns. Sie k\u00f6nnen Ihnen nicht bei Support-Tickets und Berichten helfen.   <\/p>\n","protected":false},"excerpt":{"rendered":"<p>Wie Sie den Support kontaktieren k\u00f6nnen In unserer Community bieten wir einen n\u00fctzlichen Kundenservice an. Er ist in der digitalen Welt sehr prominent. Unsere Support-Abteilung arbeitet rund um die Uhr, an jedem Tag der Woche. Es ist \u00e4u\u00dferst wichtig, schnell auf Ihre Fragen zu antworten. Wenn Sie den Support nutzen m\u00f6chten, beachten Sie bitte einige [&hellip;]<\/p>\n","protected":false},"author":5,"featured_media":0,"parent":0,"menu_order":0,"comment_status":"closed","ping_status":"closed","template":"","meta":{"_acf_changed":false,"footnotes":""},"class_list":["post-7300","page","type-page","status-publish","hentry"],"acf":[],"yoast_head":"<!-- This site is optimized with the Yoast SEO plugin v27.4 - https:\/\/yoast.com\/product\/yoast-seo-wordpress\/ -->\n<title>Support - CS2 &amp; CS:GO Articles, News, Events | Skin.Club Community<\/title>\n<meta name=\"robots\" content=\"noindex, follow, max-snippet:-1, max-image-preview:large, max-video-preview:-1\" \/>\n<meta property=\"og:locale\" content=\"de_DE\" \/>\n<meta property=\"og:type\" content=\"article\" \/>\n<meta property=\"og:title\" content=\"Support - CS2 &amp; CS:GO Articles, News, Events | Skin.Club Community\" \/>\n<meta property=\"og:description\" content=\"Wie Sie den Support kontaktieren k\u00f6nnen In unserer Community bieten wir einen n\u00fctzlichen Kundenservice an. Er ist in der digitalen Welt sehr prominent. Unsere Support-Abteilung arbeitet rund um die Uhr, an jedem Tag der Woche. Es ist \u00e4u\u00dferst wichtig, schnell auf Ihre Fragen zu antworten. Wenn Sie den Support nutzen m\u00f6chten, beachten Sie bitte einige [&hellip;]\" \/>\n<meta property=\"og:url\" content=\"https:\/\/community.stage.jamson-sc.dev\/de\/unterstutzung\" \/>\n<meta property=\"og:site_name\" content=\"CS2 &amp; CS:GO Articles, News, Events | Skin.Club Community\" \/>\n<meta property=\"article:modified_time\" content=\"2024-09-11T15:27:03+00:00\" \/>\n<meta name=\"twitter:card\" content=\"summary_large_image\" \/>\n<meta name=\"twitter:label1\" content=\"Gesch\u00e4tzte Lesezeit\" \/>\n\t<meta name=\"twitter:data1\" content=\"1\u00a0Minute\" \/>\n<script type=\"application\/ld+json\" class=\"yoast-schema-graph\">{\"@context\":\"https:\\\/\\\/schema.org\",\"@graph\":[{\"@type\":\"WebPage\",\"@id\":\"https:\\\/\\\/community.stage.jamson-sc.dev\\\/de\\\/unterstutzung\",\"url\":\"https:\\\/\\\/community.stage.jamson-sc.dev\\\/de\\\/unterstutzung\",\"name\":\"Support - CS2 &amp; CS:GO Articles, News, Events | Skin.Club Community\",\"isPartOf\":{\"@id\":\"https:\\\/\\\/community.stage.jamson-sc.dev\\\/de#website\"},\"primaryImageOfPage\":{\"@id\":\"https:\\\/\\\/community.stage.jamson-sc.dev\\\/de\\\/unterstutzung#primaryimage\"},\"image\":{\"@id\":\"https:\\\/\\\/community.stage.jamson-sc.dev\\\/de\\\/unterstutzung#primaryimage\"},\"thumbnailUrl\":\"https:\\\/\\\/front.stage.jamson-sc.dev\\\/community\\\/wp-content\\\/uploads\\\/2024\\\/09\\\/Event-BLAST-Premier-2024-1024x576.webp\",\"datePublished\":\"2022-06-28T10:08:43+00:00\",\"dateModified\":\"2024-09-11T15:27:03+00:00\",\"breadcrumb\":{\"@id\":\"https:\\\/\\\/community.stage.jamson-sc.dev\\\/de\\\/unterstutzung#breadcrumb\"},\"inLanguage\":\"de\",\"potentialAction\":[{\"@type\":\"ReadAction\",\"target\":[\"https:\\\/\\\/community.stage.jamson-sc.dev\\\/de\\\/unterstutzung\"]}]},{\"@type\":\"ImageObject\",\"inLanguage\":\"de\",\"@id\":\"https:\\\/\\\/community.stage.jamson-sc.dev\\\/de\\\/unterstutzung#primaryimage\",\"url\":\"https:\\\/\\\/front.stage.jamson-sc.dev\\\/community\\\/wp-content\\\/uploads\\\/2024\\\/09\\\/Event-BLAST-Premier-2024-1024x576.webp\",\"contentUrl\":\"https:\\\/\\\/front.stage.jamson-sc.dev\\\/community\\\/wp-content\\\/uploads\\\/2024\\\/09\\\/Event-BLAST-Premier-2024-1024x576.webp\"},{\"@type\":\"BreadcrumbList\",\"@id\":\"https:\\\/\\\/community.stage.jamson-sc.dev\\\/de\\\/unterstutzung#breadcrumb\",\"itemListElement\":[{\"@type\":\"ListItem\",\"position\":1,\"name\":\"Community\",\"item\":\"https:\\\/\\\/community.stage.jamson-sc.dev\\\/de\\\/homepage\"},{\"@type\":\"ListItem\",\"position\":2,\"name\":\"Support\"}]},{\"@type\":\"WebSite\",\"@id\":\"https:\\\/\\\/community.stage.jamson-sc.dev\\\/de#website\",\"url\":\"https:\\\/\\\/community.stage.jamson-sc.dev\\\/de\",\"name\":\"CS:GO - Events, news, recommendations\",\"description\":\"CS2 &amp; CS:GO Articles, News, Events | Skin.Club Community\",\"publisher\":{\"@id\":\"https:\\\/\\\/community.stage.jamson-sc.dev\\\/de#organization\"},\"alternateName\":\"CS:GO - news\",\"potentialAction\":[{\"@type\":\"SearchAction\",\"target\":{\"@type\":\"EntryPoint\",\"urlTemplate\":\"https:\\\/\\\/community.stage.jamson-sc.dev\\\/de?s={search_term_string}\"},\"query-input\":{\"@type\":\"PropertyValueSpecification\",\"valueRequired\":true,\"valueName\":\"search_term_string\"}}],\"inLanguage\":\"de\"},{\"@type\":\"Organization\",\"@id\":\"https:\\\/\\\/community.stage.jamson-sc.dev\\\/de#organization\",\"name\":\"SkinClub\",\"url\":\"https:\\\/\\\/community.stage.jamson-sc.dev\\\/de\",\"logo\":{\"@type\":\"ImageObject\",\"inLanguage\":\"de\",\"@id\":\"https:\\\/\\\/community.stage.jamson-sc.dev\\\/de#\\\/schema\\\/logo\\\/image\\\/\",\"url\":\"\",\"contentUrl\":\"\",\"caption\":\"SkinClub\"},\"image\":{\"@id\":\"https:\\\/\\\/community.stage.jamson-sc.dev\\\/de#\\\/schema\\\/logo\\\/image\\\/\"}}]}<\/script>\n<!-- \/ Yoast SEO plugin. -->","yoast_head_json":{"title":"Support - CS2 &amp; CS:GO Articles, News, Events | Skin.Club Community","robots":{"index":"noindex","follow":"follow","max-snippet":"max-snippet:-1","max-image-preview":"max-image-preview:large","max-video-preview":"max-video-preview:-1"},"og_locale":"de_DE","og_type":"article","og_title":"Support - CS2 &amp; CS:GO Articles, News, Events | Skin.Club Community","og_description":"Wie Sie den Support kontaktieren k\u00f6nnen In unserer Community bieten wir einen n\u00fctzlichen Kundenservice an. Er ist in der digitalen Welt sehr prominent. Unsere Support-Abteilung arbeitet rund um die Uhr, an jedem Tag der Woche. Es ist \u00e4u\u00dferst wichtig, schnell auf Ihre Fragen zu antworten. Wenn Sie den Support nutzen m\u00f6chten, beachten Sie bitte einige [&hellip;]","og_url":"https:\/\/community.stage.jamson-sc.dev\/de\/unterstutzung","og_site_name":"CS2 &amp; CS:GO Articles, News, Events | Skin.Club Community","article_modified_time":"2024-09-11T15:27:03+00:00","twitter_card":"summary_large_image","twitter_misc":{"Gesch\u00e4tzte Lesezeit":"1\u00a0Minute"},"schema":{"@context":"https:\/\/schema.org","@graph":[{"@type":"WebPage","@id":"https:\/\/community.stage.jamson-sc.dev\/de\/unterstutzung","url":"https:\/\/community.stage.jamson-sc.dev\/de\/unterstutzung","name":"Support - CS2 &amp; CS:GO Articles, News, Events | Skin.Club Community","isPartOf":{"@id":"https:\/\/community.stage.jamson-sc.dev\/de#website"},"primaryImageOfPage":{"@id":"https:\/\/community.stage.jamson-sc.dev\/de\/unterstutzung#primaryimage"},"image":{"@id":"https:\/\/community.stage.jamson-sc.dev\/de\/unterstutzung#primaryimage"},"thumbnailUrl":"https:\/\/front.stage.jamson-sc.dev\/community\/wp-content\/uploads\/2024\/09\/Event-BLAST-Premier-2024-1024x576.webp","datePublished":"2022-06-28T10:08:43+00:00","dateModified":"2024-09-11T15:27:03+00:00","breadcrumb":{"@id":"https:\/\/community.stage.jamson-sc.dev\/de\/unterstutzung#breadcrumb"},"inLanguage":"de","potentialAction":[{"@type":"ReadAction","target":["https:\/\/community.stage.jamson-sc.dev\/de\/unterstutzung"]}]},{"@type":"ImageObject","inLanguage":"de","@id":"https:\/\/community.stage.jamson-sc.dev\/de\/unterstutzung#primaryimage","url":"https:\/\/front.stage.jamson-sc.dev\/community\/wp-content\/uploads\/2024\/09\/Event-BLAST-Premier-2024-1024x576.webp","contentUrl":"https:\/\/front.stage.jamson-sc.dev\/community\/wp-content\/uploads\/2024\/09\/Event-BLAST-Premier-2024-1024x576.webp"},{"@type":"BreadcrumbList","@id":"https:\/\/community.stage.jamson-sc.dev\/de\/unterstutzung#breadcrumb","itemListElement":[{"@type":"ListItem","position":1,"name":"Community","item":"https:\/\/community.stage.jamson-sc.dev\/de\/homepage"},{"@type":"ListItem","position":2,"name":"Support"}]},{"@type":"WebSite","@id":"https:\/\/community.stage.jamson-sc.dev\/de#website","url":"https:\/\/community.stage.jamson-sc.dev\/de","name":"CS:GO - Events, news, recommendations","description":"CS2 &amp; CS:GO Articles, News, Events | Skin.Club Community","publisher":{"@id":"https:\/\/community.stage.jamson-sc.dev\/de#organization"},"alternateName":"CS:GO - news","potentialAction":[{"@type":"SearchAction","target":{"@type":"EntryPoint","urlTemplate":"https:\/\/community.stage.jamson-sc.dev\/de?s={search_term_string}"},"query-input":{"@type":"PropertyValueSpecification","valueRequired":true,"valueName":"search_term_string"}}],"inLanguage":"de"},{"@type":"Organization","@id":"https:\/\/community.stage.jamson-sc.dev\/de#organization","name":"SkinClub","url":"https:\/\/community.stage.jamson-sc.dev\/de","logo":{"@type":"ImageObject","inLanguage":"de","@id":"https:\/\/community.stage.jamson-sc.dev\/de#\/schema\/logo\/image\/","url":"","contentUrl":"","caption":"SkinClub"},"image":{"@id":"https:\/\/community.stage.jamson-sc.dev\/de#\/schema\/logo\/image\/"}}]}},"_links":{"self":[{"href":"https:\/\/community.stage.jamson-sc.dev\/de\/wp-json\/wp\/v2\/pages\/7300","targetHints":{"allow":["GET"]}}],"collection":[{"href":"https:\/\/community.stage.jamson-sc.dev\/de\/wp-json\/wp\/v2\/pages"}],"about":[{"href":"https:\/\/community.stage.jamson-sc.dev\/de\/wp-json\/wp\/v2\/types\/page"}],"author":[{"embeddable":true,"href":"https:\/\/community.stage.jamson-sc.dev\/de\/wp-json\/wp\/v2\/users\/5"}],"replies":[{"embeddable":true,"href":"https:\/\/community.stage.jamson-sc.dev\/de\/wp-json\/wp\/v2\/comments?post=7300"}],"version-history":[{"count":2,"href":"https:\/\/community.stage.jamson-sc.dev\/de\/wp-json\/wp\/v2\/pages\/7300\/revisions"}],"predecessor-version":[{"id":89179,"href":"https:\/\/community.stage.jamson-sc.dev\/de\/wp-json\/wp\/v2\/pages\/7300\/revisions\/89179"}],"wp:attachment":[{"href":"https:\/\/community.stage.jamson-sc.dev\/de\/wp-json\/wp\/v2\/media?parent=7300"}],"curies":[{"name":"wp","href":"https:\/\/api.w.org\/{rel}","templated":true}]}}