{"id":7304,"date":"2022-06-28T10:08:43","date_gmt":"2022-06-28T10:08:43","guid":{"rendered":"https:\/\/skin.club\/community\/soporte\/"},"modified":"2024-09-11T17:46:00","modified_gmt":"2024-09-11T17:46:00","slug":"ayuda","status":"publish","type":"page","link":"https:\/\/community.stage.jamson-sc.dev\/es\/ayuda","title":{"rendered":"Soporte"},"content":{"rendered":"<h2>C\u00f3mo puedes contactar al soporte<\/h2>\n<p><strong>En nuestra comunidad, tenemos un servicio de atenci\u00f3n al cliente \u00fatil. Es muy destacado en el mundo digital. Nuestro Departamento de Ayuda funciona las 24 horas del d\u00eda, todos los d\u00edas. Y es imprescindible dar respuestas r\u00e1pidas a tus preguntas.   <\/strong><\/p>\n<p>Si deseas usarlo, por favor, sigue algunos consejos simples que mejorar\u00e1n la efectividad de su funcionamiento.<\/p>\n<ol>\n<li><b>Importante.<\/b> Cuanta m\u00e1s informaci\u00f3n \u00fatil nos proporciones, m\u00e1s f\u00e1cil ser\u00e1 resolver tu problema.<\/li>\n<li><b>Nunca.<\/b> Por favor, no dupliques tus solicitudes. Si no te respondemos de inmediato, espera. No nos escribas de nuevo con la misma pregunta. Espera una respuesta.   <\/li>\n<li><b>Recuerda.<\/b> Tenemos t\u00e9rminos de uso de nuestro servicio <a class=\"article-list-blue__underline\" href=\"https:\/\/skin.club\/en\/tos\" target=\"_blank\" rel=\"noopener\">https:\/\/skin.club\/en\/tos<\/a>, y si los incumples, lamentablemente no podremos ayudarte. <\/li>\n<\/ol>\n<h2>Tienes dos maneras de contactar con nuestro soporte<\/h2>\n<ol>\n<li>Abre tu servicio de correo electr\u00f3nico y cont\u00e1ctanos en <a class=\"red-link\" href=\"maito:help@skin.club\">help@skin.club<\/a><\/li>\n<li>Abre SKIN.CLUB e inicia sesi\u00f3n con tu cuenta de Steam. Despu\u00e9s de eso, ver\u00e1s un formulario de contacto especial en el lado derecho de nuestro sitio web. Es un Formulario de Soporte.  <\/li>\n<\/ol>\n<p><img loading=\"lazy\" decoding=\"async\" class=\"alignnone wp-image-89158\" src=\"https:\/\/front.stage.jamson-sc.dev\/community\/wp-content\/uploads\/2024\/09\/Event-BLAST-Premier-2024-1024x576.webp\" alt=\"\" width=\"1065\" height=\"599\"><\/p>\n<h2>Informaci\u00f3n importante<\/h2>\n<p>Puedes contactar con nuestro soporte \u00fanicamente a trav\u00e9s del Formulario de Soporte en nuestro sitio web SKIN.CLUB o por correo electr\u00f3nico a help@skin.club. Nunca uses: Steam, Discord, FB, etc. para mensajes privados. Solo nuestro Formulario de Soporte es adecuado y confiable.   <\/p>\n<p>Una gran cantidad de personas env\u00eda mensajes privados a Contribuidores\/Creadores de Contenido\/otros voluntarios con problemas de soporte. Por favor, no lo hagas. Los voluntarios de SkinClub no son empleados nuestros. No pueden ayudarte con los tickets de soporte ni con los informes.   <\/p>\n","protected":false},"excerpt":{"rendered":"<p>C\u00f3mo puedes contactar al soporte En nuestra comunidad, tenemos un servicio de atenci\u00f3n al cliente \u00fatil. Es muy destacado en el mundo digital. Nuestro Departamento de Ayuda funciona las 24 horas del d\u00eda, todos los d\u00edas. Y es imprescindible dar respuestas r\u00e1pidas a tus preguntas. Si deseas usarlo, por favor, sigue algunos consejos simples que [&hellip;]<\/p>\n","protected":false},"author":5,"featured_media":0,"parent":0,"menu_order":0,"comment_status":"closed","ping_status":"closed","template":"","meta":{"_acf_changed":false,"footnotes":""},"class_list":["post-7304","page","type-page","status-publish","hentry"],"acf":[],"yoast_head":"<!-- This site is optimized with the Yoast SEO plugin v27.4 - https:\/\/yoast.com\/product\/yoast-seo-wordpress\/ -->\n<title>Soporte - CS2 &amp; CS:GO Articles, News, Events | Skin.Club Community<\/title>\n<meta name=\"robots\" content=\"noindex, follow, max-snippet:-1, max-image-preview:large, max-video-preview:-1\" \/>\n<meta property=\"og:locale\" content=\"es_ES\" \/>\n<meta property=\"og:type\" content=\"article\" \/>\n<meta property=\"og:title\" content=\"Soporte - CS2 &amp; CS:GO Articles, News, Events | Skin.Club Community\" \/>\n<meta property=\"og:description\" content=\"C\u00f3mo puedes contactar al soporte En nuestra comunidad, tenemos un servicio de atenci\u00f3n al cliente \u00fatil. Es muy destacado en el mundo digital. Nuestro Departamento de Ayuda funciona las 24 horas del d\u00eda, todos los d\u00edas. Y es imprescindible dar respuestas r\u00e1pidas a tus preguntas. Si deseas usarlo, por favor, sigue algunos consejos simples que [&hellip;]\" \/>\n<meta property=\"og:url\" content=\"https:\/\/community.stage.jamson-sc.dev\/es\/ayuda\" \/>\n<meta property=\"og:site_name\" content=\"CS2 &amp; CS:GO Articles, News, Events | Skin.Club Community\" \/>\n<meta property=\"article:modified_time\" content=\"2024-09-11T17:46:00+00:00\" \/>\n<meta name=\"twitter:card\" content=\"summary_large_image\" \/>\n<meta name=\"twitter:label1\" content=\"Tiempo de lectura\" \/>\n\t<meta name=\"twitter:data1\" content=\"1 minuto\" \/>\n<script type=\"application\/ld+json\" class=\"yoast-schema-graph\">{\"@context\":\"https:\\\/\\\/schema.org\",\"@graph\":[{\"@type\":\"WebPage\",\"@id\":\"https:\\\/\\\/community.stage.jamson-sc.dev\\\/es\\\/ayuda\",\"url\":\"https:\\\/\\\/community.stage.jamson-sc.dev\\\/es\\\/ayuda\",\"name\":\"Soporte - CS2 &amp; CS:GO Articles, News, Events | Skin.Club Community\",\"isPartOf\":{\"@id\":\"https:\\\/\\\/community.stage.jamson-sc.dev\\\/es#website\"},\"primaryImageOfPage\":{\"@id\":\"https:\\\/\\\/community.stage.jamson-sc.dev\\\/es\\\/ayuda#primaryimage\"},\"image\":{\"@id\":\"https:\\\/\\\/community.stage.jamson-sc.dev\\\/es\\\/ayuda#primaryimage\"},\"thumbnailUrl\":\"https:\\\/\\\/front.stage.jamson-sc.dev\\\/community\\\/wp-content\\\/uploads\\\/2024\\\/09\\\/Event-BLAST-Premier-2024-1024x576.webp\",\"datePublished\":\"2022-06-28T10:08:43+00:00\",\"dateModified\":\"2024-09-11T17:46:00+00:00\",\"breadcrumb\":{\"@id\":\"https:\\\/\\\/community.stage.jamson-sc.dev\\\/es\\\/ayuda#breadcrumb\"},\"inLanguage\":\"es\",\"potentialAction\":[{\"@type\":\"ReadAction\",\"target\":[\"https:\\\/\\\/community.stage.jamson-sc.dev\\\/es\\\/ayuda\"]}]},{\"@type\":\"ImageObject\",\"inLanguage\":\"es\",\"@id\":\"https:\\\/\\\/community.stage.jamson-sc.dev\\\/es\\\/ayuda#primaryimage\",\"url\":\"https:\\\/\\\/front.stage.jamson-sc.dev\\\/community\\\/wp-content\\\/uploads\\\/2024\\\/09\\\/Event-BLAST-Premier-2024-1024x576.webp\",\"contentUrl\":\"https:\\\/\\\/front.stage.jamson-sc.dev\\\/community\\\/wp-content\\\/uploads\\\/2024\\\/09\\\/Event-BLAST-Premier-2024-1024x576.webp\"},{\"@type\":\"BreadcrumbList\",\"@id\":\"https:\\\/\\\/community.stage.jamson-sc.dev\\\/es\\\/ayuda#breadcrumb\",\"itemListElement\":[{\"@type\":\"ListItem\",\"position\":1,\"name\":\"Community\",\"item\":\"https:\\\/\\\/community.stage.jamson-sc.dev\\\/es\\\/homepage\"},{\"@type\":\"ListItem\",\"position\":2,\"name\":\"Soporte\"}]},{\"@type\":\"WebSite\",\"@id\":\"https:\\\/\\\/community.stage.jamson-sc.dev\\\/es#website\",\"url\":\"https:\\\/\\\/community.stage.jamson-sc.dev\\\/es\",\"name\":\"CS:GO - Events, news, recommendations\",\"description\":\"CS:GO\",\"publisher\":{\"@id\":\"https:\\\/\\\/community.stage.jamson-sc.dev\\\/es#organization\"},\"alternateName\":\"CS:GO - news\",\"potentialAction\":[{\"@type\":\"SearchAction\",\"target\":{\"@type\":\"EntryPoint\",\"urlTemplate\":\"https:\\\/\\\/community.stage.jamson-sc.dev\\\/es?s={search_term_string}\"},\"query-input\":{\"@type\":\"PropertyValueSpecification\",\"valueRequired\":true,\"valueName\":\"search_term_string\"}}],\"inLanguage\":\"es\"},{\"@type\":\"Organization\",\"@id\":\"https:\\\/\\\/community.stage.jamson-sc.dev\\\/es#organization\",\"name\":\"SkinClub\",\"url\":\"https:\\\/\\\/community.stage.jamson-sc.dev\\\/es\",\"logo\":{\"@type\":\"ImageObject\",\"inLanguage\":\"es\",\"@id\":\"https:\\\/\\\/community.stage.jamson-sc.dev\\\/es#\\\/schema\\\/logo\\\/image\\\/\",\"url\":\"\",\"contentUrl\":\"\",\"caption\":\"SkinClub\"},\"image\":{\"@id\":\"https:\\\/\\\/community.stage.jamson-sc.dev\\\/es#\\\/schema\\\/logo\\\/image\\\/\"}}]}<\/script>\n<!-- \/ Yoast SEO plugin. -->","yoast_head_json":{"title":"Soporte - CS2 &amp; CS:GO Articles, News, Events | Skin.Club Community","robots":{"index":"noindex","follow":"follow","max-snippet":"max-snippet:-1","max-image-preview":"max-image-preview:large","max-video-preview":"max-video-preview:-1"},"og_locale":"es_ES","og_type":"article","og_title":"Soporte - CS2 &amp; CS:GO Articles, News, Events | Skin.Club Community","og_description":"C\u00f3mo puedes contactar al soporte En nuestra comunidad, tenemos un servicio de atenci\u00f3n al cliente \u00fatil. Es muy destacado en el mundo digital. Nuestro Departamento de Ayuda funciona las 24 horas del d\u00eda, todos los d\u00edas. Y es imprescindible dar respuestas r\u00e1pidas a tus preguntas. Si deseas usarlo, por favor, sigue algunos consejos simples que [&hellip;]","og_url":"https:\/\/community.stage.jamson-sc.dev\/es\/ayuda","og_site_name":"CS2 &amp; CS:GO Articles, News, Events | Skin.Club Community","article_modified_time":"2024-09-11T17:46:00+00:00","twitter_card":"summary_large_image","twitter_misc":{"Tiempo de lectura":"1 minuto"},"schema":{"@context":"https:\/\/schema.org","@graph":[{"@type":"WebPage","@id":"https:\/\/community.stage.jamson-sc.dev\/es\/ayuda","url":"https:\/\/community.stage.jamson-sc.dev\/es\/ayuda","name":"Soporte - CS2 &amp; CS:GO Articles, News, Events | Skin.Club Community","isPartOf":{"@id":"https:\/\/community.stage.jamson-sc.dev\/es#website"},"primaryImageOfPage":{"@id":"https:\/\/community.stage.jamson-sc.dev\/es\/ayuda#primaryimage"},"image":{"@id":"https:\/\/community.stage.jamson-sc.dev\/es\/ayuda#primaryimage"},"thumbnailUrl":"https:\/\/front.stage.jamson-sc.dev\/community\/wp-content\/uploads\/2024\/09\/Event-BLAST-Premier-2024-1024x576.webp","datePublished":"2022-06-28T10:08:43+00:00","dateModified":"2024-09-11T17:46:00+00:00","breadcrumb":{"@id":"https:\/\/community.stage.jamson-sc.dev\/es\/ayuda#breadcrumb"},"inLanguage":"es","potentialAction":[{"@type":"ReadAction","target":["https:\/\/community.stage.jamson-sc.dev\/es\/ayuda"]}]},{"@type":"ImageObject","inLanguage":"es","@id":"https:\/\/community.stage.jamson-sc.dev\/es\/ayuda#primaryimage","url":"https:\/\/front.stage.jamson-sc.dev\/community\/wp-content\/uploads\/2024\/09\/Event-BLAST-Premier-2024-1024x576.webp","contentUrl":"https:\/\/front.stage.jamson-sc.dev\/community\/wp-content\/uploads\/2024\/09\/Event-BLAST-Premier-2024-1024x576.webp"},{"@type":"BreadcrumbList","@id":"https:\/\/community.stage.jamson-sc.dev\/es\/ayuda#breadcrumb","itemListElement":[{"@type":"ListItem","position":1,"name":"Community","item":"https:\/\/community.stage.jamson-sc.dev\/es\/homepage"},{"@type":"ListItem","position":2,"name":"Soporte"}]},{"@type":"WebSite","@id":"https:\/\/community.stage.jamson-sc.dev\/es#website","url":"https:\/\/community.stage.jamson-sc.dev\/es","name":"CS:GO - Events, news, recommendations","description":"CS:GO","publisher":{"@id":"https:\/\/community.stage.jamson-sc.dev\/es#organization"},"alternateName":"CS:GO - news","potentialAction":[{"@type":"SearchAction","target":{"@type":"EntryPoint","urlTemplate":"https:\/\/community.stage.jamson-sc.dev\/es?s={search_term_string}"},"query-input":{"@type":"PropertyValueSpecification","valueRequired":true,"valueName":"search_term_string"}}],"inLanguage":"es"},{"@type":"Organization","@id":"https:\/\/community.stage.jamson-sc.dev\/es#organization","name":"SkinClub","url":"https:\/\/community.stage.jamson-sc.dev\/es","logo":{"@type":"ImageObject","inLanguage":"es","@id":"https:\/\/community.stage.jamson-sc.dev\/es#\/schema\/logo\/image\/","url":"","contentUrl":"","caption":"SkinClub"},"image":{"@id":"https:\/\/community.stage.jamson-sc.dev\/es#\/schema\/logo\/image\/"}}]}},"_links":{"self":[{"href":"https:\/\/community.stage.jamson-sc.dev\/es\/wp-json\/wp\/v2\/pages\/7304","targetHints":{"allow":["GET"]}}],"collection":[{"href":"https:\/\/community.stage.jamson-sc.dev\/es\/wp-json\/wp\/v2\/pages"}],"about":[{"href":"https:\/\/community.stage.jamson-sc.dev\/es\/wp-json\/wp\/v2\/types\/page"}],"author":[{"embeddable":true,"href":"https:\/\/community.stage.jamson-sc.dev\/es\/wp-json\/wp\/v2\/users\/5"}],"replies":[{"embeddable":true,"href":"https:\/\/community.stage.jamson-sc.dev\/es\/wp-json\/wp\/v2\/comments?post=7304"}],"version-history":[{"count":2,"href":"https:\/\/community.stage.jamson-sc.dev\/es\/wp-json\/wp\/v2\/pages\/7304\/revisions"}],"predecessor-version":[{"id":89183,"href":"https:\/\/community.stage.jamson-sc.dev\/es\/wp-json\/wp\/v2\/pages\/7304\/revisions\/89183"}],"wp:attachment":[{"href":"https:\/\/community.stage.jamson-sc.dev\/es\/wp-json\/wp\/v2\/media?parent=7304"}],"curies":[{"name":"wp","href":"https:\/\/api.w.org\/{rel}","templated":true}]}}