{"id":91207,"date":"2025-08-31T12:13:54","date_gmt":"2025-08-31T12:13:54","guid":{"rendered":"https:\/\/community.stage.jamson-sc.dev\/homepage"},"modified":"2025-09-22T14:08:49","modified_gmt":"2025-09-22T14:08:49","slug":"homepage","status":"publish","type":"page","link":"https:\/\/community.stage.jamson-sc.dev\/es","title":{"rendered":"Inicio"},"content":{"rendered":"","protected":false},"excerpt":{"rendered":"","protected":false},"author":4,"featured_media":0,"parent":0,"menu_order":0,"comment_status":"closed","ping_status":"closed","template":"","meta":{"_acf_changed":false,"footnotes":""},"class_list":["post-91207","page","type-page","status-publish","hentry"],"acf":[],"yoast_head":"<!-- This site is optimized with the Yoast SEO plugin v27.4 - https:\/\/yoast.com\/product\/yoast-seo-wordpress\/ -->\n<title>Art\u00edculos, noticias y eventos de CS2 y CS:GO | Comunidad Skin.Club<\/title>\n<meta name=\"description\" content=\"Noticias y art\u00edculos sobre Counter-Strike 2. Colecciones de las mejores m\u00e1scaras de CS2 para los amantes de las m\u00e1scaras de Counter-Strike proporcionadas por expertos de Skin.Club y jugadores profesionales.\" \/>\n<meta name=\"robots\" content=\"noindex, follow, max-snippet:-1, max-image-preview:large, max-video-preview:-1\" \/>\n<meta property=\"og:locale\" content=\"es_ES\" \/>\n<meta property=\"og:type\" content=\"article\" \/>\n<meta property=\"og:title\" content=\"Art\u00edculos, noticias y eventos de CS2 y CS:GO | Comunidad Skin.Club\" \/>\n<meta property=\"og:description\" content=\"Noticias y art\u00edculos sobre Counter-Strike 2. Colecciones de las mejores m\u00e1scaras de CS2 para los amantes de las m\u00e1scaras de Counter-Strike proporcionadas por expertos de Skin.Club y jugadores profesionales.\" \/>\n<meta property=\"og:url\" content=\"https:\/\/community.stage.jamson-sc.dev\/es\" \/>\n<meta property=\"og:site_name\" content=\"CS2 &amp; CS:GO Articles, News, Events | Skin.Club Community\" \/>\n<meta property=\"article:modified_time\" content=\"2025-09-22T14:08:49+00:00\" \/>\n<meta name=\"twitter:card\" content=\"summary_large_image\" \/>\n<script type=\"application\/ld+json\" class=\"yoast-schema-graph\">{\"@context\":\"https:\\\/\\\/schema.org\",\"@graph\":[{\"@type\":\"WebPage\",\"@id\":\"https:\\\/\\\/community.stage.jamson-sc.dev\\\/es\",\"url\":\"https:\\\/\\\/community.stage.jamson-sc.dev\\\/es\",\"name\":\"Art\u00edculos, noticias y eventos de CS2 y CS:GO | Comunidad Skin.Club\",\"isPartOf\":{\"@id\":\"https:\\\/\\\/community.stage.jamson-sc.dev\\\/es#website\"},\"datePublished\":\"2025-08-31T12:13:54+00:00\",\"dateModified\":\"2025-09-22T14:08:49+00:00\",\"description\":\"Noticias y art\u00edculos sobre Counter-Strike 2. Colecciones de las mejores m\u00e1scaras de CS2 para los amantes de las m\u00e1scaras de Counter-Strike proporcionadas por expertos de Skin.Club y jugadores profesionales.\",\"breadcrumb\":{\"@id\":\"https:\\\/\\\/community.stage.jamson-sc.dev\\\/es#breadcrumb\"},\"inLanguage\":\"es\",\"potentialAction\":[{\"@type\":\"ReadAction\",\"target\":[\"https:\\\/\\\/community.stage.jamson-sc.dev\\\/es\"]}]},{\"@type\":\"BreadcrumbList\",\"@id\":\"https:\\\/\\\/community.stage.jamson-sc.dev\\\/es#breadcrumb\",\"itemListElement\":[{\"@type\":\"ListItem\",\"position\":1,\"name\":\"Community\",\"item\":\"https:\\\/\\\/community.stage.jamson-sc.dev\\\/es\\\/homepage\"},{\"@type\":\"ListItem\",\"position\":2,\"name\":\"Inicio\"}]},{\"@type\":\"WebSite\",\"@id\":\"https:\\\/\\\/community.stage.jamson-sc.dev\\\/es#website\",\"url\":\"https:\\\/\\\/community.stage.jamson-sc.dev\\\/es\",\"name\":\"CS:GO - Events, news, recommendations\",\"description\":\"CS:GO\",\"publisher\":{\"@id\":\"https:\\\/\\\/community.stage.jamson-sc.dev\\\/es#organization\"},\"alternateName\":\"CS:GO - news\",\"potentialAction\":[{\"@type\":\"SearchAction\",\"target\":{\"@type\":\"EntryPoint\",\"urlTemplate\":\"https:\\\/\\\/community.stage.jamson-sc.dev\\\/es?s={search_term_string}\"},\"query-input\":{\"@type\":\"PropertyValueSpecification\",\"valueRequired\":true,\"valueName\":\"search_term_string\"}}],\"inLanguage\":\"es\"},{\"@type\":\"Organization\",\"@id\":\"https:\\\/\\\/community.stage.jamson-sc.dev\\\/es#organization\",\"name\":\"SkinClub\",\"url\":\"https:\\\/\\\/community.stage.jamson-sc.dev\\\/es\",\"logo\":{\"@type\":\"ImageObject\",\"inLanguage\":\"es\",\"@id\":\"https:\\\/\\\/community.stage.jamson-sc.dev\\\/es#\\\/schema\\\/logo\\\/image\\\/\",\"url\":\"\",\"contentUrl\":\"\",\"caption\":\"SkinClub\"},\"image\":{\"@id\":\"https:\\\/\\\/community.stage.jamson-sc.dev\\\/es#\\\/schema\\\/logo\\\/image\\\/\"}}]}<\/script>\n<!-- \/ Yoast SEO plugin. -->","yoast_head_json":{"title":"Art\u00edculos, noticias y eventos de CS2 y CS:GO | Comunidad Skin.Club","description":"Noticias y art\u00edculos sobre Counter-Strike 2. Colecciones de las mejores m\u00e1scaras de CS2 para los amantes de las m\u00e1scaras de Counter-Strike proporcionadas por expertos de Skin.Club y jugadores profesionales.","robots":{"index":"noindex","follow":"follow","max-snippet":"max-snippet:-1","max-image-preview":"max-image-preview:large","max-video-preview":"max-video-preview:-1"},"og_locale":"es_ES","og_type":"article","og_title":"Art\u00edculos, noticias y eventos de CS2 y CS:GO | Comunidad Skin.Club","og_description":"Noticias y art\u00edculos sobre Counter-Strike 2. Colecciones de las mejores m\u00e1scaras de CS2 para los amantes de las m\u00e1scaras de Counter-Strike proporcionadas por expertos de Skin.Club y jugadores profesionales.","og_url":"https:\/\/community.stage.jamson-sc.dev\/es","og_site_name":"CS2 &amp; CS:GO Articles, News, Events | Skin.Club Community","article_modified_time":"2025-09-22T14:08:49+00:00","twitter_card":"summary_large_image","schema":{"@context":"https:\/\/schema.org","@graph":[{"@type":"WebPage","@id":"https:\/\/community.stage.jamson-sc.dev\/es","url":"https:\/\/community.stage.jamson-sc.dev\/es","name":"Art\u00edculos, noticias y eventos de CS2 y CS:GO | Comunidad Skin.Club","isPartOf":{"@id":"https:\/\/community.stage.jamson-sc.dev\/es#website"},"datePublished":"2025-08-31T12:13:54+00:00","dateModified":"2025-09-22T14:08:49+00:00","description":"Noticias y art\u00edculos sobre Counter-Strike 2. Colecciones de las mejores m\u00e1scaras de CS2 para los amantes de las m\u00e1scaras de Counter-Strike proporcionadas por expertos de Skin.Club y jugadores profesionales.","breadcrumb":{"@id":"https:\/\/community.stage.jamson-sc.dev\/es#breadcrumb"},"inLanguage":"es","potentialAction":[{"@type":"ReadAction","target":["https:\/\/community.stage.jamson-sc.dev\/es"]}]},{"@type":"BreadcrumbList","@id":"https:\/\/community.stage.jamson-sc.dev\/es#breadcrumb","itemListElement":[{"@type":"ListItem","position":1,"name":"Community","item":"https:\/\/community.stage.jamson-sc.dev\/es\/homepage"},{"@type":"ListItem","position":2,"name":"Inicio"}]},{"@type":"WebSite","@id":"https:\/\/community.stage.jamson-sc.dev\/es#website","url":"https:\/\/community.stage.jamson-sc.dev\/es","name":"CS:GO - Events, news, recommendations","description":"CS:GO","publisher":{"@id":"https:\/\/community.stage.jamson-sc.dev\/es#organization"},"alternateName":"CS:GO - news","potentialAction":[{"@type":"SearchAction","target":{"@type":"EntryPoint","urlTemplate":"https:\/\/community.stage.jamson-sc.dev\/es?s={search_term_string}"},"query-input":{"@type":"PropertyValueSpecification","valueRequired":true,"valueName":"search_term_string"}}],"inLanguage":"es"},{"@type":"Organization","@id":"https:\/\/community.stage.jamson-sc.dev\/es#organization","name":"SkinClub","url":"https:\/\/community.stage.jamson-sc.dev\/es","logo":{"@type":"ImageObject","inLanguage":"es","@id":"https:\/\/community.stage.jamson-sc.dev\/es#\/schema\/logo\/image\/","url":"","contentUrl":"","caption":"SkinClub"},"image":{"@id":"https:\/\/community.stage.jamson-sc.dev\/es#\/schema\/logo\/image\/"}}]}},"_links":{"self":[{"href":"https:\/\/community.stage.jamson-sc.dev\/es\/wp-json\/wp\/v2\/pages\/91207","targetHints":{"allow":["GET"]}}],"collection":[{"href":"https:\/\/community.stage.jamson-sc.dev\/es\/wp-json\/wp\/v2\/pages"}],"about":[{"href":"https:\/\/community.stage.jamson-sc.dev\/es\/wp-json\/wp\/v2\/types\/page"}],"author":[{"embeddable":true,"href":"https:\/\/community.stage.jamson-sc.dev\/es\/wp-json\/wp\/v2\/users\/4"}],"replies":[{"embeddable":true,"href":"https:\/\/community.stage.jamson-sc.dev\/es\/wp-json\/wp\/v2\/comments?post=91207"}],"version-history":[{"count":1,"href":"https:\/\/community.stage.jamson-sc.dev\/es\/wp-json\/wp\/v2\/pages\/91207\/revisions"}],"predecessor-version":[{"id":91357,"href":"https:\/\/community.stage.jamson-sc.dev\/es\/wp-json\/wp\/v2\/pages\/91207\/revisions\/91357"}],"wp:attachment":[{"href":"https:\/\/community.stage.jamson-sc.dev\/es\/wp-json\/wp\/v2\/media?parent=91207"}],"curies":[{"name":"wp","href":"https:\/\/api.w.org\/{rel}","templated":true}]}}