{"id":7299,"date":"2022-06-28T10:08:43","date_gmt":"2022-06-28T10:08:43","guid":{"rendered":"https:\/\/skin.club\/community\/assistance\/"},"modified":"2024-09-11T15:23:24","modified_gmt":"2024-09-11T15:23:24","slug":"soutien","status":"publish","type":"page","link":"https:\/\/community.stage.jamson-sc.dev\/fr\/soutien","title":{"rendered":"Support"},"content":{"rendered":"<h2>Comment contacter le support<\/h2>\n<p><strong>Dans notre communaut\u00e9, nous avons un service client tr\u00e8s utile. Il est extr\u00eamement important dans le monde num\u00e9rique. Notre d\u00e9partement d\u2019assistance fonctionne 24h\/24 et 7j\/7, tous les jours. Il est imp\u00e9ratif de r\u00e9pondre rapidement \u00e0 vos questions.   <\/strong><\/p>\n<p>Si vous souhaitez l\u2019utiliser, suivez quelques conseils simples qui am\u00e9lioreront l\u2019efficacit\u00e9 de notre service.<\/p>\n<ol>\n<li><b>Important.<\/b> Plus vous nous fournissez d\u2019informations utiles, plus il est facile de r\u00e9soudre votre probl\u00e8me.<\/li>\n<li><b>Ne jamais.<\/b> Ne dupliquez pas vos demandes. Si nous ne vous r\u00e9pondons pas imm\u00e9diatement, veuillez patienter. Ne nous r\u00e9\u00e9crivez pas pour poser la m\u00eame question. Attendez une r\u00e9ponse.   <\/li>\n<li><b>Rappelez-vous.<\/b> Nous avons des conditions d\u2019utilisation de notre service <a class=\"article-list-blue__underline\" href=\"https:\/\/skin.club\/en\/tos\" target=\"_blank\" rel=\"noopener\">https:\/\/skin.club\/en\/tos<\/a> et si vous les enfreignez, nous ne pourrons malheureusement pas vous aider. <\/li>\n<\/ol>\n<h2>Vous avez deux fa\u00e7ons de contacter notre support<\/h2>\n<ol>\n<li>Ouvrez votre service de messagerie et contactez-nous \u00e0 <a class=\"red-link\" href=\"maito:help@skin.club\">help@skin.club<\/a><\/li>\n<li>Ouvrez SKIN.CLUB et connectez-vous avec votre compte Steam. Ensuite, vous verrez sur le c\u00f4t\u00e9 droit de notre site un formulaire de contact sp\u00e9cial. C\u2019est un formulaire de support.  <\/li>\n<\/ol>\n<p><img loading=\"lazy\" decoding=\"async\" class=\"alignnone wp-image-89158\" src=\"https:\/\/front.stage.jamson-sc.dev\/community\/wp-content\/uploads\/2024\/09\/Event-BLAST-Premier-2024-1024x576.webp\" alt=\"\" width=\"1065\" height=\"599\"><\/p>\n<h2>Informations importantes<\/h2>\n<p>Vous ne pouvez contacter notre support que via le formulaire de support sur notre site SKIN.CLUB ou par email \u00e0 help@skin.club. N\u2019utilisez jamais : Steam, Discord, FB, etc. en message priv\u00e9. Seul notre formulaire de support est fiable et adapt\u00e9.   <\/p>\n<p>Un grand nombre de personnes envoient des messages priv\u00e9s \u00e0 des contributeurs\/cr\u00e9ateurs de contenu\/autres b\u00e9n\u00e9voles pour des probl\u00e8mes de support. Ne le faites pas, s\u2019il vous pla\u00eet. Les b\u00e9n\u00e9voles de SkinClub ne sont pas nos employ\u00e9s. Ils ne peuvent pas vous aider avec les tickets de support et les rapports.   <\/p>\n","protected":false},"excerpt":{"rendered":"<p>Comment contacter le support Dans notre communaut\u00e9, nous avons un service client tr\u00e8s utile. Il est extr\u00eamement important dans le monde num\u00e9rique. Notre d\u00e9partement d\u2019assistance fonctionne 24h\/24 et 7j\/7, tous les jours. Il est imp\u00e9ratif de r\u00e9pondre rapidement \u00e0 vos questions. Si vous souhaitez l\u2019utiliser, suivez quelques conseils simples qui am\u00e9lioreront l\u2019efficacit\u00e9 de notre service. [&hellip;]<\/p>\n","protected":false},"author":5,"featured_media":0,"parent":0,"menu_order":0,"comment_status":"closed","ping_status":"closed","template":"","meta":{"_acf_changed":false,"footnotes":""},"class_list":["post-7299","page","type-page","status-publish","hentry"],"acf":[],"yoast_head":"<!-- This site is optimized with the Yoast SEO plugin v27.4 - https:\/\/yoast.com\/product\/yoast-seo-wordpress\/ -->\n<title>Support - CS2 &amp; CS:GO Articles, News, Events | Skin.Club Community<\/title>\n<meta name=\"robots\" content=\"noindex, follow, max-snippet:-1, max-image-preview:large, max-video-preview:-1\" \/>\n<meta property=\"og:locale\" content=\"fr_FR\" \/>\n<meta property=\"og:type\" content=\"article\" \/>\n<meta property=\"og:title\" content=\"Support - CS2 &amp; CS:GO Articles, News, Events | Skin.Club Community\" \/>\n<meta property=\"og:description\" content=\"Comment contacter le support Dans notre communaut\u00e9, nous avons un service client tr\u00e8s utile. Il est extr\u00eamement important dans le monde num\u00e9rique. Notre d\u00e9partement d\u2019assistance fonctionne 24h\/24 et 7j\/7, tous les jours. Il est imp\u00e9ratif de r\u00e9pondre rapidement \u00e0 vos questions. Si vous souhaitez l\u2019utiliser, suivez quelques conseils simples qui am\u00e9lioreront l\u2019efficacit\u00e9 de notre service. [&hellip;]\" \/>\n<meta property=\"og:url\" content=\"https:\/\/community.stage.jamson-sc.dev\/fr\/soutien\" \/>\n<meta property=\"og:site_name\" content=\"CS2 &amp; CS:GO Articles, News, Events | Skin.Club Community\" \/>\n<meta property=\"article:modified_time\" content=\"2024-09-11T15:23:24+00:00\" \/>\n<meta name=\"twitter:card\" content=\"summary_large_image\" \/>\n<meta name=\"twitter:label1\" content=\"Dur\u00e9e de lecture estim\u00e9e\" \/>\n\t<meta name=\"twitter:data1\" content=\"1 minute\" \/>\n<script type=\"application\/ld+json\" class=\"yoast-schema-graph\">{\"@context\":\"https:\\\/\\\/schema.org\",\"@graph\":[{\"@type\":\"WebPage\",\"@id\":\"https:\\\/\\\/community.stage.jamson-sc.dev\\\/fr\\\/soutien\",\"url\":\"https:\\\/\\\/community.stage.jamson-sc.dev\\\/fr\\\/soutien\",\"name\":\"Support - CS2 &amp; CS:GO Articles, News, Events | Skin.Club Community\",\"isPartOf\":{\"@id\":\"https:\\\/\\\/community.stage.jamson-sc.dev\\\/fr#website\"},\"primaryImageOfPage\":{\"@id\":\"https:\\\/\\\/community.stage.jamson-sc.dev\\\/fr\\\/soutien#primaryimage\"},\"image\":{\"@id\":\"https:\\\/\\\/community.stage.jamson-sc.dev\\\/fr\\\/soutien#primaryimage\"},\"thumbnailUrl\":\"https:\\\/\\\/front.stage.jamson-sc.dev\\\/community\\\/wp-content\\\/uploads\\\/2024\\\/09\\\/Event-BLAST-Premier-2024-1024x576.webp\",\"datePublished\":\"2022-06-28T10:08:43+00:00\",\"dateModified\":\"2024-09-11T15:23:24+00:00\",\"breadcrumb\":{\"@id\":\"https:\\\/\\\/community.stage.jamson-sc.dev\\\/fr\\\/soutien#breadcrumb\"},\"inLanguage\":\"fr-FR\",\"potentialAction\":[{\"@type\":\"ReadAction\",\"target\":[\"https:\\\/\\\/community.stage.jamson-sc.dev\\\/fr\\\/soutien\"]}]},{\"@type\":\"ImageObject\",\"inLanguage\":\"fr-FR\",\"@id\":\"https:\\\/\\\/community.stage.jamson-sc.dev\\\/fr\\\/soutien#primaryimage\",\"url\":\"https:\\\/\\\/front.stage.jamson-sc.dev\\\/community\\\/wp-content\\\/uploads\\\/2024\\\/09\\\/Event-BLAST-Premier-2024-1024x576.webp\",\"contentUrl\":\"https:\\\/\\\/front.stage.jamson-sc.dev\\\/community\\\/wp-content\\\/uploads\\\/2024\\\/09\\\/Event-BLAST-Premier-2024-1024x576.webp\"},{\"@type\":\"BreadcrumbList\",\"@id\":\"https:\\\/\\\/community.stage.jamson-sc.dev\\\/fr\\\/soutien#breadcrumb\",\"itemListElement\":[{\"@type\":\"ListItem\",\"position\":1,\"name\":\"Community\",\"item\":\"https:\\\/\\\/community.stage.jamson-sc.dev\\\/fr\\\/homepage\"},{\"@type\":\"ListItem\",\"position\":2,\"name\":\"Support\"}]},{\"@type\":\"WebSite\",\"@id\":\"https:\\\/\\\/community.stage.jamson-sc.dev\\\/fr#website\",\"url\":\"https:\\\/\\\/community.stage.jamson-sc.dev\\\/fr\",\"name\":\"CS:GO - Events, news, recommendations\",\"description\":\"CS:GO\",\"publisher\":{\"@id\":\"https:\\\/\\\/community.stage.jamson-sc.dev\\\/fr#organization\"},\"alternateName\":\"CS:GO - news\",\"potentialAction\":[{\"@type\":\"SearchAction\",\"target\":{\"@type\":\"EntryPoint\",\"urlTemplate\":\"https:\\\/\\\/community.stage.jamson-sc.dev\\\/fr?s={search_term_string}\"},\"query-input\":{\"@type\":\"PropertyValueSpecification\",\"valueRequired\":true,\"valueName\":\"search_term_string\"}}],\"inLanguage\":\"fr-FR\"},{\"@type\":\"Organization\",\"@id\":\"https:\\\/\\\/community.stage.jamson-sc.dev\\\/fr#organization\",\"name\":\"SkinClub\",\"url\":\"https:\\\/\\\/community.stage.jamson-sc.dev\\\/fr\",\"logo\":{\"@type\":\"ImageObject\",\"inLanguage\":\"fr-FR\",\"@id\":\"https:\\\/\\\/community.stage.jamson-sc.dev\\\/fr#\\\/schema\\\/logo\\\/image\\\/\",\"url\":\"\",\"contentUrl\":\"\",\"caption\":\"SkinClub\"},\"image\":{\"@id\":\"https:\\\/\\\/community.stage.jamson-sc.dev\\\/fr#\\\/schema\\\/logo\\\/image\\\/\"}}]}<\/script>\n<!-- \/ Yoast SEO plugin. -->","yoast_head_json":{"title":"Support - CS2 &amp; CS:GO Articles, News, Events | Skin.Club Community","robots":{"index":"noindex","follow":"follow","max-snippet":"max-snippet:-1","max-image-preview":"max-image-preview:large","max-video-preview":"max-video-preview:-1"},"og_locale":"fr_FR","og_type":"article","og_title":"Support - CS2 &amp; CS:GO Articles, News, Events | Skin.Club Community","og_description":"Comment contacter le support Dans notre communaut\u00e9, nous avons un service client tr\u00e8s utile. Il est extr\u00eamement important dans le monde num\u00e9rique. Notre d\u00e9partement d\u2019assistance fonctionne 24h\/24 et 7j\/7, tous les jours. Il est imp\u00e9ratif de r\u00e9pondre rapidement \u00e0 vos questions. Si vous souhaitez l\u2019utiliser, suivez quelques conseils simples qui am\u00e9lioreront l\u2019efficacit\u00e9 de notre service. [&hellip;]","og_url":"https:\/\/community.stage.jamson-sc.dev\/fr\/soutien","og_site_name":"CS2 &amp; CS:GO Articles, News, Events | Skin.Club Community","article_modified_time":"2024-09-11T15:23:24+00:00","twitter_card":"summary_large_image","twitter_misc":{"Dur\u00e9e de lecture estim\u00e9e":"1 minute"},"schema":{"@context":"https:\/\/schema.org","@graph":[{"@type":"WebPage","@id":"https:\/\/community.stage.jamson-sc.dev\/fr\/soutien","url":"https:\/\/community.stage.jamson-sc.dev\/fr\/soutien","name":"Support - CS2 &amp; CS:GO Articles, News, Events | Skin.Club Community","isPartOf":{"@id":"https:\/\/community.stage.jamson-sc.dev\/fr#website"},"primaryImageOfPage":{"@id":"https:\/\/community.stage.jamson-sc.dev\/fr\/soutien#primaryimage"},"image":{"@id":"https:\/\/community.stage.jamson-sc.dev\/fr\/soutien#primaryimage"},"thumbnailUrl":"https:\/\/front.stage.jamson-sc.dev\/community\/wp-content\/uploads\/2024\/09\/Event-BLAST-Premier-2024-1024x576.webp","datePublished":"2022-06-28T10:08:43+00:00","dateModified":"2024-09-11T15:23:24+00:00","breadcrumb":{"@id":"https:\/\/community.stage.jamson-sc.dev\/fr\/soutien#breadcrumb"},"inLanguage":"fr-FR","potentialAction":[{"@type":"ReadAction","target":["https:\/\/community.stage.jamson-sc.dev\/fr\/soutien"]}]},{"@type":"ImageObject","inLanguage":"fr-FR","@id":"https:\/\/community.stage.jamson-sc.dev\/fr\/soutien#primaryimage","url":"https:\/\/front.stage.jamson-sc.dev\/community\/wp-content\/uploads\/2024\/09\/Event-BLAST-Premier-2024-1024x576.webp","contentUrl":"https:\/\/front.stage.jamson-sc.dev\/community\/wp-content\/uploads\/2024\/09\/Event-BLAST-Premier-2024-1024x576.webp"},{"@type":"BreadcrumbList","@id":"https:\/\/community.stage.jamson-sc.dev\/fr\/soutien#breadcrumb","itemListElement":[{"@type":"ListItem","position":1,"name":"Community","item":"https:\/\/community.stage.jamson-sc.dev\/fr\/homepage"},{"@type":"ListItem","position":2,"name":"Support"}]},{"@type":"WebSite","@id":"https:\/\/community.stage.jamson-sc.dev\/fr#website","url":"https:\/\/community.stage.jamson-sc.dev\/fr","name":"CS:GO - Events, news, recommendations","description":"CS:GO","publisher":{"@id":"https:\/\/community.stage.jamson-sc.dev\/fr#organization"},"alternateName":"CS:GO - news","potentialAction":[{"@type":"SearchAction","target":{"@type":"EntryPoint","urlTemplate":"https:\/\/community.stage.jamson-sc.dev\/fr?s={search_term_string}"},"query-input":{"@type":"PropertyValueSpecification","valueRequired":true,"valueName":"search_term_string"}}],"inLanguage":"fr-FR"},{"@type":"Organization","@id":"https:\/\/community.stage.jamson-sc.dev\/fr#organization","name":"SkinClub","url":"https:\/\/community.stage.jamson-sc.dev\/fr","logo":{"@type":"ImageObject","inLanguage":"fr-FR","@id":"https:\/\/community.stage.jamson-sc.dev\/fr#\/schema\/logo\/image\/","url":"","contentUrl":"","caption":"SkinClub"},"image":{"@id":"https:\/\/community.stage.jamson-sc.dev\/fr#\/schema\/logo\/image\/"}}]}},"_links":{"self":[{"href":"https:\/\/community.stage.jamson-sc.dev\/fr\/wp-json\/wp\/v2\/pages\/7299","targetHints":{"allow":["GET"]}}],"collection":[{"href":"https:\/\/community.stage.jamson-sc.dev\/fr\/wp-json\/wp\/v2\/pages"}],"about":[{"href":"https:\/\/community.stage.jamson-sc.dev\/fr\/wp-json\/wp\/v2\/types\/page"}],"author":[{"embeddable":true,"href":"https:\/\/community.stage.jamson-sc.dev\/fr\/wp-json\/wp\/v2\/users\/5"}],"replies":[{"embeddable":true,"href":"https:\/\/community.stage.jamson-sc.dev\/fr\/wp-json\/wp\/v2\/comments?post=7299"}],"version-history":[{"count":3,"href":"https:\/\/community.stage.jamson-sc.dev\/fr\/wp-json\/wp\/v2\/pages\/7299\/revisions"}],"predecessor-version":[{"id":89178,"href":"https:\/\/community.stage.jamson-sc.dev\/fr\/wp-json\/wp\/v2\/pages\/7299\/revisions\/89178"}],"wp:attachment":[{"href":"https:\/\/community.stage.jamson-sc.dev\/fr\/wp-json\/wp\/v2\/media?parent=7299"}],"curies":[{"name":"wp","href":"https:\/\/api.w.org\/{rel}","templated":true}]}}