{"id":91112,"date":"2025-08-31T12:13:54","date_gmt":"2025-08-31T12:13:54","guid":{"rendered":"https:\/\/community.stage.jamson-sc.dev\/homepage"},"modified":"2025-09-22T13:58:56","modified_gmt":"2025-09-22T13:58:56","slug":"homepage","status":"publish","type":"page","link":"https:\/\/community.stage.jamson-sc.dev\/fr","title":{"rendered":"Page d&rsquo;accueil"},"content":{"rendered":"","protected":false},"excerpt":{"rendered":"","protected":false},"author":4,"featured_media":0,"parent":0,"menu_order":0,"comment_status":"closed","ping_status":"closed","template":"","meta":{"_acf_changed":false,"footnotes":""},"class_list":["post-91112","page","type-page","status-publish","hentry"],"acf":[],"yoast_head":"<!-- This site is optimized with the Yoast SEO plugin v27.4 - https:\/\/yoast.com\/product\/yoast-seo-wordpress\/ -->\n<title>Articles, actualit\u00e9s et \u00e9v\u00e9nements CS2 et CS:GO | Communaut\u00e9 Skin.Club<\/title>\n<meta name=\"description\" content=\"Actualit\u00e9s et articles sur Counter-Strike 2. Collections des meilleurs skins CS2 pour les amateurs de skin Counter-Strike fournies par les experts Skin.Club et les joueurs professionnels.\" \/>\n<meta name=\"robots\" content=\"noindex, follow, max-snippet:-1, max-image-preview:large, max-video-preview:-1\" \/>\n<meta property=\"og:locale\" content=\"fr_FR\" \/>\n<meta property=\"og:type\" content=\"article\" \/>\n<meta property=\"og:title\" content=\"Articles, actualit\u00e9s et \u00e9v\u00e9nements CS2 et CS:GO | Communaut\u00e9 Skin.Club\" \/>\n<meta property=\"og:description\" content=\"Actualit\u00e9s et articles sur Counter-Strike 2. Collections des meilleurs skins CS2 pour les amateurs de skin Counter-Strike fournies par les experts Skin.Club et les joueurs professionnels.\" \/>\n<meta property=\"og:url\" content=\"https:\/\/community.stage.jamson-sc.dev\/fr\" \/>\n<meta property=\"og:site_name\" content=\"CS2 &amp; CS:GO Articles, News, Events | Skin.Club Community\" \/>\n<meta property=\"article:modified_time\" content=\"2025-09-22T13:58:56+00:00\" \/>\n<meta name=\"twitter:card\" content=\"summary_large_image\" \/>\n<script type=\"application\/ld+json\" class=\"yoast-schema-graph\">{\"@context\":\"https:\\\/\\\/schema.org\",\"@graph\":[{\"@type\":\"WebPage\",\"@id\":\"https:\\\/\\\/community.stage.jamson-sc.dev\\\/fr\",\"url\":\"https:\\\/\\\/community.stage.jamson-sc.dev\\\/fr\",\"name\":\"Articles, actualit\u00e9s et \u00e9v\u00e9nements CS2 et CS:GO | Communaut\u00e9 Skin.Club\",\"isPartOf\":{\"@id\":\"https:\\\/\\\/community.stage.jamson-sc.dev\\\/fr#website\"},\"datePublished\":\"2025-08-31T12:13:54+00:00\",\"dateModified\":\"2025-09-22T13:58:56+00:00\",\"description\":\"Actualit\u00e9s et articles sur Counter-Strike 2. Collections des meilleurs skins CS2 pour les amateurs de skin Counter-Strike fournies par les experts Skin.Club et les joueurs professionnels.\",\"breadcrumb\":{\"@id\":\"https:\\\/\\\/community.stage.jamson-sc.dev\\\/fr#breadcrumb\"},\"inLanguage\":\"fr-FR\",\"potentialAction\":[{\"@type\":\"ReadAction\",\"target\":[\"https:\\\/\\\/community.stage.jamson-sc.dev\\\/fr\"]}]},{\"@type\":\"BreadcrumbList\",\"@id\":\"https:\\\/\\\/community.stage.jamson-sc.dev\\\/fr#breadcrumb\",\"itemListElement\":[{\"@type\":\"ListItem\",\"position\":1,\"name\":\"Community\",\"item\":\"https:\\\/\\\/community.stage.jamson-sc.dev\\\/fr\\\/homepage\"},{\"@type\":\"ListItem\",\"position\":2,\"name\":\"Page d&rsquo;accueil\"}]},{\"@type\":\"WebSite\",\"@id\":\"https:\\\/\\\/community.stage.jamson-sc.dev\\\/fr#website\",\"url\":\"https:\\\/\\\/community.stage.jamson-sc.dev\\\/fr\",\"name\":\"CS:GO - Events, news, recommendations\",\"description\":\"CS:GO\",\"publisher\":{\"@id\":\"https:\\\/\\\/community.stage.jamson-sc.dev\\\/fr#organization\"},\"alternateName\":\"CS:GO - news\",\"potentialAction\":[{\"@type\":\"SearchAction\",\"target\":{\"@type\":\"EntryPoint\",\"urlTemplate\":\"https:\\\/\\\/community.stage.jamson-sc.dev\\\/fr?s={search_term_string}\"},\"query-input\":{\"@type\":\"PropertyValueSpecification\",\"valueRequired\":true,\"valueName\":\"search_term_string\"}}],\"inLanguage\":\"fr-FR\"},{\"@type\":\"Organization\",\"@id\":\"https:\\\/\\\/community.stage.jamson-sc.dev\\\/fr#organization\",\"name\":\"SkinClub\",\"url\":\"https:\\\/\\\/community.stage.jamson-sc.dev\\\/fr\",\"logo\":{\"@type\":\"ImageObject\",\"inLanguage\":\"fr-FR\",\"@id\":\"https:\\\/\\\/community.stage.jamson-sc.dev\\\/fr#\\\/schema\\\/logo\\\/image\\\/\",\"url\":\"\",\"contentUrl\":\"\",\"caption\":\"SkinClub\"},\"image\":{\"@id\":\"https:\\\/\\\/community.stage.jamson-sc.dev\\\/fr#\\\/schema\\\/logo\\\/image\\\/\"}}]}<\/script>\n<!-- \/ Yoast SEO plugin. -->","yoast_head_json":{"title":"Articles, actualit\u00e9s et \u00e9v\u00e9nements CS2 et CS:GO | Communaut\u00e9 Skin.Club","description":"Actualit\u00e9s et articles sur Counter-Strike 2. Collections des meilleurs skins CS2 pour les amateurs de skin Counter-Strike fournies par les experts Skin.Club et les joueurs professionnels.","robots":{"index":"noindex","follow":"follow","max-snippet":"max-snippet:-1","max-image-preview":"max-image-preview:large","max-video-preview":"max-video-preview:-1"},"og_locale":"fr_FR","og_type":"article","og_title":"Articles, actualit\u00e9s et \u00e9v\u00e9nements CS2 et CS:GO | Communaut\u00e9 Skin.Club","og_description":"Actualit\u00e9s et articles sur Counter-Strike 2. Collections des meilleurs skins CS2 pour les amateurs de skin Counter-Strike fournies par les experts Skin.Club et les joueurs professionnels.","og_url":"https:\/\/community.stage.jamson-sc.dev\/fr","og_site_name":"CS2 &amp; CS:GO Articles, News, Events | Skin.Club Community","article_modified_time":"2025-09-22T13:58:56+00:00","twitter_card":"summary_large_image","schema":{"@context":"https:\/\/schema.org","@graph":[{"@type":"WebPage","@id":"https:\/\/community.stage.jamson-sc.dev\/fr","url":"https:\/\/community.stage.jamson-sc.dev\/fr","name":"Articles, actualit\u00e9s et \u00e9v\u00e9nements CS2 et CS:GO | Communaut\u00e9 Skin.Club","isPartOf":{"@id":"https:\/\/community.stage.jamson-sc.dev\/fr#website"},"datePublished":"2025-08-31T12:13:54+00:00","dateModified":"2025-09-22T13:58:56+00:00","description":"Actualit\u00e9s et articles sur Counter-Strike 2. Collections des meilleurs skins CS2 pour les amateurs de skin Counter-Strike fournies par les experts Skin.Club et les joueurs professionnels.","breadcrumb":{"@id":"https:\/\/community.stage.jamson-sc.dev\/fr#breadcrumb"},"inLanguage":"fr-FR","potentialAction":[{"@type":"ReadAction","target":["https:\/\/community.stage.jamson-sc.dev\/fr"]}]},{"@type":"BreadcrumbList","@id":"https:\/\/community.stage.jamson-sc.dev\/fr#breadcrumb","itemListElement":[{"@type":"ListItem","position":1,"name":"Community","item":"https:\/\/community.stage.jamson-sc.dev\/fr\/homepage"},{"@type":"ListItem","position":2,"name":"Page d&rsquo;accueil"}]},{"@type":"WebSite","@id":"https:\/\/community.stage.jamson-sc.dev\/fr#website","url":"https:\/\/community.stage.jamson-sc.dev\/fr","name":"CS:GO - Events, news, recommendations","description":"CS:GO","publisher":{"@id":"https:\/\/community.stage.jamson-sc.dev\/fr#organization"},"alternateName":"CS:GO - news","potentialAction":[{"@type":"SearchAction","target":{"@type":"EntryPoint","urlTemplate":"https:\/\/community.stage.jamson-sc.dev\/fr?s={search_term_string}"},"query-input":{"@type":"PropertyValueSpecification","valueRequired":true,"valueName":"search_term_string"}}],"inLanguage":"fr-FR"},{"@type":"Organization","@id":"https:\/\/community.stage.jamson-sc.dev\/fr#organization","name":"SkinClub","url":"https:\/\/community.stage.jamson-sc.dev\/fr","logo":{"@type":"ImageObject","inLanguage":"fr-FR","@id":"https:\/\/community.stage.jamson-sc.dev\/fr#\/schema\/logo\/image\/","url":"","contentUrl":"","caption":"SkinClub"},"image":{"@id":"https:\/\/community.stage.jamson-sc.dev\/fr#\/schema\/logo\/image\/"}}]}},"_links":{"self":[{"href":"https:\/\/community.stage.jamson-sc.dev\/fr\/wp-json\/wp\/v2\/pages\/91112","targetHints":{"allow":["GET"]}}],"collection":[{"href":"https:\/\/community.stage.jamson-sc.dev\/fr\/wp-json\/wp\/v2\/pages"}],"about":[{"href":"https:\/\/community.stage.jamson-sc.dev\/fr\/wp-json\/wp\/v2\/types\/page"}],"author":[{"embeddable":true,"href":"https:\/\/community.stage.jamson-sc.dev\/fr\/wp-json\/wp\/v2\/users\/4"}],"replies":[{"embeddable":true,"href":"https:\/\/community.stage.jamson-sc.dev\/fr\/wp-json\/wp\/v2\/comments?post=91112"}],"version-history":[{"count":1,"href":"https:\/\/community.stage.jamson-sc.dev\/fr\/wp-json\/wp\/v2\/pages\/91112\/revisions"}],"predecessor-version":[{"id":91113,"href":"https:\/\/community.stage.jamson-sc.dev\/fr\/wp-json\/wp\/v2\/pages\/91112\/revisions\/91113"}],"wp:attachment":[{"href":"https:\/\/community.stage.jamson-sc.dev\/fr\/wp-json\/wp\/v2\/media?parent=91112"}],"curies":[{"name":"wp","href":"https:\/\/api.w.org\/{rel}","templated":true}]}}