{"id":7301,"date":"2022-06-28T10:08:43","date_gmt":"2022-06-28T10:08:43","guid":{"rendered":"https:\/\/skin.club\/community\/supporto\/"},"modified":"2024-09-11T15:34:17","modified_gmt":"2024-09-11T15:34:17","slug":"supporto","status":"publish","type":"page","link":"https:\/\/community.stage.jamson-sc.dev\/it\/supporto","title":{"rendered":"Supporto"},"content":{"rendered":"<h2>Come contattare il supporto<\/h2>\n<p><strong>Nella nostra community, abbiamo un servizio clienti utile. \u00c8 molto rilevante nel mondo digitale. Il nostro Dipartimento di Assistenza lavora 24 ore su 24, 7 giorni su 7, ogni giorno. \u00c8 essenziale rispondere rapidamente alle tue domande.   <\/strong><\/p>\n<p>Se desideri utilizzarlo, ti preghiamo di seguire alcuni semplici consigli che aumenteranno l\u2019efficacia del suo funzionamento.<\/p>\n<ol>\n<li><b>Importante.<\/b> Pi\u00f9 informazioni utili ci fornisci, pi\u00f9 facile sar\u00e0 risolvere il tuo problema.<\/li>\n<li><b>Mai.<\/b> Non duplicare le tue richieste. Se non ti rispondiamo immediatamente, aspetta per favore. Non riscriverci con la stessa domanda. Aspetta una risposta.   <\/li>\n<li><b>Ricorda.<\/b> Abbiamo dei termini di utilizzo del nostro servizio <a class=\"article-list-blue__underline\" href=\"https:\/\/skin.club\/en\/tos\" target=\"_blank\" rel=\"noopener\">https:\/\/skin.club\/en\/tos<\/a> e se li violi, purtroppo non possiamo aiutarti. <\/li>\n<\/ol>\n<h2>Hai due modi per contattare il nostro supporto<\/h2>\n<ol>\n<li>Apri il tuo servizio email e contattaci a <a class=\"red-link\" href=\"maito:help@skin.club\">help@skin.club<\/a><\/li>\n<li>Accedi a SKIN.CLUB e accedi con il tuo account Steam. Successivamente, vedrai sul lato destro del nostro sito un modulo di contatto speciale. \u00c8 un modulo di supporto.  <\/li>\n<\/ol>\n<p><img loading=\"lazy\" decoding=\"async\" class=\"alignnone wp-image-89158\" src=\"https:\/\/front.stage.jamson-sc.dev\/community\/wp-content\/uploads\/2024\/09\/Event-BLAST-Premier-2024-1024x576.webp\" alt=\"\" width=\"1065\" height=\"599\"><\/p>\n<h2>Informazioni importanti<\/h2>\n<p>Puoi contattare il nostro supporto solo tramite il Modulo di Supporto sul nostro sito SKIN.CLUB o via email a help@skin.club. Non utilizzare mai: Steam, Discord, FB, ecc. per messaggi privati. Solo il nostro Modulo di Supporto \u00e8 idoneo e affidabile.   <\/p>\n<p>Un gran numero di persone invia messaggi privati a Collaboratori\/Content Creator\/altri volontari per questioni di supporto. Per favore, non farlo. I volontari di SkinClub non sono nostri dipendenti. Non possono aiutarti con i ticket di supporto e le segnalazioni.   <\/p>\n","protected":false},"excerpt":{"rendered":"<p>Come contattare il supporto Nella nostra community, abbiamo un servizio clienti utile. \u00c8 molto rilevante nel mondo digitale. Il nostro Dipartimento di Assistenza lavora 24 ore su 24, 7 giorni su 7, ogni giorno. \u00c8 essenziale rispondere rapidamente alle tue domande. Se desideri utilizzarlo, ti preghiamo di seguire alcuni semplici consigli che aumenteranno l\u2019efficacia del [&hellip;]<\/p>\n","protected":false},"author":5,"featured_media":0,"parent":0,"menu_order":0,"comment_status":"closed","ping_status":"closed","template":"","meta":{"_acf_changed":false,"footnotes":""},"class_list":["post-7301","page","type-page","status-publish","hentry"],"acf":[],"yoast_head":"<!-- This site is optimized with the Yoast SEO plugin v27.4 - https:\/\/yoast.com\/product\/yoast-seo-wordpress\/ -->\n<title>Supporto - CS2 &amp; CS:GO Articles, News, Events | Skin.Club Community<\/title>\n<meta name=\"robots\" content=\"noindex, follow, max-snippet:-1, max-image-preview:large, max-video-preview:-1\" \/>\n<meta property=\"og:locale\" content=\"it_IT\" \/>\n<meta property=\"og:type\" content=\"article\" \/>\n<meta property=\"og:title\" content=\"Supporto - CS2 &amp; CS:GO Articles, News, Events | Skin.Club Community\" \/>\n<meta property=\"og:description\" content=\"Come contattare il supporto Nella nostra community, abbiamo un servizio clienti utile. \u00c8 molto rilevante nel mondo digitale. Il nostro Dipartimento di Assistenza lavora 24 ore su 24, 7 giorni su 7, ogni giorno. \u00c8 essenziale rispondere rapidamente alle tue domande. Se desideri utilizzarlo, ti preghiamo di seguire alcuni semplici consigli che aumenteranno l\u2019efficacia del [&hellip;]\" \/>\n<meta property=\"og:url\" content=\"https:\/\/community.stage.jamson-sc.dev\/it\/supporto\" \/>\n<meta property=\"og:site_name\" content=\"CS2 &amp; CS:GO Articles, News, Events | Skin.Club Community\" \/>\n<meta property=\"article:modified_time\" content=\"2024-09-11T15:34:17+00:00\" \/>\n<meta name=\"twitter:card\" content=\"summary_large_image\" \/>\n<meta name=\"twitter:label1\" content=\"Tempo di lettura stimato\" \/>\n\t<meta name=\"twitter:data1\" content=\"1 minuto\" \/>\n<script type=\"application\/ld+json\" class=\"yoast-schema-graph\">{\"@context\":\"https:\\\/\\\/schema.org\",\"@graph\":[{\"@type\":\"WebPage\",\"@id\":\"https:\\\/\\\/community.stage.jamson-sc.dev\\\/it\\\/supporto\",\"url\":\"https:\\\/\\\/community.stage.jamson-sc.dev\\\/it\\\/supporto\",\"name\":\"Supporto - CS2 &amp; CS:GO Articles, News, Events | Skin.Club Community\",\"isPartOf\":{\"@id\":\"https:\\\/\\\/community.stage.jamson-sc.dev\\\/it#website\"},\"primaryImageOfPage\":{\"@id\":\"https:\\\/\\\/community.stage.jamson-sc.dev\\\/it\\\/supporto#primaryimage\"},\"image\":{\"@id\":\"https:\\\/\\\/community.stage.jamson-sc.dev\\\/it\\\/supporto#primaryimage\"},\"thumbnailUrl\":\"https:\\\/\\\/front.stage.jamson-sc.dev\\\/community\\\/wp-content\\\/uploads\\\/2024\\\/09\\\/Event-BLAST-Premier-2024-1024x576.webp\",\"datePublished\":\"2022-06-28T10:08:43+00:00\",\"dateModified\":\"2024-09-11T15:34:17+00:00\",\"breadcrumb\":{\"@id\":\"https:\\\/\\\/community.stage.jamson-sc.dev\\\/it\\\/supporto#breadcrumb\"},\"inLanguage\":\"it-IT\",\"potentialAction\":[{\"@type\":\"ReadAction\",\"target\":[\"https:\\\/\\\/community.stage.jamson-sc.dev\\\/it\\\/supporto\"]}]},{\"@type\":\"ImageObject\",\"inLanguage\":\"it-IT\",\"@id\":\"https:\\\/\\\/community.stage.jamson-sc.dev\\\/it\\\/supporto#primaryimage\",\"url\":\"https:\\\/\\\/front.stage.jamson-sc.dev\\\/community\\\/wp-content\\\/uploads\\\/2024\\\/09\\\/Event-BLAST-Premier-2024-1024x576.webp\",\"contentUrl\":\"https:\\\/\\\/front.stage.jamson-sc.dev\\\/community\\\/wp-content\\\/uploads\\\/2024\\\/09\\\/Event-BLAST-Premier-2024-1024x576.webp\"},{\"@type\":\"BreadcrumbList\",\"@id\":\"https:\\\/\\\/community.stage.jamson-sc.dev\\\/it\\\/supporto#breadcrumb\",\"itemListElement\":[{\"@type\":\"ListItem\",\"position\":1,\"name\":\"Community\",\"item\":\"https:\\\/\\\/community.stage.jamson-sc.dev\\\/it\\\/homepage\"},{\"@type\":\"ListItem\",\"position\":2,\"name\":\"Supporto\"}]},{\"@type\":\"WebSite\",\"@id\":\"https:\\\/\\\/community.stage.jamson-sc.dev\\\/it#website\",\"url\":\"https:\\\/\\\/community.stage.jamson-sc.dev\\\/it\",\"name\":\"CS:GO - Events, news, recommendations\",\"description\":\"CS2 &amp; CS:GO Articles, News, Events | Skin.Club Community\",\"publisher\":{\"@id\":\"https:\\\/\\\/community.stage.jamson-sc.dev\\\/it#organization\"},\"alternateName\":\"CS:GO - news\",\"potentialAction\":[{\"@type\":\"SearchAction\",\"target\":{\"@type\":\"EntryPoint\",\"urlTemplate\":\"https:\\\/\\\/community.stage.jamson-sc.dev\\\/it?s={search_term_string}\"},\"query-input\":{\"@type\":\"PropertyValueSpecification\",\"valueRequired\":true,\"valueName\":\"search_term_string\"}}],\"inLanguage\":\"it-IT\"},{\"@type\":\"Organization\",\"@id\":\"https:\\\/\\\/community.stage.jamson-sc.dev\\\/it#organization\",\"name\":\"SkinClub\",\"url\":\"https:\\\/\\\/community.stage.jamson-sc.dev\\\/it\",\"logo\":{\"@type\":\"ImageObject\",\"inLanguage\":\"it-IT\",\"@id\":\"https:\\\/\\\/community.stage.jamson-sc.dev\\\/it#\\\/schema\\\/logo\\\/image\\\/\",\"url\":\"\",\"contentUrl\":\"\",\"caption\":\"SkinClub\"},\"image\":{\"@id\":\"https:\\\/\\\/community.stage.jamson-sc.dev\\\/it#\\\/schema\\\/logo\\\/image\\\/\"}}]}<\/script>\n<!-- \/ Yoast SEO plugin. -->","yoast_head_json":{"title":"Supporto - CS2 &amp; CS:GO Articles, News, Events | Skin.Club Community","robots":{"index":"noindex","follow":"follow","max-snippet":"max-snippet:-1","max-image-preview":"max-image-preview:large","max-video-preview":"max-video-preview:-1"},"og_locale":"it_IT","og_type":"article","og_title":"Supporto - CS2 &amp; CS:GO Articles, News, Events | Skin.Club Community","og_description":"Come contattare il supporto Nella nostra community, abbiamo un servizio clienti utile. \u00c8 molto rilevante nel mondo digitale. Il nostro Dipartimento di Assistenza lavora 24 ore su 24, 7 giorni su 7, ogni giorno. \u00c8 essenziale rispondere rapidamente alle tue domande. Se desideri utilizzarlo, ti preghiamo di seguire alcuni semplici consigli che aumenteranno l\u2019efficacia del [&hellip;]","og_url":"https:\/\/community.stage.jamson-sc.dev\/it\/supporto","og_site_name":"CS2 &amp; CS:GO Articles, News, Events | Skin.Club Community","article_modified_time":"2024-09-11T15:34:17+00:00","twitter_card":"summary_large_image","twitter_misc":{"Tempo di lettura stimato":"1 minuto"},"schema":{"@context":"https:\/\/schema.org","@graph":[{"@type":"WebPage","@id":"https:\/\/community.stage.jamson-sc.dev\/it\/supporto","url":"https:\/\/community.stage.jamson-sc.dev\/it\/supporto","name":"Supporto - CS2 &amp; CS:GO Articles, News, Events | Skin.Club Community","isPartOf":{"@id":"https:\/\/community.stage.jamson-sc.dev\/it#website"},"primaryImageOfPage":{"@id":"https:\/\/community.stage.jamson-sc.dev\/it\/supporto#primaryimage"},"image":{"@id":"https:\/\/community.stage.jamson-sc.dev\/it\/supporto#primaryimage"},"thumbnailUrl":"https:\/\/front.stage.jamson-sc.dev\/community\/wp-content\/uploads\/2024\/09\/Event-BLAST-Premier-2024-1024x576.webp","datePublished":"2022-06-28T10:08:43+00:00","dateModified":"2024-09-11T15:34:17+00:00","breadcrumb":{"@id":"https:\/\/community.stage.jamson-sc.dev\/it\/supporto#breadcrumb"},"inLanguage":"it-IT","potentialAction":[{"@type":"ReadAction","target":["https:\/\/community.stage.jamson-sc.dev\/it\/supporto"]}]},{"@type":"ImageObject","inLanguage":"it-IT","@id":"https:\/\/community.stage.jamson-sc.dev\/it\/supporto#primaryimage","url":"https:\/\/front.stage.jamson-sc.dev\/community\/wp-content\/uploads\/2024\/09\/Event-BLAST-Premier-2024-1024x576.webp","contentUrl":"https:\/\/front.stage.jamson-sc.dev\/community\/wp-content\/uploads\/2024\/09\/Event-BLAST-Premier-2024-1024x576.webp"},{"@type":"BreadcrumbList","@id":"https:\/\/community.stage.jamson-sc.dev\/it\/supporto#breadcrumb","itemListElement":[{"@type":"ListItem","position":1,"name":"Community","item":"https:\/\/community.stage.jamson-sc.dev\/it\/homepage"},{"@type":"ListItem","position":2,"name":"Supporto"}]},{"@type":"WebSite","@id":"https:\/\/community.stage.jamson-sc.dev\/it#website","url":"https:\/\/community.stage.jamson-sc.dev\/it","name":"CS:GO - Events, news, recommendations","description":"CS2 &amp; CS:GO Articles, News, Events | Skin.Club Community","publisher":{"@id":"https:\/\/community.stage.jamson-sc.dev\/it#organization"},"alternateName":"CS:GO - news","potentialAction":[{"@type":"SearchAction","target":{"@type":"EntryPoint","urlTemplate":"https:\/\/community.stage.jamson-sc.dev\/it?s={search_term_string}"},"query-input":{"@type":"PropertyValueSpecification","valueRequired":true,"valueName":"search_term_string"}}],"inLanguage":"it-IT"},{"@type":"Organization","@id":"https:\/\/community.stage.jamson-sc.dev\/it#organization","name":"SkinClub","url":"https:\/\/community.stage.jamson-sc.dev\/it","logo":{"@type":"ImageObject","inLanguage":"it-IT","@id":"https:\/\/community.stage.jamson-sc.dev\/it#\/schema\/logo\/image\/","url":"","contentUrl":"","caption":"SkinClub"},"image":{"@id":"https:\/\/community.stage.jamson-sc.dev\/it#\/schema\/logo\/image\/"}}]}},"_links":{"self":[{"href":"https:\/\/community.stage.jamson-sc.dev\/it\/wp-json\/wp\/v2\/pages\/7301","targetHints":{"allow":["GET"]}}],"collection":[{"href":"https:\/\/community.stage.jamson-sc.dev\/it\/wp-json\/wp\/v2\/pages"}],"about":[{"href":"https:\/\/community.stage.jamson-sc.dev\/it\/wp-json\/wp\/v2\/types\/page"}],"author":[{"embeddable":true,"href":"https:\/\/community.stage.jamson-sc.dev\/it\/wp-json\/wp\/v2\/users\/5"}],"replies":[{"embeddable":true,"href":"https:\/\/community.stage.jamson-sc.dev\/it\/wp-json\/wp\/v2\/comments?post=7301"}],"version-history":[{"count":2,"href":"https:\/\/community.stage.jamson-sc.dev\/it\/wp-json\/wp\/v2\/pages\/7301\/revisions"}],"predecessor-version":[{"id":89180,"href":"https:\/\/community.stage.jamson-sc.dev\/it\/wp-json\/wp\/v2\/pages\/7301\/revisions\/89180"}],"wp:attachment":[{"href":"https:\/\/community.stage.jamson-sc.dev\/it\/wp-json\/wp\/v2\/media?parent=7301"}],"curies":[{"name":"wp","href":"https:\/\/api.w.org\/{rel}","templated":true}]}}