{"id":7302,"date":"2022-06-28T10:08:43","date_gmt":"2022-06-28T10:08:43","guid":{"rendered":"https:\/\/skin.club\/community\/wsparcie\/"},"modified":"2024-09-11T17:36:12","modified_gmt":"2024-09-11T17:36:12","slug":"wsparcie","status":"publish","type":"page","link":"https:\/\/community.stage.jamson-sc.dev\/pl\/wsparcie","title":{"rendered":"Wsparcie"},"content":{"rendered":"<h2>Jak skontaktowa\u0107 si\u0119 z dzia\u0142em wsparcia<\/h2>\n<p><strong>W naszej spo\u0142eczno\u015bci mamy przydatn\u0105 obs\u0142ug\u0119 klienta. Jest ona bardzo istotna w \u015bwiecie cyfrowym. Nasz Dzia\u0142 Pomocy pracuje 24 godziny na dob\u0119, 7 dni w tygodniu. Wa\u017cne jest, aby szybko odpowiada\u0107 na Twoje pytania.   <\/strong><\/p>\n<p>Je\u015bli chcesz z niego skorzysta\u0107, prosimy o przestrzeganie kilku prostych wskaz\u00f3wek, kt\u00f3re zwi\u0119ksz\u0105 skuteczno\u015b\u0107 naszej pracy.<\/p>\n<ol>\n<li><b>Wa\u017cne.<\/b> Im wi\u0119cej przydatnych informacji nam podasz, tym \u0142atwiej b\u0119dzie rozwi\u0105za\u0107 Tw\u00f3j problem.<\/li>\n<li><b>Nigdy.<\/b> Prosz\u0119 nie duplikowa\u0107 swoich zg\u0142osze\u0144. Je\u015bli nie odpowiedzieli\u015bmy natychmiast, poczekaj. Nie pisz do nas ponownie z tym samym pytaniem. Poczekaj na odpowied\u017a.   <\/li>\n<li><b>Pami\u0119taj. <\/b>Mamy warunki korzystania z naszego serwisu <a class=\"article-list-blue__underline\" href=\"https:\/\/skin.club\/en\/tos\" target=\"_blank\" rel=\"noopener\">https:\/\/skin.club\/en\/tos<\/a> i je\u015bli je z\u0142amiesz, niestety nie b\u0119dziemy w stanie Ci pom\u00f3c. <\/li>\n<\/ol>\n<h2>Masz dwa sposoby, aby skontaktowa\u0107 si\u0119 z naszym dzia\u0142em wsparcia<\/h2>\n<ol>\n<li>Otw\u00f3rz swoj\u0105 us\u0142ug\u0119 e-mail i skontaktuj si\u0119 z nami pod adresem <a class=\"red-link\" href=\"maito:help@skin.club\">help@skin.club<\/a><\/li>\n<li>Otw\u00f3rz SKIN.CLUB i zaloguj si\u0119 przy u\u017cyciu swojego konta Steam. Po zalogowaniu zobaczysz po prawej stronie naszej strony specjalny formularz kontaktowy. Jest to formularz wsparcia.  <\/li>\n<\/ol>\n<p><img loading=\"lazy\" decoding=\"async\" class=\"alignnone wp-image-89158\" src=\"https:\/\/front.stage.jamson-sc.dev\/community\/wp-content\/uploads\/2024\/09\/Event-BLAST-Premier-2024-1024x576.webp\" alt=\"\" width=\"1065\" height=\"599\"><\/p>\n<h2>Wa\u017cne informacje<\/h2>\n<p>Mo\u017cesz skontaktowa\u0107 si\u0119 z naszym wsparciem wy\u0142\u0105cznie za po\u015brednictwem Formularza Wsparcia na naszej stronie SKIN.CLUB lub poprzez e-mail help@skin.club. Nigdy nie u\u017cywaj: Steam, Discord, FB itp. do wiadomo\u015bci prywatnych. Tylko nasz Formularz Wsparcia jest odpowiedni i godny zaufania.   <\/p>\n<p>Wiele os\u00f3b wysy\u0142a wiadomo\u015bci prywatne do Wsp\u00f3\u0142pracownik\u00f3w\/Tw\u00f3rc\u00f3w Tre\u015bci\/innych wolontariuszy w sprawach zwi\u0105zanych z wsparciem. Prosz\u0119, nie r\u00f3b tego. Wolontariusze SkinClub nie s\u0105 naszymi pracownikami. Nie mog\u0105 pom\u00f3c Ci w kwestii zg\u0142osze\u0144 i raport\u00f3w wsparcia.   <\/p>\n","protected":false},"excerpt":{"rendered":"<p>Jak skontaktowa\u0107 si\u0119 z dzia\u0142em wsparcia W naszej spo\u0142eczno\u015bci mamy przydatn\u0105 obs\u0142ug\u0119 klienta. Jest ona bardzo istotna w \u015bwiecie cyfrowym. Nasz Dzia\u0142 Pomocy pracuje 24 godziny na dob\u0119, 7 dni w tygodniu. Wa\u017cne jest, aby szybko odpowiada\u0107 na Twoje pytania. Je\u015bli chcesz z niego skorzysta\u0107, prosimy o przestrzeganie kilku prostych wskaz\u00f3wek, kt\u00f3re zwi\u0119ksz\u0105 skuteczno\u015b\u0107 naszej [&hellip;]<\/p>\n","protected":false},"author":5,"featured_media":0,"parent":0,"menu_order":0,"comment_status":"closed","ping_status":"closed","template":"","meta":{"_acf_changed":false,"footnotes":""},"class_list":["post-7302","page","type-page","status-publish","hentry"],"acf":[],"yoast_head":"<!-- This site is optimized with the Yoast SEO plugin v27.4 - https:\/\/yoast.com\/product\/yoast-seo-wordpress\/ -->\n<title>Wsparcie - CS2 &amp; CS:GO Articles, News, Events | Skin.Club Community<\/title>\n<meta name=\"robots\" content=\"noindex, follow, max-snippet:-1, max-image-preview:large, max-video-preview:-1\" \/>\n<meta property=\"og:locale\" content=\"pl_PL\" \/>\n<meta property=\"og:type\" content=\"article\" \/>\n<meta property=\"og:title\" content=\"Wsparcie - CS2 &amp; CS:GO Articles, News, Events | Skin.Club Community\" \/>\n<meta property=\"og:description\" content=\"Jak skontaktowa\u0107 si\u0119 z dzia\u0142em wsparcia W naszej spo\u0142eczno\u015bci mamy przydatn\u0105 obs\u0142ug\u0119 klienta. Jest ona bardzo istotna w \u015bwiecie cyfrowym. Nasz Dzia\u0142 Pomocy pracuje 24 godziny na dob\u0119, 7 dni w tygodniu. Wa\u017cne jest, aby szybko odpowiada\u0107 na Twoje pytania. Je\u015bli chcesz z niego skorzysta\u0107, prosimy o przestrzeganie kilku prostych wskaz\u00f3wek, kt\u00f3re zwi\u0119ksz\u0105 skuteczno\u015b\u0107 naszej [&hellip;]\" \/>\n<meta property=\"og:url\" content=\"https:\/\/community.stage.jamson-sc.dev\/pl\/wsparcie\" \/>\n<meta property=\"og:site_name\" content=\"CS2 &amp; CS:GO Articles, News, Events | Skin.Club Community\" \/>\n<meta property=\"article:modified_time\" content=\"2024-09-11T17:36:12+00:00\" \/>\n<meta name=\"twitter:card\" content=\"summary_large_image\" \/>\n<meta name=\"twitter:label1\" content=\"Szacowany czas czytania\" \/>\n\t<meta name=\"twitter:data1\" content=\"1 minuta\" \/>\n<script type=\"application\/ld+json\" class=\"yoast-schema-graph\">{\"@context\":\"https:\\\/\\\/schema.org\",\"@graph\":[{\"@type\":\"WebPage\",\"@id\":\"https:\\\/\\\/community.stage.jamson-sc.dev\\\/pl\\\/wsparcie\",\"url\":\"https:\\\/\\\/community.stage.jamson-sc.dev\\\/pl\\\/wsparcie\",\"name\":\"Wsparcie - CS2 &amp; CS:GO Articles, News, Events | Skin.Club Community\",\"isPartOf\":{\"@id\":\"https:\\\/\\\/community.stage.jamson-sc.dev\\\/pl#website\"},\"primaryImageOfPage\":{\"@id\":\"https:\\\/\\\/community.stage.jamson-sc.dev\\\/pl\\\/wsparcie#primaryimage\"},\"image\":{\"@id\":\"https:\\\/\\\/community.stage.jamson-sc.dev\\\/pl\\\/wsparcie#primaryimage\"},\"thumbnailUrl\":\"https:\\\/\\\/front.stage.jamson-sc.dev\\\/community\\\/wp-content\\\/uploads\\\/2024\\\/09\\\/Event-BLAST-Premier-2024-1024x576.webp\",\"datePublished\":\"2022-06-28T10:08:43+00:00\",\"dateModified\":\"2024-09-11T17:36:12+00:00\",\"breadcrumb\":{\"@id\":\"https:\\\/\\\/community.stage.jamson-sc.dev\\\/pl\\\/wsparcie#breadcrumb\"},\"inLanguage\":\"pl-PL\",\"potentialAction\":[{\"@type\":\"ReadAction\",\"target\":[\"https:\\\/\\\/community.stage.jamson-sc.dev\\\/pl\\\/wsparcie\"]}]},{\"@type\":\"ImageObject\",\"inLanguage\":\"pl-PL\",\"@id\":\"https:\\\/\\\/community.stage.jamson-sc.dev\\\/pl\\\/wsparcie#primaryimage\",\"url\":\"https:\\\/\\\/front.stage.jamson-sc.dev\\\/community\\\/wp-content\\\/uploads\\\/2024\\\/09\\\/Event-BLAST-Premier-2024-1024x576.webp\",\"contentUrl\":\"https:\\\/\\\/front.stage.jamson-sc.dev\\\/community\\\/wp-content\\\/uploads\\\/2024\\\/09\\\/Event-BLAST-Premier-2024-1024x576.webp\"},{\"@type\":\"BreadcrumbList\",\"@id\":\"https:\\\/\\\/community.stage.jamson-sc.dev\\\/pl\\\/wsparcie#breadcrumb\",\"itemListElement\":[{\"@type\":\"ListItem\",\"position\":1,\"name\":\"Community\",\"item\":\"https:\\\/\\\/community.stage.jamson-sc.dev\\\/pl\\\/homepage\"},{\"@type\":\"ListItem\",\"position\":2,\"name\":\"Wsparcie\"}]},{\"@type\":\"WebSite\",\"@id\":\"https:\\\/\\\/community.stage.jamson-sc.dev\\\/pl#website\",\"url\":\"https:\\\/\\\/community.stage.jamson-sc.dev\\\/pl\",\"name\":\"CS:GO - Events, news, recommendations\",\"description\":\"CS2 &amp; CS:GO Articles, News, Events | Skin.Club Community\",\"publisher\":{\"@id\":\"https:\\\/\\\/community.stage.jamson-sc.dev\\\/pl#organization\"},\"alternateName\":\"CS:GO - news\",\"potentialAction\":[{\"@type\":\"SearchAction\",\"target\":{\"@type\":\"EntryPoint\",\"urlTemplate\":\"https:\\\/\\\/community.stage.jamson-sc.dev\\\/pl?s={search_term_string}\"},\"query-input\":{\"@type\":\"PropertyValueSpecification\",\"valueRequired\":true,\"valueName\":\"search_term_string\"}}],\"inLanguage\":\"pl-PL\"},{\"@type\":\"Organization\",\"@id\":\"https:\\\/\\\/community.stage.jamson-sc.dev\\\/pl#organization\",\"name\":\"SkinClub\",\"url\":\"https:\\\/\\\/community.stage.jamson-sc.dev\\\/pl\",\"logo\":{\"@type\":\"ImageObject\",\"inLanguage\":\"pl-PL\",\"@id\":\"https:\\\/\\\/community.stage.jamson-sc.dev\\\/pl#\\\/schema\\\/logo\\\/image\\\/\",\"url\":\"\",\"contentUrl\":\"\",\"caption\":\"SkinClub\"},\"image\":{\"@id\":\"https:\\\/\\\/community.stage.jamson-sc.dev\\\/pl#\\\/schema\\\/logo\\\/image\\\/\"}}]}<\/script>\n<!-- \/ Yoast SEO plugin. -->","yoast_head_json":{"title":"Wsparcie - CS2 &amp; CS:GO Articles, News, Events | Skin.Club Community","robots":{"index":"noindex","follow":"follow","max-snippet":"max-snippet:-1","max-image-preview":"max-image-preview:large","max-video-preview":"max-video-preview:-1"},"og_locale":"pl_PL","og_type":"article","og_title":"Wsparcie - CS2 &amp; CS:GO Articles, News, Events | Skin.Club Community","og_description":"Jak skontaktowa\u0107 si\u0119 z dzia\u0142em wsparcia W naszej spo\u0142eczno\u015bci mamy przydatn\u0105 obs\u0142ug\u0119 klienta. Jest ona bardzo istotna w \u015bwiecie cyfrowym. Nasz Dzia\u0142 Pomocy pracuje 24 godziny na dob\u0119, 7 dni w tygodniu. Wa\u017cne jest, aby szybko odpowiada\u0107 na Twoje pytania. Je\u015bli chcesz z niego skorzysta\u0107, prosimy o przestrzeganie kilku prostych wskaz\u00f3wek, kt\u00f3re zwi\u0119ksz\u0105 skuteczno\u015b\u0107 naszej [&hellip;]","og_url":"https:\/\/community.stage.jamson-sc.dev\/pl\/wsparcie","og_site_name":"CS2 &amp; CS:GO Articles, News, Events | Skin.Club Community","article_modified_time":"2024-09-11T17:36:12+00:00","twitter_card":"summary_large_image","twitter_misc":{"Szacowany czas czytania":"1 minuta"},"schema":{"@context":"https:\/\/schema.org","@graph":[{"@type":"WebPage","@id":"https:\/\/community.stage.jamson-sc.dev\/pl\/wsparcie","url":"https:\/\/community.stage.jamson-sc.dev\/pl\/wsparcie","name":"Wsparcie - CS2 &amp; CS:GO Articles, News, Events | Skin.Club Community","isPartOf":{"@id":"https:\/\/community.stage.jamson-sc.dev\/pl#website"},"primaryImageOfPage":{"@id":"https:\/\/community.stage.jamson-sc.dev\/pl\/wsparcie#primaryimage"},"image":{"@id":"https:\/\/community.stage.jamson-sc.dev\/pl\/wsparcie#primaryimage"},"thumbnailUrl":"https:\/\/front.stage.jamson-sc.dev\/community\/wp-content\/uploads\/2024\/09\/Event-BLAST-Premier-2024-1024x576.webp","datePublished":"2022-06-28T10:08:43+00:00","dateModified":"2024-09-11T17:36:12+00:00","breadcrumb":{"@id":"https:\/\/community.stage.jamson-sc.dev\/pl\/wsparcie#breadcrumb"},"inLanguage":"pl-PL","potentialAction":[{"@type":"ReadAction","target":["https:\/\/community.stage.jamson-sc.dev\/pl\/wsparcie"]}]},{"@type":"ImageObject","inLanguage":"pl-PL","@id":"https:\/\/community.stage.jamson-sc.dev\/pl\/wsparcie#primaryimage","url":"https:\/\/front.stage.jamson-sc.dev\/community\/wp-content\/uploads\/2024\/09\/Event-BLAST-Premier-2024-1024x576.webp","contentUrl":"https:\/\/front.stage.jamson-sc.dev\/community\/wp-content\/uploads\/2024\/09\/Event-BLAST-Premier-2024-1024x576.webp"},{"@type":"BreadcrumbList","@id":"https:\/\/community.stage.jamson-sc.dev\/pl\/wsparcie#breadcrumb","itemListElement":[{"@type":"ListItem","position":1,"name":"Community","item":"https:\/\/community.stage.jamson-sc.dev\/pl\/homepage"},{"@type":"ListItem","position":2,"name":"Wsparcie"}]},{"@type":"WebSite","@id":"https:\/\/community.stage.jamson-sc.dev\/pl#website","url":"https:\/\/community.stage.jamson-sc.dev\/pl","name":"CS:GO - Events, news, recommendations","description":"CS2 &amp; CS:GO Articles, News, Events | Skin.Club Community","publisher":{"@id":"https:\/\/community.stage.jamson-sc.dev\/pl#organization"},"alternateName":"CS:GO - news","potentialAction":[{"@type":"SearchAction","target":{"@type":"EntryPoint","urlTemplate":"https:\/\/community.stage.jamson-sc.dev\/pl?s={search_term_string}"},"query-input":{"@type":"PropertyValueSpecification","valueRequired":true,"valueName":"search_term_string"}}],"inLanguage":"pl-PL"},{"@type":"Organization","@id":"https:\/\/community.stage.jamson-sc.dev\/pl#organization","name":"SkinClub","url":"https:\/\/community.stage.jamson-sc.dev\/pl","logo":{"@type":"ImageObject","inLanguage":"pl-PL","@id":"https:\/\/community.stage.jamson-sc.dev\/pl#\/schema\/logo\/image\/","url":"","contentUrl":"","caption":"SkinClub"},"image":{"@id":"https:\/\/community.stage.jamson-sc.dev\/pl#\/schema\/logo\/image\/"}}]}},"_links":{"self":[{"href":"https:\/\/community.stage.jamson-sc.dev\/pl\/wp-json\/wp\/v2\/pages\/7302","targetHints":{"allow":["GET"]}}],"collection":[{"href":"https:\/\/community.stage.jamson-sc.dev\/pl\/wp-json\/wp\/v2\/pages"}],"about":[{"href":"https:\/\/community.stage.jamson-sc.dev\/pl\/wp-json\/wp\/v2\/types\/page"}],"author":[{"embeddable":true,"href":"https:\/\/community.stage.jamson-sc.dev\/pl\/wp-json\/wp\/v2\/users\/5"}],"replies":[{"embeddable":true,"href":"https:\/\/community.stage.jamson-sc.dev\/pl\/wp-json\/wp\/v2\/comments?post=7302"}],"version-history":[{"count":2,"href":"https:\/\/community.stage.jamson-sc.dev\/pl\/wp-json\/wp\/v2\/pages\/7302\/revisions"}],"predecessor-version":[{"id":89182,"href":"https:\/\/community.stage.jamson-sc.dev\/pl\/wp-json\/wp\/v2\/pages\/7302\/revisions\/89182"}],"wp:attachment":[{"href":"https:\/\/community.stage.jamson-sc.dev\/pl\/wp-json\/wp\/v2\/media?parent=7302"}],"curies":[{"name":"wp","href":"https:\/\/api.w.org\/{rel}","templated":true}]}}