{"id":91204,"date":"2025-08-31T12:13:54","date_gmt":"2025-08-31T12:13:54","guid":{"rendered":"https:\/\/community.stage.jamson-sc.dev\/homepage"},"modified":"2025-09-22T14:06:26","modified_gmt":"2025-09-22T14:06:26","slug":"homepage","status":"publish","type":"page","link":"https:\/\/community.stage.jamson-sc.dev\/pl","title":{"rendered":"Strona g\u0142\u00f3wna"},"content":{"rendered":"","protected":false},"excerpt":{"rendered":"","protected":false},"author":4,"featured_media":0,"parent":0,"menu_order":0,"comment_status":"closed","ping_status":"closed","template":"","meta":{"_acf_changed":false,"footnotes":""},"class_list":["post-91204","page","type-page","status-publish","hentry"],"acf":[],"yoast_head":"<!-- This site is optimized with the Yoast SEO plugin v27.4 - https:\/\/yoast.com\/product\/yoast-seo-wordpress\/ -->\n<title>Artyku\u0142y o CS2 i CS:GO, aktualno\u015bci, wydarzenia | Spo\u0142eczno\u015b\u0107 Skin.Club<\/title>\n<meta name=\"description\" content=\"Wiadomo\u015bci i artyku\u0142y o Counter-Strike 2. Kolekcje najlepszych sk\u00f3rek CS2 dla mi\u0142o\u015bnik\u00f3w sk\u00f3rek Counter-Strike, dostarczane przez ekspert\u00f3w Skin.Club i profesjonalnych graczy.\" \/>\n<meta name=\"robots\" content=\"noindex, follow, max-snippet:-1, max-image-preview:large, max-video-preview:-1\" \/>\n<meta property=\"og:locale\" content=\"pl_PL\" \/>\n<meta property=\"og:type\" content=\"article\" \/>\n<meta property=\"og:title\" content=\"Artyku\u0142y o CS2 i CS:GO, aktualno\u015bci, wydarzenia | Spo\u0142eczno\u015b\u0107 Skin.Club\" \/>\n<meta property=\"og:description\" content=\"Wiadomo\u015bci i artyku\u0142y o Counter-Strike 2. Kolekcje najlepszych sk\u00f3rek CS2 dla mi\u0142o\u015bnik\u00f3w sk\u00f3rek Counter-Strike, dostarczane przez ekspert\u00f3w Skin.Club i profesjonalnych graczy.\" \/>\n<meta property=\"og:url\" content=\"https:\/\/community.stage.jamson-sc.dev\/pl\" \/>\n<meta property=\"og:site_name\" content=\"CS2 &amp; CS:GO Articles, News, Events | Skin.Club Community\" \/>\n<meta property=\"article:modified_time\" content=\"2025-09-22T14:06:26+00:00\" \/>\n<meta name=\"twitter:card\" content=\"summary_large_image\" \/>\n<script type=\"application\/ld+json\" class=\"yoast-schema-graph\">{\"@context\":\"https:\\\/\\\/schema.org\",\"@graph\":[{\"@type\":\"WebPage\",\"@id\":\"https:\\\/\\\/community.stage.jamson-sc.dev\\\/pl\",\"url\":\"https:\\\/\\\/community.stage.jamson-sc.dev\\\/pl\",\"name\":\"Artyku\u0142y o CS2 i CS:GO, aktualno\u015bci, wydarzenia | Spo\u0142eczno\u015b\u0107 Skin.Club\",\"isPartOf\":{\"@id\":\"https:\\\/\\\/community.stage.jamson-sc.dev\\\/pl#website\"},\"datePublished\":\"2025-08-31T12:13:54+00:00\",\"dateModified\":\"2025-09-22T14:06:26+00:00\",\"description\":\"Wiadomo\u015bci i artyku\u0142y o Counter-Strike 2. Kolekcje najlepszych sk\u00f3rek CS2 dla mi\u0142o\u015bnik\u00f3w sk\u00f3rek Counter-Strike, dostarczane przez ekspert\u00f3w Skin.Club i profesjonalnych graczy.\",\"breadcrumb\":{\"@id\":\"https:\\\/\\\/community.stage.jamson-sc.dev\\\/pl#breadcrumb\"},\"inLanguage\":\"pl-PL\",\"potentialAction\":[{\"@type\":\"ReadAction\",\"target\":[\"https:\\\/\\\/community.stage.jamson-sc.dev\\\/pl\"]}]},{\"@type\":\"BreadcrumbList\",\"@id\":\"https:\\\/\\\/community.stage.jamson-sc.dev\\\/pl#breadcrumb\",\"itemListElement\":[{\"@type\":\"ListItem\",\"position\":1,\"name\":\"Community\",\"item\":\"https:\\\/\\\/community.stage.jamson-sc.dev\\\/pl\\\/homepage\"},{\"@type\":\"ListItem\",\"position\":2,\"name\":\"Strona g\u0142\u00f3wna\"}]},{\"@type\":\"WebSite\",\"@id\":\"https:\\\/\\\/community.stage.jamson-sc.dev\\\/pl#website\",\"url\":\"https:\\\/\\\/community.stage.jamson-sc.dev\\\/pl\",\"name\":\"CS:GO - Events, news, recommendations\",\"description\":\"CS2 &amp; CS:GO Articles, News, Events | Skin.Club Community\",\"publisher\":{\"@id\":\"https:\\\/\\\/community.stage.jamson-sc.dev\\\/pl#organization\"},\"alternateName\":\"CS:GO - news\",\"potentialAction\":[{\"@type\":\"SearchAction\",\"target\":{\"@type\":\"EntryPoint\",\"urlTemplate\":\"https:\\\/\\\/community.stage.jamson-sc.dev\\\/pl?s={search_term_string}\"},\"query-input\":{\"@type\":\"PropertyValueSpecification\",\"valueRequired\":true,\"valueName\":\"search_term_string\"}}],\"inLanguage\":\"pl-PL\"},{\"@type\":\"Organization\",\"@id\":\"https:\\\/\\\/community.stage.jamson-sc.dev\\\/pl#organization\",\"name\":\"SkinClub\",\"url\":\"https:\\\/\\\/community.stage.jamson-sc.dev\\\/pl\",\"logo\":{\"@type\":\"ImageObject\",\"inLanguage\":\"pl-PL\",\"@id\":\"https:\\\/\\\/community.stage.jamson-sc.dev\\\/pl#\\\/schema\\\/logo\\\/image\\\/\",\"url\":\"\",\"contentUrl\":\"\",\"caption\":\"SkinClub\"},\"image\":{\"@id\":\"https:\\\/\\\/community.stage.jamson-sc.dev\\\/pl#\\\/schema\\\/logo\\\/image\\\/\"}}]}<\/script>\n<!-- \/ Yoast SEO plugin. -->","yoast_head_json":{"title":"Artyku\u0142y o CS2 i CS:GO, aktualno\u015bci, wydarzenia | Spo\u0142eczno\u015b\u0107 Skin.Club","description":"Wiadomo\u015bci i artyku\u0142y o Counter-Strike 2. Kolekcje najlepszych sk\u00f3rek CS2 dla mi\u0142o\u015bnik\u00f3w sk\u00f3rek Counter-Strike, dostarczane przez ekspert\u00f3w Skin.Club i profesjonalnych graczy.","robots":{"index":"noindex","follow":"follow","max-snippet":"max-snippet:-1","max-image-preview":"max-image-preview:large","max-video-preview":"max-video-preview:-1"},"og_locale":"pl_PL","og_type":"article","og_title":"Artyku\u0142y o CS2 i CS:GO, aktualno\u015bci, wydarzenia | Spo\u0142eczno\u015b\u0107 Skin.Club","og_description":"Wiadomo\u015bci i artyku\u0142y o Counter-Strike 2. Kolekcje najlepszych sk\u00f3rek CS2 dla mi\u0142o\u015bnik\u00f3w sk\u00f3rek Counter-Strike, dostarczane przez ekspert\u00f3w Skin.Club i profesjonalnych graczy.","og_url":"https:\/\/community.stage.jamson-sc.dev\/pl","og_site_name":"CS2 &amp; CS:GO Articles, News, Events | Skin.Club Community","article_modified_time":"2025-09-22T14:06:26+00:00","twitter_card":"summary_large_image","schema":{"@context":"https:\/\/schema.org","@graph":[{"@type":"WebPage","@id":"https:\/\/community.stage.jamson-sc.dev\/pl","url":"https:\/\/community.stage.jamson-sc.dev\/pl","name":"Artyku\u0142y o CS2 i CS:GO, aktualno\u015bci, wydarzenia | Spo\u0142eczno\u015b\u0107 Skin.Club","isPartOf":{"@id":"https:\/\/community.stage.jamson-sc.dev\/pl#website"},"datePublished":"2025-08-31T12:13:54+00:00","dateModified":"2025-09-22T14:06:26+00:00","description":"Wiadomo\u015bci i artyku\u0142y o Counter-Strike 2. Kolekcje najlepszych sk\u00f3rek CS2 dla mi\u0142o\u015bnik\u00f3w sk\u00f3rek Counter-Strike, dostarczane przez ekspert\u00f3w Skin.Club i profesjonalnych graczy.","breadcrumb":{"@id":"https:\/\/community.stage.jamson-sc.dev\/pl#breadcrumb"},"inLanguage":"pl-PL","potentialAction":[{"@type":"ReadAction","target":["https:\/\/community.stage.jamson-sc.dev\/pl"]}]},{"@type":"BreadcrumbList","@id":"https:\/\/community.stage.jamson-sc.dev\/pl#breadcrumb","itemListElement":[{"@type":"ListItem","position":1,"name":"Community","item":"https:\/\/community.stage.jamson-sc.dev\/pl\/homepage"},{"@type":"ListItem","position":2,"name":"Strona g\u0142\u00f3wna"}]},{"@type":"WebSite","@id":"https:\/\/community.stage.jamson-sc.dev\/pl#website","url":"https:\/\/community.stage.jamson-sc.dev\/pl","name":"CS:GO - Events, news, recommendations","description":"CS2 &amp; CS:GO Articles, News, Events | Skin.Club Community","publisher":{"@id":"https:\/\/community.stage.jamson-sc.dev\/pl#organization"},"alternateName":"CS:GO - news","potentialAction":[{"@type":"SearchAction","target":{"@type":"EntryPoint","urlTemplate":"https:\/\/community.stage.jamson-sc.dev\/pl?s={search_term_string}"},"query-input":{"@type":"PropertyValueSpecification","valueRequired":true,"valueName":"search_term_string"}}],"inLanguage":"pl-PL"},{"@type":"Organization","@id":"https:\/\/community.stage.jamson-sc.dev\/pl#organization","name":"SkinClub","url":"https:\/\/community.stage.jamson-sc.dev\/pl","logo":{"@type":"ImageObject","inLanguage":"pl-PL","@id":"https:\/\/community.stage.jamson-sc.dev\/pl#\/schema\/logo\/image\/","url":"","contentUrl":"","caption":"SkinClub"},"image":{"@id":"https:\/\/community.stage.jamson-sc.dev\/pl#\/schema\/logo\/image\/"}}]}},"_links":{"self":[{"href":"https:\/\/community.stage.jamson-sc.dev\/pl\/wp-json\/wp\/v2\/pages\/91204","targetHints":{"allow":["GET"]}}],"collection":[{"href":"https:\/\/community.stage.jamson-sc.dev\/pl\/wp-json\/wp\/v2\/pages"}],"about":[{"href":"https:\/\/community.stage.jamson-sc.dev\/pl\/wp-json\/wp\/v2\/types\/page"}],"author":[{"embeddable":true,"href":"https:\/\/community.stage.jamson-sc.dev\/pl\/wp-json\/wp\/v2\/users\/4"}],"replies":[{"embeddable":true,"href":"https:\/\/community.stage.jamson-sc.dev\/pl\/wp-json\/wp\/v2\/comments?post=91204"}],"version-history":[{"count":1,"href":"https:\/\/community.stage.jamson-sc.dev\/pl\/wp-json\/wp\/v2\/pages\/91204\/revisions"}],"predecessor-version":[{"id":91354,"href":"https:\/\/community.stage.jamson-sc.dev\/pl\/wp-json\/wp\/v2\/pages\/91204\/revisions\/91354"}],"wp:attachment":[{"href":"https:\/\/community.stage.jamson-sc.dev\/pl\/wp-json\/wp\/v2\/media?parent=91204"}],"curies":[{"name":"wp","href":"https:\/\/api.w.org\/{rel}","templated":true}]}}