{"id":7303,"date":"2022-06-28T10:08:43","date_gmt":"2022-06-28T10:08:43","guid":{"rendered":"https:\/\/skin.club\/community\/suporte\/"},"modified":"2024-09-11T17:35:12","modified_gmt":"2024-09-11T17:35:12","slug":"apoio","status":"publish","type":"page","link":"https:\/\/community.stage.jamson-sc.dev\/pt-pt\/apoio","title":{"rendered":"Suporte"},"content":{"rendered":"<h2>Como voc\u00ea pode entrar em contato com o suporte<\/h2>\n<p><strong>Na nossa comunidade, temos um servi\u00e7o de atendimento ao cliente \u00fatil. Ele \u00e9 muito importante no mundo digital. Nosso Departamento de Ajuda funciona 24 horas por dia, 7 dias por semana. E \u00e9 imperativo fornecer respostas r\u00e1pidas \u00e0s suas perguntas.   <\/strong><\/p>\n<p>Se voc\u00ea quiser us\u00e1-lo, siga algumas dicas simples que aumentar\u00e3o a efic\u00e1cia do seu funcionamento.<\/p>\n<ol>\n<li><b>Importante.<\/b> Quanto mais informa\u00e7\u00f5es \u00fateis voc\u00ea nos der, mais f\u00e1cil ser\u00e1 resolver o seu problema.<\/li>\n<li><b>Nunca.<\/b> or favor, n\u00e3o duplique suas solicita\u00e7\u00f5es. Se n\u00e3o respondermos imediatamente, por favor, espere. N\u00e3o nos envie outra mensagem com a mesma pergunta. Espere pela resposta.   <\/li>\n<li><b>Lembre-se.<\/b> Temos termos de uso do nosso servi\u00e7o <a class=\"article-list-blue__underline\" href=\"https:\/\/skin.club\/en\/tos\" target=\"_blank\" rel=\"noopener\">https:\/\/skin.club\/en\/tos<\/a> e, se voc\u00ea os violar, infelizmente n\u00e3o poderemos ajud\u00e1-lo. <\/li>\n<\/ol>\n<h2>Voc\u00ea tem duas maneiras de entrar em contato com o nosso suporte<\/h2>\n<ol>\n<li>Abra o seu servi\u00e7o de e-mail e entre em contato conosco pelo <a class=\"red-link\" href=\"maito:help@skin.club\">help@skin.club<\/a><\/li>\n<li>Abra o SKIN.CLUB e fa\u00e7a login com a sua conta Steam. Depois disso, voc\u00ea ver\u00e1 no lado direito do nosso site um formul\u00e1rio de contato especial. \u00c9 um Formul\u00e1rio de Suporte.  <\/li>\n<\/ol>\n<p><img loading=\"lazy\" decoding=\"async\" class=\"alignnone wp-image-89158\" src=\"https:\/\/front.stage.jamson-sc.dev\/community\/wp-content\/uploads\/2024\/09\/Event-BLAST-Premier-2024-1024x576.webp\" alt=\"\" width=\"1065\" height=\"599\"><\/p>\n<h2>Informa\u00e7\u00f5es importantes<\/h2>\n<p>Voc\u00ea pode entrar em contato com o nosso suporte apenas atrav\u00e9s do Formul\u00e1rio de Suporte no nosso site SKIN.CLUB ou pelo e-mail help@skin.club. Nunca use: Steam, Discord, FB, etc. para mensagens privadas. Somente o nosso Formul\u00e1rio de Suporte \u00e9 adequado e confi\u00e1vel.   <\/p>\n<p>Um grande n\u00famero de pessoas envia mensagens privadas para Contribuidores\/Criadores de Conte\u00fado\/outros volunt\u00e1rios com quest\u00f5es de suporte. Por favor, n\u00e3o fa\u00e7a isso. Os volunt\u00e1rios do SkinClub n\u00e3o s\u00e3o nossos funcion\u00e1rios. Eles n\u00e3o podem ajud\u00e1-lo com t\u00edquetes de suporte e relat\u00f3rios.   <\/p>\n","protected":false},"excerpt":{"rendered":"<p>Como voc\u00ea pode entrar em contato com o suporte Na nossa comunidade, temos um servi\u00e7o de atendimento ao cliente \u00fatil. Ele \u00e9 muito importante no mundo digital. Nosso Departamento de Ajuda funciona 24 horas por dia, 7 dias por semana. E \u00e9 imperativo fornecer respostas r\u00e1pidas \u00e0s suas perguntas. Se voc\u00ea quiser us\u00e1-lo, siga algumas [&hellip;]<\/p>\n","protected":false},"author":5,"featured_media":0,"parent":0,"menu_order":0,"comment_status":"closed","ping_status":"closed","template":"","meta":{"_acf_changed":false,"footnotes":""},"class_list":["post-7303","page","type-page","status-publish","hentry"],"acf":[],"yoast_head":"<!-- This site is optimized with the Yoast SEO plugin v27.4 - https:\/\/yoast.com\/product\/yoast-seo-wordpress\/ -->\n<title>Suporte - CS2 &amp; CS:GO Articles, News, Events | Skin.Club Community<\/title>\n<meta name=\"robots\" content=\"noindex, follow, max-snippet:-1, max-image-preview:large, max-video-preview:-1\" \/>\n<meta property=\"og:locale\" content=\"pt_PT\" \/>\n<meta property=\"og:type\" content=\"article\" \/>\n<meta property=\"og:title\" content=\"Suporte - CS2 &amp; CS:GO Articles, News, Events | Skin.Club Community\" \/>\n<meta property=\"og:description\" content=\"Como voc\u00ea pode entrar em contato com o suporte Na nossa comunidade, temos um servi\u00e7o de atendimento ao cliente \u00fatil. Ele \u00e9 muito importante no mundo digital. Nosso Departamento de Ajuda funciona 24 horas por dia, 7 dias por semana. E \u00e9 imperativo fornecer respostas r\u00e1pidas \u00e0s suas perguntas. Se voc\u00ea quiser us\u00e1-lo, siga algumas [&hellip;]\" \/>\n<meta property=\"og:url\" content=\"https:\/\/community.stage.jamson-sc.dev\/pt-pt\/apoio\" \/>\n<meta property=\"og:site_name\" content=\"CS2 &amp; CS:GO Articles, News, Events | Skin.Club Community\" \/>\n<meta property=\"article:modified_time\" content=\"2024-09-11T17:35:12+00:00\" \/>\n<meta name=\"twitter:card\" content=\"summary_large_image\" \/>\n<meta name=\"twitter:label1\" content=\"Tempo estimado de leitura\" \/>\n\t<meta name=\"twitter:data1\" content=\"2 minutos\" \/>\n<script type=\"application\/ld+json\" class=\"yoast-schema-graph\">{\"@context\":\"https:\\\/\\\/schema.org\",\"@graph\":[{\"@type\":\"WebPage\",\"@id\":\"https:\\\/\\\/community.stage.jamson-sc.dev\\\/pt-pt\\\/apoio\",\"url\":\"https:\\\/\\\/community.stage.jamson-sc.dev\\\/pt-pt\\\/apoio\",\"name\":\"Suporte - CS2 &amp; CS:GO Articles, News, Events | Skin.Club Community\",\"isPartOf\":{\"@id\":\"https:\\\/\\\/community.stage.jamson-sc.dev\\\/pt-pt#website\"},\"primaryImageOfPage\":{\"@id\":\"https:\\\/\\\/community.stage.jamson-sc.dev\\\/pt-pt\\\/apoio#primaryimage\"},\"image\":{\"@id\":\"https:\\\/\\\/community.stage.jamson-sc.dev\\\/pt-pt\\\/apoio#primaryimage\"},\"thumbnailUrl\":\"https:\\\/\\\/front.stage.jamson-sc.dev\\\/community\\\/wp-content\\\/uploads\\\/2024\\\/09\\\/Event-BLAST-Premier-2024-1024x576.webp\",\"datePublished\":\"2022-06-28T10:08:43+00:00\",\"dateModified\":\"2024-09-11T17:35:12+00:00\",\"breadcrumb\":{\"@id\":\"https:\\\/\\\/community.stage.jamson-sc.dev\\\/pt-pt\\\/apoio#breadcrumb\"},\"inLanguage\":\"pt-PT\",\"potentialAction\":[{\"@type\":\"ReadAction\",\"target\":[\"https:\\\/\\\/community.stage.jamson-sc.dev\\\/pt-pt\\\/apoio\"]}]},{\"@type\":\"ImageObject\",\"inLanguage\":\"pt-PT\",\"@id\":\"https:\\\/\\\/community.stage.jamson-sc.dev\\\/pt-pt\\\/apoio#primaryimage\",\"url\":\"https:\\\/\\\/front.stage.jamson-sc.dev\\\/community\\\/wp-content\\\/uploads\\\/2024\\\/09\\\/Event-BLAST-Premier-2024-1024x576.webp\",\"contentUrl\":\"https:\\\/\\\/front.stage.jamson-sc.dev\\\/community\\\/wp-content\\\/uploads\\\/2024\\\/09\\\/Event-BLAST-Premier-2024-1024x576.webp\"},{\"@type\":\"BreadcrumbList\",\"@id\":\"https:\\\/\\\/community.stage.jamson-sc.dev\\\/pt-pt\\\/apoio#breadcrumb\",\"itemListElement\":[{\"@type\":\"ListItem\",\"position\":1,\"name\":\"Community\",\"item\":\"https:\\\/\\\/community.stage.jamson-sc.dev\\\/pt-pt\\\/homepage\"},{\"@type\":\"ListItem\",\"position\":2,\"name\":\"Suporte\"}]},{\"@type\":\"WebSite\",\"@id\":\"https:\\\/\\\/community.stage.jamson-sc.dev\\\/pt-pt#website\",\"url\":\"https:\\\/\\\/community.stage.jamson-sc.dev\\\/pt-pt\",\"name\":\"CS:GO - Events, news, recommendations\",\"description\":\"CS2 &amp; CS:GO Articles, News, Events | Skin.Club Community\",\"publisher\":{\"@id\":\"https:\\\/\\\/community.stage.jamson-sc.dev\\\/pt-pt#organization\"},\"alternateName\":\"CS:GO - news\",\"potentialAction\":[{\"@type\":\"SearchAction\",\"target\":{\"@type\":\"EntryPoint\",\"urlTemplate\":\"https:\\\/\\\/community.stage.jamson-sc.dev\\\/pt-pt?s={search_term_string}\"},\"query-input\":{\"@type\":\"PropertyValueSpecification\",\"valueRequired\":true,\"valueName\":\"search_term_string\"}}],\"inLanguage\":\"pt-PT\"},{\"@type\":\"Organization\",\"@id\":\"https:\\\/\\\/community.stage.jamson-sc.dev\\\/pt-pt#organization\",\"name\":\"SkinClub\",\"url\":\"https:\\\/\\\/community.stage.jamson-sc.dev\\\/pt-pt\",\"logo\":{\"@type\":\"ImageObject\",\"inLanguage\":\"pt-PT\",\"@id\":\"https:\\\/\\\/community.stage.jamson-sc.dev\\\/pt-pt#\\\/schema\\\/logo\\\/image\\\/\",\"url\":\"\",\"contentUrl\":\"\",\"caption\":\"SkinClub\"},\"image\":{\"@id\":\"https:\\\/\\\/community.stage.jamson-sc.dev\\\/pt-pt#\\\/schema\\\/logo\\\/image\\\/\"}}]}<\/script>\n<!-- \/ Yoast SEO plugin. -->","yoast_head_json":{"title":"Suporte - CS2 &amp; CS:GO Articles, News, Events | Skin.Club Community","robots":{"index":"noindex","follow":"follow","max-snippet":"max-snippet:-1","max-image-preview":"max-image-preview:large","max-video-preview":"max-video-preview:-1"},"og_locale":"pt_PT","og_type":"article","og_title":"Suporte - CS2 &amp; CS:GO Articles, News, Events | Skin.Club Community","og_description":"Como voc\u00ea pode entrar em contato com o suporte Na nossa comunidade, temos um servi\u00e7o de atendimento ao cliente \u00fatil. Ele \u00e9 muito importante no mundo digital. Nosso Departamento de Ajuda funciona 24 horas por dia, 7 dias por semana. E \u00e9 imperativo fornecer respostas r\u00e1pidas \u00e0s suas perguntas. Se voc\u00ea quiser us\u00e1-lo, siga algumas [&hellip;]","og_url":"https:\/\/community.stage.jamson-sc.dev\/pt-pt\/apoio","og_site_name":"CS2 &amp; CS:GO Articles, News, Events | Skin.Club Community","article_modified_time":"2024-09-11T17:35:12+00:00","twitter_card":"summary_large_image","twitter_misc":{"Tempo estimado de leitura":"2 minutos"},"schema":{"@context":"https:\/\/schema.org","@graph":[{"@type":"WebPage","@id":"https:\/\/community.stage.jamson-sc.dev\/pt-pt\/apoio","url":"https:\/\/community.stage.jamson-sc.dev\/pt-pt\/apoio","name":"Suporte - CS2 &amp; CS:GO Articles, News, Events | Skin.Club Community","isPartOf":{"@id":"https:\/\/community.stage.jamson-sc.dev\/pt-pt#website"},"primaryImageOfPage":{"@id":"https:\/\/community.stage.jamson-sc.dev\/pt-pt\/apoio#primaryimage"},"image":{"@id":"https:\/\/community.stage.jamson-sc.dev\/pt-pt\/apoio#primaryimage"},"thumbnailUrl":"https:\/\/front.stage.jamson-sc.dev\/community\/wp-content\/uploads\/2024\/09\/Event-BLAST-Premier-2024-1024x576.webp","datePublished":"2022-06-28T10:08:43+00:00","dateModified":"2024-09-11T17:35:12+00:00","breadcrumb":{"@id":"https:\/\/community.stage.jamson-sc.dev\/pt-pt\/apoio#breadcrumb"},"inLanguage":"pt-PT","potentialAction":[{"@type":"ReadAction","target":["https:\/\/community.stage.jamson-sc.dev\/pt-pt\/apoio"]}]},{"@type":"ImageObject","inLanguage":"pt-PT","@id":"https:\/\/community.stage.jamson-sc.dev\/pt-pt\/apoio#primaryimage","url":"https:\/\/front.stage.jamson-sc.dev\/community\/wp-content\/uploads\/2024\/09\/Event-BLAST-Premier-2024-1024x576.webp","contentUrl":"https:\/\/front.stage.jamson-sc.dev\/community\/wp-content\/uploads\/2024\/09\/Event-BLAST-Premier-2024-1024x576.webp"},{"@type":"BreadcrumbList","@id":"https:\/\/community.stage.jamson-sc.dev\/pt-pt\/apoio#breadcrumb","itemListElement":[{"@type":"ListItem","position":1,"name":"Community","item":"https:\/\/community.stage.jamson-sc.dev\/pt-pt\/homepage"},{"@type":"ListItem","position":2,"name":"Suporte"}]},{"@type":"WebSite","@id":"https:\/\/community.stage.jamson-sc.dev\/pt-pt#website","url":"https:\/\/community.stage.jamson-sc.dev\/pt-pt","name":"CS:GO - Events, news, recommendations","description":"CS2 &amp; CS:GO Articles, News, Events | Skin.Club Community","publisher":{"@id":"https:\/\/community.stage.jamson-sc.dev\/pt-pt#organization"},"alternateName":"CS:GO - news","potentialAction":[{"@type":"SearchAction","target":{"@type":"EntryPoint","urlTemplate":"https:\/\/community.stage.jamson-sc.dev\/pt-pt?s={search_term_string}"},"query-input":{"@type":"PropertyValueSpecification","valueRequired":true,"valueName":"search_term_string"}}],"inLanguage":"pt-PT"},{"@type":"Organization","@id":"https:\/\/community.stage.jamson-sc.dev\/pt-pt#organization","name":"SkinClub","url":"https:\/\/community.stage.jamson-sc.dev\/pt-pt","logo":{"@type":"ImageObject","inLanguage":"pt-PT","@id":"https:\/\/community.stage.jamson-sc.dev\/pt-pt#\/schema\/logo\/image\/","url":"","contentUrl":"","caption":"SkinClub"},"image":{"@id":"https:\/\/community.stage.jamson-sc.dev\/pt-pt#\/schema\/logo\/image\/"}}]}},"_links":{"self":[{"href":"https:\/\/community.stage.jamson-sc.dev\/pt-pt\/wp-json\/wp\/v2\/pages\/7303","targetHints":{"allow":["GET"]}}],"collection":[{"href":"https:\/\/community.stage.jamson-sc.dev\/pt-pt\/wp-json\/wp\/v2\/pages"}],"about":[{"href":"https:\/\/community.stage.jamson-sc.dev\/pt-pt\/wp-json\/wp\/v2\/types\/page"}],"author":[{"embeddable":true,"href":"https:\/\/community.stage.jamson-sc.dev\/pt-pt\/wp-json\/wp\/v2\/users\/5"}],"replies":[{"embeddable":true,"href":"https:\/\/community.stage.jamson-sc.dev\/pt-pt\/wp-json\/wp\/v2\/comments?post=7303"}],"version-history":[{"count":2,"href":"https:\/\/community.stage.jamson-sc.dev\/pt-pt\/wp-json\/wp\/v2\/pages\/7303\/revisions"}],"predecessor-version":[{"id":89181,"href":"https:\/\/community.stage.jamson-sc.dev\/pt-pt\/wp-json\/wp\/v2\/pages\/7303\/revisions\/89181"}],"wp:attachment":[{"href":"https:\/\/community.stage.jamson-sc.dev\/pt-pt\/wp-json\/wp\/v2\/media?parent=7303"}],"curies":[{"name":"wp","href":"https:\/\/api.w.org\/{rel}","templated":true}]}}