{"id":91205,"date":"2025-08-31T12:13:54","date_gmt":"2025-08-31T12:13:54","guid":{"rendered":"https:\/\/community.stage.jamson-sc.dev\/homepage"},"modified":"2025-09-22T14:07:06","modified_gmt":"2025-09-22T14:07:06","slug":"homepage","status":"publish","type":"page","link":"https:\/\/community.stage.jamson-sc.dev\/pt-pt","title":{"rendered":"P\u00e1gina inicial"},"content":{"rendered":"","protected":false},"excerpt":{"rendered":"","protected":false},"author":4,"featured_media":0,"parent":0,"menu_order":0,"comment_status":"closed","ping_status":"closed","template":"","meta":{"_acf_changed":false,"footnotes":""},"class_list":["post-91205","page","type-page","status-publish","hentry"],"acf":[],"yoast_head":"<!-- This site is optimized with the Yoast SEO plugin v27.4 - https:\/\/yoast.com\/product\/yoast-seo-wordpress\/ -->\n<title>Artigos, not\u00edcias e eventos de CS2 e CS:GO | Comunidade Skin.Club<\/title>\n<meta name=\"description\" content=\"Not\u00edcias e artigos sobre Counter-Strike 2. Cole\u00e7\u00f5es das melhores skins CS2 para amantes de skins Counter-Strike fornecidas a voc\u00ea por especialistas do Skin.Club e jogadores profissionais.\" \/>\n<meta name=\"robots\" content=\"noindex, follow, max-snippet:-1, max-image-preview:large, max-video-preview:-1\" \/>\n<meta property=\"og:locale\" content=\"pt_PT\" \/>\n<meta property=\"og:type\" content=\"article\" \/>\n<meta property=\"og:title\" content=\"Artigos, not\u00edcias e eventos de CS2 e CS:GO | Comunidade Skin.Club\" \/>\n<meta property=\"og:description\" content=\"Not\u00edcias e artigos sobre Counter-Strike 2. Cole\u00e7\u00f5es das melhores skins CS2 para amantes de skins Counter-Strike fornecidas a voc\u00ea por especialistas do Skin.Club e jogadores profissionais.\" \/>\n<meta property=\"og:url\" content=\"https:\/\/community.stage.jamson-sc.dev\/pt-pt\" \/>\n<meta property=\"og:site_name\" content=\"CS2 &amp; CS:GO Articles, News, Events | Skin.Club Community\" \/>\n<meta property=\"article:modified_time\" content=\"2025-09-22T14:07:06+00:00\" \/>\n<meta name=\"twitter:card\" content=\"summary_large_image\" \/>\n<script type=\"application\/ld+json\" class=\"yoast-schema-graph\">{\"@context\":\"https:\\\/\\\/schema.org\",\"@graph\":[{\"@type\":\"WebPage\",\"@id\":\"https:\\\/\\\/community.stage.jamson-sc.dev\\\/pt-pt\",\"url\":\"https:\\\/\\\/community.stage.jamson-sc.dev\\\/pt-pt\",\"name\":\"Artigos, not\u00edcias e eventos de CS2 e CS:GO | Comunidade Skin.Club\",\"isPartOf\":{\"@id\":\"https:\\\/\\\/community.stage.jamson-sc.dev\\\/pt-pt#website\"},\"datePublished\":\"2025-08-31T12:13:54+00:00\",\"dateModified\":\"2025-09-22T14:07:06+00:00\",\"description\":\"Not\u00edcias e artigos sobre Counter-Strike 2. Cole\u00e7\u00f5es das melhores skins CS2 para amantes de skins Counter-Strike fornecidas a voc\u00ea por especialistas do Skin.Club e jogadores profissionais.\",\"breadcrumb\":{\"@id\":\"https:\\\/\\\/community.stage.jamson-sc.dev\\\/pt-pt#breadcrumb\"},\"inLanguage\":\"pt-PT\",\"potentialAction\":[{\"@type\":\"ReadAction\",\"target\":[\"https:\\\/\\\/community.stage.jamson-sc.dev\\\/pt-pt\"]}]},{\"@type\":\"BreadcrumbList\",\"@id\":\"https:\\\/\\\/community.stage.jamson-sc.dev\\\/pt-pt#breadcrumb\",\"itemListElement\":[{\"@type\":\"ListItem\",\"position\":1,\"name\":\"Community\",\"item\":\"https:\\\/\\\/community.stage.jamson-sc.dev\\\/pt-pt\\\/homepage\"},{\"@type\":\"ListItem\",\"position\":2,\"name\":\"P\u00e1gina inicial\"}]},{\"@type\":\"WebSite\",\"@id\":\"https:\\\/\\\/community.stage.jamson-sc.dev\\\/pt-pt#website\",\"url\":\"https:\\\/\\\/community.stage.jamson-sc.dev\\\/pt-pt\",\"name\":\"CS:GO - Events, news, recommendations\",\"description\":\"CS2 &amp; CS:GO Articles, News, Events | Skin.Club Community\",\"publisher\":{\"@id\":\"https:\\\/\\\/community.stage.jamson-sc.dev\\\/pt-pt#organization\"},\"alternateName\":\"CS:GO - news\",\"potentialAction\":[{\"@type\":\"SearchAction\",\"target\":{\"@type\":\"EntryPoint\",\"urlTemplate\":\"https:\\\/\\\/community.stage.jamson-sc.dev\\\/pt-pt?s={search_term_string}\"},\"query-input\":{\"@type\":\"PropertyValueSpecification\",\"valueRequired\":true,\"valueName\":\"search_term_string\"}}],\"inLanguage\":\"pt-PT\"},{\"@type\":\"Organization\",\"@id\":\"https:\\\/\\\/community.stage.jamson-sc.dev\\\/pt-pt#organization\",\"name\":\"SkinClub\",\"url\":\"https:\\\/\\\/community.stage.jamson-sc.dev\\\/pt-pt\",\"logo\":{\"@type\":\"ImageObject\",\"inLanguage\":\"pt-PT\",\"@id\":\"https:\\\/\\\/community.stage.jamson-sc.dev\\\/pt-pt#\\\/schema\\\/logo\\\/image\\\/\",\"url\":\"\",\"contentUrl\":\"\",\"caption\":\"SkinClub\"},\"image\":{\"@id\":\"https:\\\/\\\/community.stage.jamson-sc.dev\\\/pt-pt#\\\/schema\\\/logo\\\/image\\\/\"}}]}<\/script>\n<!-- \/ Yoast SEO plugin. -->","yoast_head_json":{"title":"Artigos, not\u00edcias e eventos de CS2 e CS:GO | Comunidade Skin.Club","description":"Not\u00edcias e artigos sobre Counter-Strike 2. Cole\u00e7\u00f5es das melhores skins CS2 para amantes de skins Counter-Strike fornecidas a voc\u00ea por especialistas do Skin.Club e jogadores profissionais.","robots":{"index":"noindex","follow":"follow","max-snippet":"max-snippet:-1","max-image-preview":"max-image-preview:large","max-video-preview":"max-video-preview:-1"},"og_locale":"pt_PT","og_type":"article","og_title":"Artigos, not\u00edcias e eventos de CS2 e CS:GO | Comunidade Skin.Club","og_description":"Not\u00edcias e artigos sobre Counter-Strike 2. Cole\u00e7\u00f5es das melhores skins CS2 para amantes de skins Counter-Strike fornecidas a voc\u00ea por especialistas do Skin.Club e jogadores profissionais.","og_url":"https:\/\/community.stage.jamson-sc.dev\/pt-pt","og_site_name":"CS2 &amp; CS:GO Articles, News, Events | Skin.Club Community","article_modified_time":"2025-09-22T14:07:06+00:00","twitter_card":"summary_large_image","schema":{"@context":"https:\/\/schema.org","@graph":[{"@type":"WebPage","@id":"https:\/\/community.stage.jamson-sc.dev\/pt-pt","url":"https:\/\/community.stage.jamson-sc.dev\/pt-pt","name":"Artigos, not\u00edcias e eventos de CS2 e CS:GO | Comunidade Skin.Club","isPartOf":{"@id":"https:\/\/community.stage.jamson-sc.dev\/pt-pt#website"},"datePublished":"2025-08-31T12:13:54+00:00","dateModified":"2025-09-22T14:07:06+00:00","description":"Not\u00edcias e artigos sobre Counter-Strike 2. Cole\u00e7\u00f5es das melhores skins CS2 para amantes de skins Counter-Strike fornecidas a voc\u00ea por especialistas do Skin.Club e jogadores profissionais.","breadcrumb":{"@id":"https:\/\/community.stage.jamson-sc.dev\/pt-pt#breadcrumb"},"inLanguage":"pt-PT","potentialAction":[{"@type":"ReadAction","target":["https:\/\/community.stage.jamson-sc.dev\/pt-pt"]}]},{"@type":"BreadcrumbList","@id":"https:\/\/community.stage.jamson-sc.dev\/pt-pt#breadcrumb","itemListElement":[{"@type":"ListItem","position":1,"name":"Community","item":"https:\/\/community.stage.jamson-sc.dev\/pt-pt\/homepage"},{"@type":"ListItem","position":2,"name":"P\u00e1gina inicial"}]},{"@type":"WebSite","@id":"https:\/\/community.stage.jamson-sc.dev\/pt-pt#website","url":"https:\/\/community.stage.jamson-sc.dev\/pt-pt","name":"CS:GO - Events, news, recommendations","description":"CS2 &amp; CS:GO Articles, News, Events | Skin.Club Community","publisher":{"@id":"https:\/\/community.stage.jamson-sc.dev\/pt-pt#organization"},"alternateName":"CS:GO - news","potentialAction":[{"@type":"SearchAction","target":{"@type":"EntryPoint","urlTemplate":"https:\/\/community.stage.jamson-sc.dev\/pt-pt?s={search_term_string}"},"query-input":{"@type":"PropertyValueSpecification","valueRequired":true,"valueName":"search_term_string"}}],"inLanguage":"pt-PT"},{"@type":"Organization","@id":"https:\/\/community.stage.jamson-sc.dev\/pt-pt#organization","name":"SkinClub","url":"https:\/\/community.stage.jamson-sc.dev\/pt-pt","logo":{"@type":"ImageObject","inLanguage":"pt-PT","@id":"https:\/\/community.stage.jamson-sc.dev\/pt-pt#\/schema\/logo\/image\/","url":"","contentUrl":"","caption":"SkinClub"},"image":{"@id":"https:\/\/community.stage.jamson-sc.dev\/pt-pt#\/schema\/logo\/image\/"}}]}},"_links":{"self":[{"href":"https:\/\/community.stage.jamson-sc.dev\/pt-pt\/wp-json\/wp\/v2\/pages\/91205","targetHints":{"allow":["GET"]}}],"collection":[{"href":"https:\/\/community.stage.jamson-sc.dev\/pt-pt\/wp-json\/wp\/v2\/pages"}],"about":[{"href":"https:\/\/community.stage.jamson-sc.dev\/pt-pt\/wp-json\/wp\/v2\/types\/page"}],"author":[{"embeddable":true,"href":"https:\/\/community.stage.jamson-sc.dev\/pt-pt\/wp-json\/wp\/v2\/users\/4"}],"replies":[{"embeddable":true,"href":"https:\/\/community.stage.jamson-sc.dev\/pt-pt\/wp-json\/wp\/v2\/comments?post=91205"}],"version-history":[{"count":1,"href":"https:\/\/community.stage.jamson-sc.dev\/pt-pt\/wp-json\/wp\/v2\/pages\/91205\/revisions"}],"predecessor-version":[{"id":91355,"href":"https:\/\/community.stage.jamson-sc.dev\/pt-pt\/wp-json\/wp\/v2\/pages\/91205\/revisions\/91355"}],"wp:attachment":[{"href":"https:\/\/community.stage.jamson-sc.dev\/pt-pt\/wp-json\/wp\/v2\/media?parent=91205"}],"curies":[{"name":"wp","href":"https:\/\/api.w.org\/{rel}","templated":true}]}}