{"id":7306,"date":"2022-06-28T10:08:43","date_gmt":"2022-06-28T10:08:43","guid":{"rendered":"https:\/\/skin.club\/community\/destek\/"},"modified":"2024-09-11T17:49:30","modified_gmt":"2024-09-11T17:49:30","slug":"destek","status":"publish","type":"page","link":"https:\/\/community.stage.jamson-sc.dev\/tr\/destek","title":{"rendered":"Destek"},"content":{"rendered":"<h2>Destekle nas\u0131l ileti\u015fime ge\u00e7ebilirsinizHow you can contact support<\/h2>\n<p><strong>Toplulu\u011fumuzda, faydal\u0131 bir m\u00fc\u015fteri destek hizmetimiz var. Dijital d\u00fcnyada olduk\u00e7a \u00f6nemlidir. Yard\u0131m Departman\u0131m\u0131z her g\u00fcn 7\/24 \u00e7al\u0131\u015fmaktad\u0131r. Sorular\u0131n\u0131za h\u0131zl\u0131 yan\u0131tlar vermek son derece \u00f6nemlidir.   <\/strong><\/p>\n<p>E\u011fer bu hizmeti kullanmak istiyorsan\u0131z, l\u00fctfen hizmetin verimlili\u011fini art\u0131racak birka\u00e7 basit ipucunu takip edin.<\/p>\n<ol>\n<li><b>\u00d6nemli.<\/b> Bize ne kadar faydal\u0131 bilgi verirseniz, sorununuzu \u00e7\u00f6zmek o kadar kolay olur.<\/li>\n<li><b>Asla.<\/b> L\u00fctfen taleplerinizi tekrarlamay\u0131n. Size hemen yan\u0131t vermezsek l\u00fctfen bekleyin. Bize ayn\u0131 soruyla tekrar yazmay\u0131n. Bir yan\u0131t bekleyin.   <\/li>\n<li><b>Unutmay\u0131n.<\/b> Hizmetimizi kullanma ko\u015fullar\u0131m\u0131z var <a class=\"article-list-blue__underline\" href=\"https:\/\/skin.club\/en\/tos\" target=\"_blank\" rel=\"noopener\">https:\/\/skin.club\/en\/tos<\/a> ve e\u011fer bunlar\u0131 ihlal ederseniz, size yard\u0131mc\u0131 olamay\u0131z maalesef. <\/li>\n<\/ol>\n<h2>Destekle ileti\u015fime ge\u00e7menin iki yolu var<\/h2>\n<ol>\n<li>E-posta hizmetinizi a\u00e7\u0131n ve bize <a class=\"red-link\" href=\"maito:help@skin.club\">help@skin.club<\/a> adresinden ula\u015f\u0131n<\/li>\n<li>SKIN.CLUB\u2019u a\u00e7\u0131n ve Steam Hesab\u0131n\u0131zla giri\u015f yap\u0131n. Ard\u0131ndan, sitemizin sa\u011f taraf\u0131nda \u00f6zel bir ileti\u015fim formu g\u00f6receksiniz. Bu bir Destek Formudur.  <\/li>\n<\/ol>\n<p><img loading=\"lazy\" decoding=\"async\" class=\"alignnone wp-image-89158\" src=\"https:\/\/front.stage.jamson-sc.dev\/community\/wp-content\/uploads\/2024\/09\/Event-BLAST-Premier-2024-1024x576.webp\" alt=\"\" width=\"1065\" height=\"599\"><\/p>\n<h2>\u00d6nemli bilgiler<\/h2>\n<p>Destekle yaln\u0131zca sitemizdeki SKIN.CLUB Destek Formu arac\u0131l\u0131\u011f\u0131yla veya help@skin.club e-posta adresi \u00fczerinden ileti\u015fime ge\u00e7ebilirsiniz. Asla Steam, Discord, FB vb. \u00f6zel mesajlar\u0131 kullanmay\u0131n. Sadece Destek Formumuz g\u00fcvenli ve uygun bir yoldur.   <\/p>\n<p>Bir\u00e7ok ki\u015fi, destek sorunlar\u0131yla ilgili olarak Katk\u0131da Bulunanlar\/\u0130\u00e7erik \u00dcreticileri\/di\u011fer g\u00f6n\u00fcll\u00fclere \u00f6zel mesaj g\u00f6nderiyor. L\u00fctfen bunu yapmay\u0131n. SkinClub g\u00f6n\u00fcll\u00fcleri bizim \u00e7al\u0131\u015fanlar\u0131m\u0131z de\u011fildir. Destek biletleri ve raporlar konusunda size yard\u0131mc\u0131 olamazlar.   <\/p>\n","protected":false},"excerpt":{"rendered":"<p>Destekle nas\u0131l ileti\u015fime ge\u00e7ebilirsinizHow you can contact support Toplulu\u011fumuzda, faydal\u0131 bir m\u00fc\u015fteri destek hizmetimiz var. Dijital d\u00fcnyada olduk\u00e7a \u00f6nemlidir. Yard\u0131m Departman\u0131m\u0131z her g\u00fcn 7\/24 \u00e7al\u0131\u015fmaktad\u0131r. Sorular\u0131n\u0131za h\u0131zl\u0131 yan\u0131tlar vermek son derece \u00f6nemlidir. E\u011fer bu hizmeti kullanmak istiyorsan\u0131z, l\u00fctfen hizmetin verimlili\u011fini art\u0131racak birka\u00e7 basit ipucunu takip edin. \u00d6nemli. Bize ne kadar faydal\u0131 bilgi verirseniz, sorununuzu \u00e7\u00f6zmek [&hellip;]<\/p>\n","protected":false},"author":5,"featured_media":0,"parent":0,"menu_order":0,"comment_status":"closed","ping_status":"closed","template":"","meta":{"_acf_changed":false,"footnotes":""},"class_list":["post-7306","page","type-page","status-publish","hentry"],"acf":[],"yoast_head":"<!-- This site is optimized with the Yoast SEO plugin v27.4 - https:\/\/yoast.com\/product\/yoast-seo-wordpress\/ -->\n<title>Destek - CS2 &amp; CS:GO Articles, News, Events | Skin.Club Community<\/title>\n<meta name=\"robots\" content=\"noindex, follow, max-snippet:-1, max-image-preview:large, max-video-preview:-1\" \/>\n<meta property=\"og:locale\" content=\"tr_TR\" \/>\n<meta property=\"og:type\" content=\"article\" \/>\n<meta property=\"og:title\" content=\"Destek - CS2 &amp; CS:GO Articles, News, Events | Skin.Club Community\" \/>\n<meta property=\"og:description\" content=\"Destekle nas\u0131l ileti\u015fime ge\u00e7ebilirsinizHow you can contact support Toplulu\u011fumuzda, faydal\u0131 bir m\u00fc\u015fteri destek hizmetimiz var. Dijital d\u00fcnyada olduk\u00e7a \u00f6nemlidir. Yard\u0131m Departman\u0131m\u0131z her g\u00fcn 7\/24 \u00e7al\u0131\u015fmaktad\u0131r. Sorular\u0131n\u0131za h\u0131zl\u0131 yan\u0131tlar vermek son derece \u00f6nemlidir. E\u011fer bu hizmeti kullanmak istiyorsan\u0131z, l\u00fctfen hizmetin verimlili\u011fini art\u0131racak birka\u00e7 basit ipucunu takip edin. \u00d6nemli. Bize ne kadar faydal\u0131 bilgi verirseniz, sorununuzu \u00e7\u00f6zmek [&hellip;]\" \/>\n<meta property=\"og:url\" content=\"https:\/\/community.stage.jamson-sc.dev\/tr\/destek\" \/>\n<meta property=\"og:site_name\" content=\"CS2 &amp; CS:GO Articles, News, Events | Skin.Club Community\" \/>\n<meta property=\"article:modified_time\" content=\"2024-09-11T17:49:30+00:00\" \/>\n<meta name=\"twitter:card\" content=\"summary_large_image\" \/>\n<meta name=\"twitter:label1\" content=\"Tahmini okuma s\u00fcresi\" \/>\n\t<meta name=\"twitter:data1\" content=\"1 dakika\" \/>\n<script type=\"application\/ld+json\" class=\"yoast-schema-graph\">{\"@context\":\"https:\\\/\\\/schema.org\",\"@graph\":[{\"@type\":\"WebPage\",\"@id\":\"https:\\\/\\\/community.stage.jamson-sc.dev\\\/tr\\\/destek\",\"url\":\"https:\\\/\\\/community.stage.jamson-sc.dev\\\/tr\\\/destek\",\"name\":\"Destek - CS2 &amp; CS:GO Articles, News, Events | Skin.Club Community\",\"isPartOf\":{\"@id\":\"https:\\\/\\\/community.stage.jamson-sc.dev\\\/tr#website\"},\"primaryImageOfPage\":{\"@id\":\"https:\\\/\\\/community.stage.jamson-sc.dev\\\/tr\\\/destek#primaryimage\"},\"image\":{\"@id\":\"https:\\\/\\\/community.stage.jamson-sc.dev\\\/tr\\\/destek#primaryimage\"},\"thumbnailUrl\":\"https:\\\/\\\/front.stage.jamson-sc.dev\\\/community\\\/wp-content\\\/uploads\\\/2024\\\/09\\\/Event-BLAST-Premier-2024-1024x576.webp\",\"datePublished\":\"2022-06-28T10:08:43+00:00\",\"dateModified\":\"2024-09-11T17:49:30+00:00\",\"breadcrumb\":{\"@id\":\"https:\\\/\\\/community.stage.jamson-sc.dev\\\/tr\\\/destek#breadcrumb\"},\"inLanguage\":\"tr\",\"potentialAction\":[{\"@type\":\"ReadAction\",\"target\":[\"https:\\\/\\\/community.stage.jamson-sc.dev\\\/tr\\\/destek\"]}]},{\"@type\":\"ImageObject\",\"inLanguage\":\"tr\",\"@id\":\"https:\\\/\\\/community.stage.jamson-sc.dev\\\/tr\\\/destek#primaryimage\",\"url\":\"https:\\\/\\\/front.stage.jamson-sc.dev\\\/community\\\/wp-content\\\/uploads\\\/2024\\\/09\\\/Event-BLAST-Premier-2024-1024x576.webp\",\"contentUrl\":\"https:\\\/\\\/front.stage.jamson-sc.dev\\\/community\\\/wp-content\\\/uploads\\\/2024\\\/09\\\/Event-BLAST-Premier-2024-1024x576.webp\"},{\"@type\":\"BreadcrumbList\",\"@id\":\"https:\\\/\\\/community.stage.jamson-sc.dev\\\/tr\\\/destek#breadcrumb\",\"itemListElement\":[{\"@type\":\"ListItem\",\"position\":1,\"name\":\"Community\",\"item\":\"https:\\\/\\\/community.stage.jamson-sc.dev\\\/tr\\\/homepage\"},{\"@type\":\"ListItem\",\"position\":2,\"name\":\"Destek\"}]},{\"@type\":\"WebSite\",\"@id\":\"https:\\\/\\\/community.stage.jamson-sc.dev\\\/tr#website\",\"url\":\"https:\\\/\\\/community.stage.jamson-sc.dev\\\/tr\",\"name\":\"CS:GO - Events, news, recommendations\",\"description\":\"CS2 &amp; CS:GO Articles, News, Events | Skin.Club Community\",\"publisher\":{\"@id\":\"https:\\\/\\\/community.stage.jamson-sc.dev\\\/tr#organization\"},\"alternateName\":\"CS:GO - news\",\"potentialAction\":[{\"@type\":\"SearchAction\",\"target\":{\"@type\":\"EntryPoint\",\"urlTemplate\":\"https:\\\/\\\/community.stage.jamson-sc.dev\\\/tr?s={search_term_string}\"},\"query-input\":{\"@type\":\"PropertyValueSpecification\",\"valueRequired\":true,\"valueName\":\"search_term_string\"}}],\"inLanguage\":\"tr\"},{\"@type\":\"Organization\",\"@id\":\"https:\\\/\\\/community.stage.jamson-sc.dev\\\/tr#organization\",\"name\":\"SkinClub\",\"url\":\"https:\\\/\\\/community.stage.jamson-sc.dev\\\/tr\",\"logo\":{\"@type\":\"ImageObject\",\"inLanguage\":\"tr\",\"@id\":\"https:\\\/\\\/community.stage.jamson-sc.dev\\\/tr#\\\/schema\\\/logo\\\/image\\\/\",\"url\":\"\",\"contentUrl\":\"\",\"caption\":\"SkinClub\"},\"image\":{\"@id\":\"https:\\\/\\\/community.stage.jamson-sc.dev\\\/tr#\\\/schema\\\/logo\\\/image\\\/\"}}]}<\/script>\n<!-- \/ Yoast SEO plugin. -->","yoast_head_json":{"title":"Destek - CS2 &amp; CS:GO Articles, News, Events | Skin.Club Community","robots":{"index":"noindex","follow":"follow","max-snippet":"max-snippet:-1","max-image-preview":"max-image-preview:large","max-video-preview":"max-video-preview:-1"},"og_locale":"tr_TR","og_type":"article","og_title":"Destek - CS2 &amp; CS:GO Articles, News, Events | Skin.Club Community","og_description":"Destekle nas\u0131l ileti\u015fime ge\u00e7ebilirsinizHow you can contact support Toplulu\u011fumuzda, faydal\u0131 bir m\u00fc\u015fteri destek hizmetimiz var. Dijital d\u00fcnyada olduk\u00e7a \u00f6nemlidir. Yard\u0131m Departman\u0131m\u0131z her g\u00fcn 7\/24 \u00e7al\u0131\u015fmaktad\u0131r. Sorular\u0131n\u0131za h\u0131zl\u0131 yan\u0131tlar vermek son derece \u00f6nemlidir. E\u011fer bu hizmeti kullanmak istiyorsan\u0131z, l\u00fctfen hizmetin verimlili\u011fini art\u0131racak birka\u00e7 basit ipucunu takip edin. \u00d6nemli. Bize ne kadar faydal\u0131 bilgi verirseniz, sorununuzu \u00e7\u00f6zmek [&hellip;]","og_url":"https:\/\/community.stage.jamson-sc.dev\/tr\/destek","og_site_name":"CS2 &amp; CS:GO Articles, News, Events | Skin.Club Community","article_modified_time":"2024-09-11T17:49:30+00:00","twitter_card":"summary_large_image","twitter_misc":{"Tahmini okuma s\u00fcresi":"1 dakika"},"schema":{"@context":"https:\/\/schema.org","@graph":[{"@type":"WebPage","@id":"https:\/\/community.stage.jamson-sc.dev\/tr\/destek","url":"https:\/\/community.stage.jamson-sc.dev\/tr\/destek","name":"Destek - CS2 &amp; CS:GO Articles, News, Events | Skin.Club Community","isPartOf":{"@id":"https:\/\/community.stage.jamson-sc.dev\/tr#website"},"primaryImageOfPage":{"@id":"https:\/\/community.stage.jamson-sc.dev\/tr\/destek#primaryimage"},"image":{"@id":"https:\/\/community.stage.jamson-sc.dev\/tr\/destek#primaryimage"},"thumbnailUrl":"https:\/\/front.stage.jamson-sc.dev\/community\/wp-content\/uploads\/2024\/09\/Event-BLAST-Premier-2024-1024x576.webp","datePublished":"2022-06-28T10:08:43+00:00","dateModified":"2024-09-11T17:49:30+00:00","breadcrumb":{"@id":"https:\/\/community.stage.jamson-sc.dev\/tr\/destek#breadcrumb"},"inLanguage":"tr","potentialAction":[{"@type":"ReadAction","target":["https:\/\/community.stage.jamson-sc.dev\/tr\/destek"]}]},{"@type":"ImageObject","inLanguage":"tr","@id":"https:\/\/community.stage.jamson-sc.dev\/tr\/destek#primaryimage","url":"https:\/\/front.stage.jamson-sc.dev\/community\/wp-content\/uploads\/2024\/09\/Event-BLAST-Premier-2024-1024x576.webp","contentUrl":"https:\/\/front.stage.jamson-sc.dev\/community\/wp-content\/uploads\/2024\/09\/Event-BLAST-Premier-2024-1024x576.webp"},{"@type":"BreadcrumbList","@id":"https:\/\/community.stage.jamson-sc.dev\/tr\/destek#breadcrumb","itemListElement":[{"@type":"ListItem","position":1,"name":"Community","item":"https:\/\/community.stage.jamson-sc.dev\/tr\/homepage"},{"@type":"ListItem","position":2,"name":"Destek"}]},{"@type":"WebSite","@id":"https:\/\/community.stage.jamson-sc.dev\/tr#website","url":"https:\/\/community.stage.jamson-sc.dev\/tr","name":"CS:GO - Events, news, recommendations","description":"CS2 &amp; CS:GO Articles, News, Events | Skin.Club Community","publisher":{"@id":"https:\/\/community.stage.jamson-sc.dev\/tr#organization"},"alternateName":"CS:GO - news","potentialAction":[{"@type":"SearchAction","target":{"@type":"EntryPoint","urlTemplate":"https:\/\/community.stage.jamson-sc.dev\/tr?s={search_term_string}"},"query-input":{"@type":"PropertyValueSpecification","valueRequired":true,"valueName":"search_term_string"}}],"inLanguage":"tr"},{"@type":"Organization","@id":"https:\/\/community.stage.jamson-sc.dev\/tr#organization","name":"SkinClub","url":"https:\/\/community.stage.jamson-sc.dev\/tr","logo":{"@type":"ImageObject","inLanguage":"tr","@id":"https:\/\/community.stage.jamson-sc.dev\/tr#\/schema\/logo\/image\/","url":"","contentUrl":"","caption":"SkinClub"},"image":{"@id":"https:\/\/community.stage.jamson-sc.dev\/tr#\/schema\/logo\/image\/"}}]}},"_links":{"self":[{"href":"https:\/\/community.stage.jamson-sc.dev\/tr\/wp-json\/wp\/v2\/pages\/7306","targetHints":{"allow":["GET"]}}],"collection":[{"href":"https:\/\/community.stage.jamson-sc.dev\/tr\/wp-json\/wp\/v2\/pages"}],"about":[{"href":"https:\/\/community.stage.jamson-sc.dev\/tr\/wp-json\/wp\/v2\/types\/page"}],"author":[{"embeddable":true,"href":"https:\/\/community.stage.jamson-sc.dev\/tr\/wp-json\/wp\/v2\/users\/5"}],"replies":[{"embeddable":true,"href":"https:\/\/community.stage.jamson-sc.dev\/tr\/wp-json\/wp\/v2\/comments?post=7306"}],"version-history":[{"count":2,"href":"https:\/\/community.stage.jamson-sc.dev\/tr\/wp-json\/wp\/v2\/pages\/7306\/revisions"}],"predecessor-version":[{"id":89184,"href":"https:\/\/community.stage.jamson-sc.dev\/tr\/wp-json\/wp\/v2\/pages\/7306\/revisions\/89184"}],"wp:attachment":[{"href":"https:\/\/community.stage.jamson-sc.dev\/tr\/wp-json\/wp\/v2\/media?parent=7306"}],"curies":[{"name":"wp","href":"https:\/\/api.w.org\/{rel}","templated":true}]}}