{"id":91209,"date":"2025-08-31T12:13:54","date_gmt":"2025-08-31T12:13:54","guid":{"rendered":"https:\/\/community.stage.jamson-sc.dev\/homepage"},"modified":"2025-09-22T14:09:40","modified_gmt":"2025-09-22T14:09:40","slug":"homepage","status":"publish","type":"page","link":"https:\/\/community.stage.jamson-sc.dev\/tr","title":{"rendered":"Ana sayfa"},"content":{"rendered":"","protected":false},"excerpt":{"rendered":"","protected":false},"author":4,"featured_media":0,"parent":0,"menu_order":0,"comment_status":"closed","ping_status":"closed","template":"","meta":{"_acf_changed":false,"footnotes":""},"class_list":["post-91209","page","type-page","status-publish","hentry"],"acf":[],"yoast_head":"<!-- This site is optimized with the Yoast SEO plugin v27.4 - https:\/\/yoast.com\/product\/yoast-seo-wordpress\/ -->\n<title>CS2 ve CS:GO Makaleleri, Haberler, Etkinlikler | Skin.Club Toplulu\u011fu<\/title>\n<meta name=\"description\" content=\"Counter-Strike 2 ile ilgili Haberler ve Makaleler. Counter-Strike g\u00f6r\u00fcn\u00fcm severler i\u00e7in en iyi CS2 g\u00f6r\u00fcn\u00fcmlerinin koleksiyonlar\u0131, Skin.Club uzmanlar\u0131 ve profesyonel oyuncular taraf\u0131ndan size sunulmaktad\u0131r.\" \/>\n<meta name=\"robots\" content=\"noindex, follow, max-snippet:-1, max-image-preview:large, max-video-preview:-1\" \/>\n<meta property=\"og:locale\" content=\"tr_TR\" \/>\n<meta property=\"og:type\" content=\"article\" \/>\n<meta property=\"og:title\" content=\"CS2 ve CS:GO Makaleleri, Haberler, Etkinlikler | Skin.Club Toplulu\u011fu\" \/>\n<meta property=\"og:description\" content=\"Counter-Strike 2 ile ilgili Haberler ve Makaleler. Counter-Strike g\u00f6r\u00fcn\u00fcm severler i\u00e7in en iyi CS2 g\u00f6r\u00fcn\u00fcmlerinin koleksiyonlar\u0131, Skin.Club uzmanlar\u0131 ve profesyonel oyuncular taraf\u0131ndan size sunulmaktad\u0131r.\" \/>\n<meta property=\"og:url\" content=\"https:\/\/community.stage.jamson-sc.dev\/tr\" \/>\n<meta property=\"og:site_name\" content=\"CS2 &amp; CS:GO Articles, News, Events | Skin.Club Community\" \/>\n<meta property=\"article:modified_time\" content=\"2025-09-22T14:09:40+00:00\" \/>\n<meta name=\"twitter:card\" content=\"summary_large_image\" \/>\n<script type=\"application\/ld+json\" class=\"yoast-schema-graph\">{\"@context\":\"https:\\\/\\\/schema.org\",\"@graph\":[{\"@type\":\"WebPage\",\"@id\":\"https:\\\/\\\/community.stage.jamson-sc.dev\\\/tr\",\"url\":\"https:\\\/\\\/community.stage.jamson-sc.dev\\\/tr\",\"name\":\"CS2 ve CS:GO Makaleleri, Haberler, Etkinlikler | Skin.Club Toplulu\u011fu\",\"isPartOf\":{\"@id\":\"https:\\\/\\\/community.stage.jamson-sc.dev\\\/tr#website\"},\"datePublished\":\"2025-08-31T12:13:54+00:00\",\"dateModified\":\"2025-09-22T14:09:40+00:00\",\"description\":\"Counter-Strike 2 ile ilgili Haberler ve Makaleler. Counter-Strike g\u00f6r\u00fcn\u00fcm severler i\u00e7in en iyi CS2 g\u00f6r\u00fcn\u00fcmlerinin koleksiyonlar\u0131, Skin.Club uzmanlar\u0131 ve profesyonel oyuncular taraf\u0131ndan size sunulmaktad\u0131r.\",\"breadcrumb\":{\"@id\":\"https:\\\/\\\/community.stage.jamson-sc.dev\\\/tr#breadcrumb\"},\"inLanguage\":\"tr\",\"potentialAction\":[{\"@type\":\"ReadAction\",\"target\":[\"https:\\\/\\\/community.stage.jamson-sc.dev\\\/tr\"]}]},{\"@type\":\"BreadcrumbList\",\"@id\":\"https:\\\/\\\/community.stage.jamson-sc.dev\\\/tr#breadcrumb\",\"itemListElement\":[{\"@type\":\"ListItem\",\"position\":1,\"name\":\"Community\",\"item\":\"https:\\\/\\\/community.stage.jamson-sc.dev\\\/tr\\\/homepage\"},{\"@type\":\"ListItem\",\"position\":2,\"name\":\"Ana sayfa\"}]},{\"@type\":\"WebSite\",\"@id\":\"https:\\\/\\\/community.stage.jamson-sc.dev\\\/tr#website\",\"url\":\"https:\\\/\\\/community.stage.jamson-sc.dev\\\/tr\",\"name\":\"CS:GO - Events, news, recommendations\",\"description\":\"CS2 &amp; CS:GO Articles, News, Events | Skin.Club Community\",\"publisher\":{\"@id\":\"https:\\\/\\\/community.stage.jamson-sc.dev\\\/tr#organization\"},\"alternateName\":\"CS:GO - news\",\"potentialAction\":[{\"@type\":\"SearchAction\",\"target\":{\"@type\":\"EntryPoint\",\"urlTemplate\":\"https:\\\/\\\/community.stage.jamson-sc.dev\\\/tr?s={search_term_string}\"},\"query-input\":{\"@type\":\"PropertyValueSpecification\",\"valueRequired\":true,\"valueName\":\"search_term_string\"}}],\"inLanguage\":\"tr\"},{\"@type\":\"Organization\",\"@id\":\"https:\\\/\\\/community.stage.jamson-sc.dev\\\/tr#organization\",\"name\":\"SkinClub\",\"url\":\"https:\\\/\\\/community.stage.jamson-sc.dev\\\/tr\",\"logo\":{\"@type\":\"ImageObject\",\"inLanguage\":\"tr\",\"@id\":\"https:\\\/\\\/community.stage.jamson-sc.dev\\\/tr#\\\/schema\\\/logo\\\/image\\\/\",\"url\":\"\",\"contentUrl\":\"\",\"caption\":\"SkinClub\"},\"image\":{\"@id\":\"https:\\\/\\\/community.stage.jamson-sc.dev\\\/tr#\\\/schema\\\/logo\\\/image\\\/\"}}]}<\/script>\n<!-- \/ Yoast SEO plugin. -->","yoast_head_json":{"title":"CS2 ve CS:GO Makaleleri, Haberler, Etkinlikler | Skin.Club Toplulu\u011fu","description":"Counter-Strike 2 ile ilgili Haberler ve Makaleler. Counter-Strike g\u00f6r\u00fcn\u00fcm severler i\u00e7in en iyi CS2 g\u00f6r\u00fcn\u00fcmlerinin koleksiyonlar\u0131, Skin.Club uzmanlar\u0131 ve profesyonel oyuncular taraf\u0131ndan size sunulmaktad\u0131r.","robots":{"index":"noindex","follow":"follow","max-snippet":"max-snippet:-1","max-image-preview":"max-image-preview:large","max-video-preview":"max-video-preview:-1"},"og_locale":"tr_TR","og_type":"article","og_title":"CS2 ve CS:GO Makaleleri, Haberler, Etkinlikler | Skin.Club Toplulu\u011fu","og_description":"Counter-Strike 2 ile ilgili Haberler ve Makaleler. Counter-Strike g\u00f6r\u00fcn\u00fcm severler i\u00e7in en iyi CS2 g\u00f6r\u00fcn\u00fcmlerinin koleksiyonlar\u0131, Skin.Club uzmanlar\u0131 ve profesyonel oyuncular taraf\u0131ndan size sunulmaktad\u0131r.","og_url":"https:\/\/community.stage.jamson-sc.dev\/tr","og_site_name":"CS2 &amp; CS:GO Articles, News, Events | Skin.Club Community","article_modified_time":"2025-09-22T14:09:40+00:00","twitter_card":"summary_large_image","schema":{"@context":"https:\/\/schema.org","@graph":[{"@type":"WebPage","@id":"https:\/\/community.stage.jamson-sc.dev\/tr","url":"https:\/\/community.stage.jamson-sc.dev\/tr","name":"CS2 ve CS:GO Makaleleri, Haberler, Etkinlikler | Skin.Club Toplulu\u011fu","isPartOf":{"@id":"https:\/\/community.stage.jamson-sc.dev\/tr#website"},"datePublished":"2025-08-31T12:13:54+00:00","dateModified":"2025-09-22T14:09:40+00:00","description":"Counter-Strike 2 ile ilgili Haberler ve Makaleler. Counter-Strike g\u00f6r\u00fcn\u00fcm severler i\u00e7in en iyi CS2 g\u00f6r\u00fcn\u00fcmlerinin koleksiyonlar\u0131, Skin.Club uzmanlar\u0131 ve profesyonel oyuncular taraf\u0131ndan size sunulmaktad\u0131r.","breadcrumb":{"@id":"https:\/\/community.stage.jamson-sc.dev\/tr#breadcrumb"},"inLanguage":"tr","potentialAction":[{"@type":"ReadAction","target":["https:\/\/community.stage.jamson-sc.dev\/tr"]}]},{"@type":"BreadcrumbList","@id":"https:\/\/community.stage.jamson-sc.dev\/tr#breadcrumb","itemListElement":[{"@type":"ListItem","position":1,"name":"Community","item":"https:\/\/community.stage.jamson-sc.dev\/tr\/homepage"},{"@type":"ListItem","position":2,"name":"Ana sayfa"}]},{"@type":"WebSite","@id":"https:\/\/community.stage.jamson-sc.dev\/tr#website","url":"https:\/\/community.stage.jamson-sc.dev\/tr","name":"CS:GO - Events, news, recommendations","description":"CS2 &amp; CS:GO Articles, News, Events | Skin.Club Community","publisher":{"@id":"https:\/\/community.stage.jamson-sc.dev\/tr#organization"},"alternateName":"CS:GO - news","potentialAction":[{"@type":"SearchAction","target":{"@type":"EntryPoint","urlTemplate":"https:\/\/community.stage.jamson-sc.dev\/tr?s={search_term_string}"},"query-input":{"@type":"PropertyValueSpecification","valueRequired":true,"valueName":"search_term_string"}}],"inLanguage":"tr"},{"@type":"Organization","@id":"https:\/\/community.stage.jamson-sc.dev\/tr#organization","name":"SkinClub","url":"https:\/\/community.stage.jamson-sc.dev\/tr","logo":{"@type":"ImageObject","inLanguage":"tr","@id":"https:\/\/community.stage.jamson-sc.dev\/tr#\/schema\/logo\/image\/","url":"","contentUrl":"","caption":"SkinClub"},"image":{"@id":"https:\/\/community.stage.jamson-sc.dev\/tr#\/schema\/logo\/image\/"}}]}},"_links":{"self":[{"href":"https:\/\/community.stage.jamson-sc.dev\/tr\/wp-json\/wp\/v2\/pages\/91209","targetHints":{"allow":["GET"]}}],"collection":[{"href":"https:\/\/community.stage.jamson-sc.dev\/tr\/wp-json\/wp\/v2\/pages"}],"about":[{"href":"https:\/\/community.stage.jamson-sc.dev\/tr\/wp-json\/wp\/v2\/types\/page"}],"author":[{"embeddable":true,"href":"https:\/\/community.stage.jamson-sc.dev\/tr\/wp-json\/wp\/v2\/users\/4"}],"replies":[{"embeddable":true,"href":"https:\/\/community.stage.jamson-sc.dev\/tr\/wp-json\/wp\/v2\/comments?post=91209"}],"version-history":[{"count":1,"href":"https:\/\/community.stage.jamson-sc.dev\/tr\/wp-json\/wp\/v2\/pages\/91209\/revisions"}],"predecessor-version":[{"id":91359,"href":"https:\/\/community.stage.jamson-sc.dev\/tr\/wp-json\/wp\/v2\/pages\/91209\/revisions\/91359"}],"wp:attachment":[{"href":"https:\/\/community.stage.jamson-sc.dev\/tr\/wp-json\/wp\/v2\/media?parent=91209"}],"curies":[{"name":"wp","href":"https:\/\/api.w.org\/{rel}","templated":true}]}}