{"id":12069,"date":"2022-06-28T10:08:43","date_gmt":"2022-06-28T10:08:43","guid":{"rendered":"https:\/\/skin.club\/community\/ho-tro\/"},"modified":"2024-09-11T17:52:29","modified_gmt":"2024-09-11T17:52:29","slug":"ung-ho","status":"publish","type":"page","link":"https:\/\/community.stage.jamson-sc.dev\/vi\/ung-ho","title":{"rendered":"H\u1ed7 tr\u1ee3"},"content":{"rendered":"<h2>C\u00e1ch b\u1ea1n c\u00f3 th\u1ec3 li\u00ean h\u1ec7 v\u1edbi h\u1ed7 tr\u1ee3<\/h2>\n<p><strong>Trong c\u1ed9ng \u0111\u1ed3ng c\u1ee7a ch\u00fang t\u00f4i, ch\u00fang t\u00f4i c\u00f3 m\u1ed9t d\u1ecbch v\u1ee5 h\u1ed7 tr\u1ee3 kh\u00e1ch h\u00e0ng h\u1eefu \u00edch. N\u00f3 r\u1ea5t n\u1ed5i b\u1eadt trong th\u1ebf gi\u1edbi k\u1ef9 thu\u1eadt s\u1ed1. B\u1ed9 ph\u1eadn h\u1ed7 tr\u1ee3 c\u1ee7a ch\u00fang t\u00f4i ho\u1ea1t \u0111\u1ed9ng 24\/7 m\u1ed7i ng\u00e0y. V\u00e0 \u0111i\u1ec1u quan tr\u1ecdng l\u00e0 ph\u1ea3i \u0111\u01b0a ra c\u00e2u tr\u1ea3 l\u1eddi nhanh ch\u00f3ng cho c\u00e1c c\u00e2u h\u1ecfi c\u1ee7a b\u1ea1n.   <\/strong><\/p>\n<p>N\u1ebfu b\u1ea1n mu\u1ed1n s\u1eed d\u1ee5ng n\u00f3, vui l\u00f2ng l\u00e0m theo m\u1ed9t v\u00e0i m\u1eb9o \u0111\u01a1n gi\u1ea3n \u0111\u1ec3 n\u00e2ng cao hi\u1ec7u qu\u1ea3 c\u1ee7a d\u1ecbch v\u1ee5.<\/p>\n<ol>\n<li><b>Quan tr\u1ecdng.<\/b> C\u00e0ng cung c\u1ea5p nhi\u1ec1u th\u00f4ng tin h\u1eefu \u00edch, ch\u00fang t\u00f4i c\u00e0ng d\u1ec5 gi\u1ea3i quy\u1ebft v\u1ea5n \u0111\u1ec1 c\u1ee7a b\u1ea1n.<\/li>\n<li><b>Kh\u00f4ng bao gi\u1edd.<\/b> Vui l\u00f2ng kh\u00f4ng g\u1eedi y\u00eau c\u1ea7u tr\u00f9ng l\u1eb7p. N\u1ebfu ch\u00fang t\u00f4i kh\u00f4ng tr\u1ea3 l\u1eddi ngay l\u1eadp t\u1ee9c, h\u00e3y ch\u1edd. \u0110\u1eebng vi\u1ebft l\u1ea1i cho ch\u00fang t\u00f4i v\u1edbi c\u00f9ng m\u1ed9t c\u00e2u h\u1ecfi. H\u00e3y ch\u1edd \u0111\u1ee3i c\u00e2u tr\u1ea3 l\u1eddi.   <\/li>\n<li><b>L\u01b0u \u00fd.<\/b> Ch\u00fang t\u00f4i c\u00f3 \u0111i\u1ec1u kho\u1ea3n s\u1eed d\u1ee5ng d\u1ecbch v\u1ee5 c\u1ee7a m\u00ecnh <a class=\"article-list-blue__underline\" href=\"https:\/\/skin.club\/en\/tos\" target=\"_blank\" rel=\"noopener\">https:\/\/skin.club\/en\/tos<\/a> v\u00e0 n\u1ebfu b\u1ea1n vi ph\u1ea1m, r\u1ea5t ti\u1ebfc ch\u00fang t\u00f4i kh\u00f4ng th\u1ec3 gi\u00fap b\u1ea1n. <\/li>\n<\/ol>\n<h2>B\u1ea1n c\u00f3 hai c\u00e1ch \u0111\u1ec3 li\u00ean h\u1ec7 v\u1edbi b\u1ed9 ph\u1eadn h\u1ed7 tr\u1ee3 c\u1ee7a ch\u00fang t\u00f4i<\/h2>\n<ol>\n<li>M\u1edf d\u1ecbch v\u1ee5 email c\u1ee7a b\u1ea1n v\u00e0 li\u00ean h\u1ec7 v\u1edbi ch\u00fang t\u00f4i t\u1ea1i <a class=\"red-link\" href=\"maito:help@skin.club\">help@skin.club<\/a><\/li>\n<li>M\u1edf SKIN.CLUB v\u00e0 \u0111\u0103ng nh\u1eadp b\u1eb1ng t\u00e0i kho\u1ea3n Steam c\u1ee7a b\u1ea1n. Sau \u0111\u00f3, b\u1ea1n s\u1ebd th\u1ea5y m\u1ed9t bi\u1ec3u m\u1eabu li\u00ean h\u1ec7 \u0111\u1eb7c bi\u1ec7t \u1edf ph\u00eda b\u00ean ph\u1ea3i c\u1ee7a trang web. \u0110\u00f3 l\u00e0 m\u1ed9t bi\u1ec3u m\u1eabu h\u1ed7 tr\u1ee3.  <\/li>\n<\/ol>\n<p><img loading=\"lazy\" decoding=\"async\" class=\"alignnone wp-image-89158\" src=\"https:\/\/front.stage.jamson-sc.dev\/community\/wp-content\/uploads\/2024\/09\/Event-BLAST-Premier-2024-1024x576.webp\" alt=\"\" width=\"1065\" height=\"599\"><\/p>\n<h2>Th\u00f4ng tin quan tr\u1ecdng<\/h2>\n<p>B\u1ea1n ch\u1ec9 c\u00f3 th\u1ec3 li\u00ean h\u1ec7 v\u1edbi b\u1ed9 ph\u1eadn h\u1ed7 tr\u1ee3 c\u1ee7a ch\u00fang t\u00f4i th\u00f4ng qua Bi\u1ec3u m\u1eabu H\u1ed7 tr\u1ee3 tr\u00ean trang web SKIN.CLUB ho\u1eb7c email help@skin.club. Kh\u00f4ng bao gi\u1edd s\u1eed d\u1ee5ng: Steam, Discord, FB, v.v. cho tin nh\u1eafn ri\u00eang. Ch\u1ec9 Bi\u1ec3u m\u1eabu H\u1ed7 tr\u1ee3 c\u1ee7a ch\u00fang t\u00f4i l\u00e0 ph\u00f9 h\u1ee3p v\u00e0 \u0111\u00e1ng tin c\u1eady.   <\/p>\n<p>R\u1ea5t nhi\u1ec1u ng\u01b0\u1eddi vi\u1ebft tin nh\u1eafn ri\u00eang cho c\u00e1c C\u1ed9ng t\u00e1c vi\u00ean\/Ng\u01b0\u1eddi s\u00e1ng t\u1ea1o n\u1ed9i dung\/c\u00e1c t\u00ecnh nguy\u1ec7n vi\u00ean kh\u00e1c v\u1ec1 c\u00e1c v\u1ea5n \u0111\u1ec1 h\u1ed7 tr\u1ee3. \u0110\u1eebng l\u00e0m v\u1eady, xin vui l\u00f2ng. C\u00e1c t\u00ecnh nguy\u1ec7n vi\u00ean c\u1ee7a SkinClub kh\u00f4ng ph\u1ea3i l\u00e0 nh\u00e2n vi\u00ean c\u1ee7a ch\u00fang t\u00f4i. H\u1ecd kh\u00f4ng th\u1ec3 gi\u00fap b\u1ea1n v\u1edbi c\u00e1c phi\u1ebfu h\u1ed7 tr\u1ee3 v\u00e0 b\u00e1o c\u00e1o.   <\/p>\n","protected":false},"excerpt":{"rendered":"<p>C\u00e1ch b\u1ea1n c\u00f3 th\u1ec3 li\u00ean h\u1ec7 v\u1edbi h\u1ed7 tr\u1ee3 Trong c\u1ed9ng \u0111\u1ed3ng c\u1ee7a ch\u00fang t\u00f4i, ch\u00fang t\u00f4i c\u00f3 m\u1ed9t d\u1ecbch v\u1ee5 h\u1ed7 tr\u1ee3 kh\u00e1ch h\u00e0ng h\u1eefu \u00edch. N\u00f3 r\u1ea5t n\u1ed5i b\u1eadt trong th\u1ebf gi\u1edbi k\u1ef9 thu\u1eadt s\u1ed1. B\u1ed9 ph\u1eadn h\u1ed7 tr\u1ee3 c\u1ee7a ch\u00fang t\u00f4i ho\u1ea1t \u0111\u1ed9ng 24\/7 m\u1ed7i ng\u00e0y. V\u00e0 \u0111i\u1ec1u quan tr\u1ecdng l\u00e0 ph\u1ea3i [&hellip;]<\/p>\n","protected":false},"author":5,"featured_media":0,"parent":0,"menu_order":0,"comment_status":"closed","ping_status":"closed","template":"","meta":{"_acf_changed":false,"footnotes":""},"class_list":["post-12069","page","type-page","status-publish","hentry"],"acf":[],"yoast_head":"<!-- This site is optimized with the Yoast SEO plugin v27.4 - https:\/\/yoast.com\/product\/yoast-seo-wordpress\/ -->\n<title>H\u1ed7 tr\u1ee3 - CS2 &amp; CS:GO Articles, News, Events | Skin.Club Community<\/title>\n<meta name=\"robots\" content=\"noindex, follow, max-snippet:-1, max-image-preview:large, max-video-preview:-1\" \/>\n<meta property=\"og:locale\" content=\"vi_VN\" \/>\n<meta property=\"og:type\" content=\"article\" \/>\n<meta property=\"og:title\" content=\"H\u1ed7 tr\u1ee3 - CS2 &amp; CS:GO Articles, News, Events | Skin.Club Community\" \/>\n<meta property=\"og:description\" content=\"C\u00e1ch b\u1ea1n c\u00f3 th\u1ec3 li\u00ean h\u1ec7 v\u1edbi h\u1ed7 tr\u1ee3 Trong c\u1ed9ng \u0111\u1ed3ng c\u1ee7a ch\u00fang t\u00f4i, ch\u00fang t\u00f4i c\u00f3 m\u1ed9t d\u1ecbch v\u1ee5 h\u1ed7 tr\u1ee3 kh\u00e1ch h\u00e0ng h\u1eefu \u00edch. N\u00f3 r\u1ea5t n\u1ed5i b\u1eadt trong th\u1ebf gi\u1edbi k\u1ef9 thu\u1eadt s\u1ed1. B\u1ed9 ph\u1eadn h\u1ed7 tr\u1ee3 c\u1ee7a ch\u00fang t\u00f4i ho\u1ea1t \u0111\u1ed9ng 24\/7 m\u1ed7i ng\u00e0y. V\u00e0 \u0111i\u1ec1u quan tr\u1ecdng l\u00e0 ph\u1ea3i [&hellip;]\" \/>\n<meta property=\"og:url\" content=\"https:\/\/community.stage.jamson-sc.dev\/vi\/ung-ho\" \/>\n<meta property=\"og:site_name\" content=\"CS2 &amp; CS:GO Articles, News, Events | Skin.Club Community\" \/>\n<meta property=\"article:modified_time\" content=\"2024-09-11T17:52:29+00:00\" \/>\n<meta name=\"twitter:card\" content=\"summary_large_image\" \/>\n<meta name=\"twitter:label1\" content=\"Est. reading time\" \/>\n\t<meta name=\"twitter:data1\" content=\"3 minutes\" \/>\n<script type=\"application\/ld+json\" class=\"yoast-schema-graph\">{\"@context\":\"https:\\\/\\\/schema.org\",\"@graph\":[{\"@type\":\"WebPage\",\"@id\":\"https:\\\/\\\/community.stage.jamson-sc.dev\\\/vi\\\/ung-ho\",\"url\":\"https:\\\/\\\/community.stage.jamson-sc.dev\\\/vi\\\/ung-ho\",\"name\":\"H\u1ed7 tr\u1ee3 - CS2 &amp; CS:GO Articles, News, Events | Skin.Club Community\",\"isPartOf\":{\"@id\":\"https:\\\/\\\/community.stage.jamson-sc.dev\\\/vi#website\"},\"primaryImageOfPage\":{\"@id\":\"https:\\\/\\\/community.stage.jamson-sc.dev\\\/vi\\\/ung-ho#primaryimage\"},\"image\":{\"@id\":\"https:\\\/\\\/community.stage.jamson-sc.dev\\\/vi\\\/ung-ho#primaryimage\"},\"thumbnailUrl\":\"https:\\\/\\\/front.stage.jamson-sc.dev\\\/community\\\/wp-content\\\/uploads\\\/2024\\\/09\\\/Event-BLAST-Premier-2024-1024x576.webp\",\"datePublished\":\"2022-06-28T10:08:43+00:00\",\"dateModified\":\"2024-09-11T17:52:29+00:00\",\"breadcrumb\":{\"@id\":\"https:\\\/\\\/community.stage.jamson-sc.dev\\\/vi\\\/ung-ho#breadcrumb\"},\"inLanguage\":\"vi-VN\",\"potentialAction\":[{\"@type\":\"ReadAction\",\"target\":[\"https:\\\/\\\/community.stage.jamson-sc.dev\\\/vi\\\/ung-ho\"]}]},{\"@type\":\"ImageObject\",\"inLanguage\":\"vi-VN\",\"@id\":\"https:\\\/\\\/community.stage.jamson-sc.dev\\\/vi\\\/ung-ho#primaryimage\",\"url\":\"https:\\\/\\\/front.stage.jamson-sc.dev\\\/community\\\/wp-content\\\/uploads\\\/2024\\\/09\\\/Event-BLAST-Premier-2024-1024x576.webp\",\"contentUrl\":\"https:\\\/\\\/front.stage.jamson-sc.dev\\\/community\\\/wp-content\\\/uploads\\\/2024\\\/09\\\/Event-BLAST-Premier-2024-1024x576.webp\"},{\"@type\":\"BreadcrumbList\",\"@id\":\"https:\\\/\\\/community.stage.jamson-sc.dev\\\/vi\\\/ung-ho#breadcrumb\",\"itemListElement\":[{\"@type\":\"ListItem\",\"position\":1,\"name\":\"Community\",\"item\":\"https:\\\/\\\/community.stage.jamson-sc.dev\\\/vi\\\/homepage\"},{\"@type\":\"ListItem\",\"position\":2,\"name\":\"H\u1ed7 tr\u1ee3\"}]},{\"@type\":\"WebSite\",\"@id\":\"https:\\\/\\\/community.stage.jamson-sc.dev\\\/vi#website\",\"url\":\"https:\\\/\\\/community.stage.jamson-sc.dev\\\/vi\",\"name\":\"CS:GO - Events, news, recommendations\",\"description\":\"CS2 &amp; CS:GO Articles, News, Events | Skin.Club Community\",\"publisher\":{\"@id\":\"https:\\\/\\\/community.stage.jamson-sc.dev\\\/vi#organization\"},\"alternateName\":\"CS:GO - news\",\"potentialAction\":[{\"@type\":\"SearchAction\",\"target\":{\"@type\":\"EntryPoint\",\"urlTemplate\":\"https:\\\/\\\/community.stage.jamson-sc.dev\\\/vi?s={search_term_string}\"},\"query-input\":{\"@type\":\"PropertyValueSpecification\",\"valueRequired\":true,\"valueName\":\"search_term_string\"}}],\"inLanguage\":\"vi-VN\"},{\"@type\":\"Organization\",\"@id\":\"https:\\\/\\\/community.stage.jamson-sc.dev\\\/vi#organization\",\"name\":\"SkinClub\",\"url\":\"https:\\\/\\\/community.stage.jamson-sc.dev\\\/vi\",\"logo\":{\"@type\":\"ImageObject\",\"inLanguage\":\"vi-VN\",\"@id\":\"https:\\\/\\\/community.stage.jamson-sc.dev\\\/vi#\\\/schema\\\/logo\\\/image\\\/\",\"url\":\"\",\"contentUrl\":\"\",\"caption\":\"SkinClub\"},\"image\":{\"@id\":\"https:\\\/\\\/community.stage.jamson-sc.dev\\\/vi#\\\/schema\\\/logo\\\/image\\\/\"}}]}<\/script>\n<!-- \/ Yoast SEO plugin. -->","yoast_head_json":{"title":"H\u1ed7 tr\u1ee3 - CS2 &amp; CS:GO Articles, News, Events | Skin.Club Community","robots":{"index":"noindex","follow":"follow","max-snippet":"max-snippet:-1","max-image-preview":"max-image-preview:large","max-video-preview":"max-video-preview:-1"},"og_locale":"vi_VN","og_type":"article","og_title":"H\u1ed7 tr\u1ee3 - CS2 &amp; CS:GO Articles, News, Events | Skin.Club Community","og_description":"C\u00e1ch b\u1ea1n c\u00f3 th\u1ec3 li\u00ean h\u1ec7 v\u1edbi h\u1ed7 tr\u1ee3 Trong c\u1ed9ng \u0111\u1ed3ng c\u1ee7a ch\u00fang t\u00f4i, ch\u00fang t\u00f4i c\u00f3 m\u1ed9t d\u1ecbch v\u1ee5 h\u1ed7 tr\u1ee3 kh\u00e1ch h\u00e0ng h\u1eefu \u00edch. N\u00f3 r\u1ea5t n\u1ed5i b\u1eadt trong th\u1ebf gi\u1edbi k\u1ef9 thu\u1eadt s\u1ed1. B\u1ed9 ph\u1eadn h\u1ed7 tr\u1ee3 c\u1ee7a ch\u00fang t\u00f4i ho\u1ea1t \u0111\u1ed9ng 24\/7 m\u1ed7i ng\u00e0y. V\u00e0 \u0111i\u1ec1u quan tr\u1ecdng l\u00e0 ph\u1ea3i [&hellip;]","og_url":"https:\/\/community.stage.jamson-sc.dev\/vi\/ung-ho","og_site_name":"CS2 &amp; CS:GO Articles, News, Events | Skin.Club Community","article_modified_time":"2024-09-11T17:52:29+00:00","twitter_card":"summary_large_image","twitter_misc":{"Est. reading time":"3 minutes"},"schema":{"@context":"https:\/\/schema.org","@graph":[{"@type":"WebPage","@id":"https:\/\/community.stage.jamson-sc.dev\/vi\/ung-ho","url":"https:\/\/community.stage.jamson-sc.dev\/vi\/ung-ho","name":"H\u1ed7 tr\u1ee3 - CS2 &amp; CS:GO Articles, News, Events | Skin.Club Community","isPartOf":{"@id":"https:\/\/community.stage.jamson-sc.dev\/vi#website"},"primaryImageOfPage":{"@id":"https:\/\/community.stage.jamson-sc.dev\/vi\/ung-ho#primaryimage"},"image":{"@id":"https:\/\/community.stage.jamson-sc.dev\/vi\/ung-ho#primaryimage"},"thumbnailUrl":"https:\/\/front.stage.jamson-sc.dev\/community\/wp-content\/uploads\/2024\/09\/Event-BLAST-Premier-2024-1024x576.webp","datePublished":"2022-06-28T10:08:43+00:00","dateModified":"2024-09-11T17:52:29+00:00","breadcrumb":{"@id":"https:\/\/community.stage.jamson-sc.dev\/vi\/ung-ho#breadcrumb"},"inLanguage":"vi-VN","potentialAction":[{"@type":"ReadAction","target":["https:\/\/community.stage.jamson-sc.dev\/vi\/ung-ho"]}]},{"@type":"ImageObject","inLanguage":"vi-VN","@id":"https:\/\/community.stage.jamson-sc.dev\/vi\/ung-ho#primaryimage","url":"https:\/\/front.stage.jamson-sc.dev\/community\/wp-content\/uploads\/2024\/09\/Event-BLAST-Premier-2024-1024x576.webp","contentUrl":"https:\/\/front.stage.jamson-sc.dev\/community\/wp-content\/uploads\/2024\/09\/Event-BLAST-Premier-2024-1024x576.webp"},{"@type":"BreadcrumbList","@id":"https:\/\/community.stage.jamson-sc.dev\/vi\/ung-ho#breadcrumb","itemListElement":[{"@type":"ListItem","position":1,"name":"Community","item":"https:\/\/community.stage.jamson-sc.dev\/vi\/homepage"},{"@type":"ListItem","position":2,"name":"H\u1ed7 tr\u1ee3"}]},{"@type":"WebSite","@id":"https:\/\/community.stage.jamson-sc.dev\/vi#website","url":"https:\/\/community.stage.jamson-sc.dev\/vi","name":"CS:GO - Events, news, recommendations","description":"CS2 &amp; CS:GO Articles, News, Events | Skin.Club Community","publisher":{"@id":"https:\/\/community.stage.jamson-sc.dev\/vi#organization"},"alternateName":"CS:GO - news","potentialAction":[{"@type":"SearchAction","target":{"@type":"EntryPoint","urlTemplate":"https:\/\/community.stage.jamson-sc.dev\/vi?s={search_term_string}"},"query-input":{"@type":"PropertyValueSpecification","valueRequired":true,"valueName":"search_term_string"}}],"inLanguage":"vi-VN"},{"@type":"Organization","@id":"https:\/\/community.stage.jamson-sc.dev\/vi#organization","name":"SkinClub","url":"https:\/\/community.stage.jamson-sc.dev\/vi","logo":{"@type":"ImageObject","inLanguage":"vi-VN","@id":"https:\/\/community.stage.jamson-sc.dev\/vi#\/schema\/logo\/image\/","url":"","contentUrl":"","caption":"SkinClub"},"image":{"@id":"https:\/\/community.stage.jamson-sc.dev\/vi#\/schema\/logo\/image\/"}}]}},"_links":{"self":[{"href":"https:\/\/community.stage.jamson-sc.dev\/vi\/wp-json\/wp\/v2\/pages\/12069","targetHints":{"allow":["GET"]}}],"collection":[{"href":"https:\/\/community.stage.jamson-sc.dev\/vi\/wp-json\/wp\/v2\/pages"}],"about":[{"href":"https:\/\/community.stage.jamson-sc.dev\/vi\/wp-json\/wp\/v2\/types\/page"}],"author":[{"embeddable":true,"href":"https:\/\/community.stage.jamson-sc.dev\/vi\/wp-json\/wp\/v2\/users\/5"}],"replies":[{"embeddable":true,"href":"https:\/\/community.stage.jamson-sc.dev\/vi\/wp-json\/wp\/v2\/comments?post=12069"}],"version-history":[{"count":2,"href":"https:\/\/community.stage.jamson-sc.dev\/vi\/wp-json\/wp\/v2\/pages\/12069\/revisions"}],"predecessor-version":[{"id":89185,"href":"https:\/\/community.stage.jamson-sc.dev\/vi\/wp-json\/wp\/v2\/pages\/12069\/revisions\/89185"}],"wp:attachment":[{"href":"https:\/\/community.stage.jamson-sc.dev\/vi\/wp-json\/wp\/v2\/media?parent=12069"}],"curies":[{"name":"wp","href":"https:\/\/api.w.org\/{rel}","templated":true}]}}