{"id":91210,"date":"2025-08-31T12:13:54","date_gmt":"2025-08-31T12:13:54","guid":{"rendered":"https:\/\/community.stage.jamson-sc.dev\/homepage"},"modified":"2025-09-22T14:09:58","modified_gmt":"2025-09-22T14:09:58","slug":"homepage","status":"publish","type":"page","link":"https:\/\/community.stage.jamson-sc.dev\/vi","title":{"rendered":"Trang ch\u1ee7"},"content":{"rendered":"","protected":false},"excerpt":{"rendered":"","protected":false},"author":4,"featured_media":0,"parent":0,"menu_order":0,"comment_status":"closed","ping_status":"closed","template":"","meta":{"_acf_changed":false,"footnotes":""},"class_list":["post-91210","page","type-page","status-publish","hentry"],"acf":[],"yoast_head":"<!-- This site is optimized with the Yoast SEO plugin v27.4 - https:\/\/yoast.com\/product\/yoast-seo-wordpress\/ -->\n<title>CS2 &amp; CS:GO B\u00e0i vi\u1ebft, Tin t\u1ee9c, S\u1ef1 ki\u1ec7n | C\u1ed9ng \u0111\u1ed3ng Skin.Club<\/title>\n<meta name=\"description\" content=\"Tin t\u1ee9c &amp; B\u00e0i vi\u1ebft v\u1ec1 Counter-Strike 2. B\u1ed9 s\u01b0u t\u1eadp c\u00e1c skin CS2 t\u1ed1t nh\u1ea5t d\u00e0nh cho nh\u1eefng ng\u01b0\u1eddi y\u00eau th\u00edch skin Counter-Strike do c\u00e1c chuy\u00ean gia Skin.Club v\u00e0 game th\u1ee7 chuy\u00ean nghi\u1ec7p cung c\u1ea5p cho b\u1ea1n.\" \/>\n<meta name=\"robots\" content=\"noindex, follow, max-snippet:-1, max-image-preview:large, max-video-preview:-1\" \/>\n<meta property=\"og:locale\" content=\"vi_VN\" \/>\n<meta property=\"og:type\" content=\"article\" \/>\n<meta property=\"og:title\" content=\"CS2 &amp; CS:GO B\u00e0i vi\u1ebft, Tin t\u1ee9c, S\u1ef1 ki\u1ec7n | C\u1ed9ng \u0111\u1ed3ng Skin.Club\" \/>\n<meta property=\"og:description\" content=\"Tin t\u1ee9c &amp; B\u00e0i vi\u1ebft v\u1ec1 Counter-Strike 2. B\u1ed9 s\u01b0u t\u1eadp c\u00e1c skin CS2 t\u1ed1t nh\u1ea5t d\u00e0nh cho nh\u1eefng ng\u01b0\u1eddi y\u00eau th\u00edch skin Counter-Strike do c\u00e1c chuy\u00ean gia Skin.Club v\u00e0 game th\u1ee7 chuy\u00ean nghi\u1ec7p cung c\u1ea5p cho b\u1ea1n.\" \/>\n<meta property=\"og:url\" content=\"https:\/\/community.stage.jamson-sc.dev\/vi\" \/>\n<meta property=\"og:site_name\" content=\"CS2 &amp; CS:GO Articles, News, Events | Skin.Club Community\" \/>\n<meta property=\"article:modified_time\" content=\"2025-09-22T14:09:58+00:00\" \/>\n<meta name=\"twitter:card\" content=\"summary_large_image\" \/>\n<script type=\"application\/ld+json\" class=\"yoast-schema-graph\">{\"@context\":\"https:\\\/\\\/schema.org\",\"@graph\":[{\"@type\":\"WebPage\",\"@id\":\"https:\\\/\\\/community.stage.jamson-sc.dev\\\/vi\",\"url\":\"https:\\\/\\\/community.stage.jamson-sc.dev\\\/vi\",\"name\":\"CS2 & CS:GO B\u00e0i vi\u1ebft, Tin t\u1ee9c, S\u1ef1 ki\u1ec7n | C\u1ed9ng \u0111\u1ed3ng Skin.Club\",\"isPartOf\":{\"@id\":\"https:\\\/\\\/community.stage.jamson-sc.dev\\\/vi#website\"},\"datePublished\":\"2025-08-31T12:13:54+00:00\",\"dateModified\":\"2025-09-22T14:09:58+00:00\",\"description\":\"Tin t\u1ee9c & B\u00e0i vi\u1ebft v\u1ec1 Counter-Strike 2. B\u1ed9 s\u01b0u t\u1eadp c\u00e1c skin CS2 t\u1ed1t nh\u1ea5t d\u00e0nh cho nh\u1eefng ng\u01b0\u1eddi y\u00eau th\u00edch skin Counter-Strike do c\u00e1c chuy\u00ean gia Skin.Club v\u00e0 game th\u1ee7 chuy\u00ean nghi\u1ec7p cung c\u1ea5p cho b\u1ea1n.\",\"breadcrumb\":{\"@id\":\"https:\\\/\\\/community.stage.jamson-sc.dev\\\/vi#breadcrumb\"},\"inLanguage\":\"vi-VN\",\"potentialAction\":[{\"@type\":\"ReadAction\",\"target\":[\"https:\\\/\\\/community.stage.jamson-sc.dev\\\/vi\"]}]},{\"@type\":\"BreadcrumbList\",\"@id\":\"https:\\\/\\\/community.stage.jamson-sc.dev\\\/vi#breadcrumb\",\"itemListElement\":[{\"@type\":\"ListItem\",\"position\":1,\"name\":\"Community\",\"item\":\"https:\\\/\\\/community.stage.jamson-sc.dev\\\/vi\\\/homepage\"},{\"@type\":\"ListItem\",\"position\":2,\"name\":\"Trang ch\u1ee7\"}]},{\"@type\":\"WebSite\",\"@id\":\"https:\\\/\\\/community.stage.jamson-sc.dev\\\/vi#website\",\"url\":\"https:\\\/\\\/community.stage.jamson-sc.dev\\\/vi\",\"name\":\"CS:GO - Events, news, recommendations\",\"description\":\"CS2 &amp; CS:GO Articles, News, Events | Skin.Club Community\",\"publisher\":{\"@id\":\"https:\\\/\\\/community.stage.jamson-sc.dev\\\/vi#organization\"},\"alternateName\":\"CS:GO - news\",\"potentialAction\":[{\"@type\":\"SearchAction\",\"target\":{\"@type\":\"EntryPoint\",\"urlTemplate\":\"https:\\\/\\\/community.stage.jamson-sc.dev\\\/vi?s={search_term_string}\"},\"query-input\":{\"@type\":\"PropertyValueSpecification\",\"valueRequired\":true,\"valueName\":\"search_term_string\"}}],\"inLanguage\":\"vi-VN\"},{\"@type\":\"Organization\",\"@id\":\"https:\\\/\\\/community.stage.jamson-sc.dev\\\/vi#organization\",\"name\":\"SkinClub\",\"url\":\"https:\\\/\\\/community.stage.jamson-sc.dev\\\/vi\",\"logo\":{\"@type\":\"ImageObject\",\"inLanguage\":\"vi-VN\",\"@id\":\"https:\\\/\\\/community.stage.jamson-sc.dev\\\/vi#\\\/schema\\\/logo\\\/image\\\/\",\"url\":\"\",\"contentUrl\":\"\",\"caption\":\"SkinClub\"},\"image\":{\"@id\":\"https:\\\/\\\/community.stage.jamson-sc.dev\\\/vi#\\\/schema\\\/logo\\\/image\\\/\"}}]}<\/script>\n<!-- \/ Yoast SEO plugin. -->","yoast_head_json":{"title":"CS2 & CS:GO B\u00e0i vi\u1ebft, Tin t\u1ee9c, S\u1ef1 ki\u1ec7n | C\u1ed9ng \u0111\u1ed3ng Skin.Club","description":"Tin t\u1ee9c & B\u00e0i vi\u1ebft v\u1ec1 Counter-Strike 2. B\u1ed9 s\u01b0u t\u1eadp c\u00e1c skin CS2 t\u1ed1t nh\u1ea5t d\u00e0nh cho nh\u1eefng ng\u01b0\u1eddi y\u00eau th\u00edch skin Counter-Strike do c\u00e1c chuy\u00ean gia Skin.Club v\u00e0 game th\u1ee7 chuy\u00ean nghi\u1ec7p cung c\u1ea5p cho b\u1ea1n.","robots":{"index":"noindex","follow":"follow","max-snippet":"max-snippet:-1","max-image-preview":"max-image-preview:large","max-video-preview":"max-video-preview:-1"},"og_locale":"vi_VN","og_type":"article","og_title":"CS2 & CS:GO B\u00e0i vi\u1ebft, Tin t\u1ee9c, S\u1ef1 ki\u1ec7n | C\u1ed9ng \u0111\u1ed3ng Skin.Club","og_description":"Tin t\u1ee9c & B\u00e0i vi\u1ebft v\u1ec1 Counter-Strike 2. B\u1ed9 s\u01b0u t\u1eadp c\u00e1c skin CS2 t\u1ed1t nh\u1ea5t d\u00e0nh cho nh\u1eefng ng\u01b0\u1eddi y\u00eau th\u00edch skin Counter-Strike do c\u00e1c chuy\u00ean gia Skin.Club v\u00e0 game th\u1ee7 chuy\u00ean nghi\u1ec7p cung c\u1ea5p cho b\u1ea1n.","og_url":"https:\/\/community.stage.jamson-sc.dev\/vi","og_site_name":"CS2 &amp; CS:GO Articles, News, Events | Skin.Club Community","article_modified_time":"2025-09-22T14:09:58+00:00","twitter_card":"summary_large_image","schema":{"@context":"https:\/\/schema.org","@graph":[{"@type":"WebPage","@id":"https:\/\/community.stage.jamson-sc.dev\/vi","url":"https:\/\/community.stage.jamson-sc.dev\/vi","name":"CS2 & CS:GO B\u00e0i vi\u1ebft, Tin t\u1ee9c, S\u1ef1 ki\u1ec7n | C\u1ed9ng \u0111\u1ed3ng Skin.Club","isPartOf":{"@id":"https:\/\/community.stage.jamson-sc.dev\/vi#website"},"datePublished":"2025-08-31T12:13:54+00:00","dateModified":"2025-09-22T14:09:58+00:00","description":"Tin t\u1ee9c & B\u00e0i vi\u1ebft v\u1ec1 Counter-Strike 2. B\u1ed9 s\u01b0u t\u1eadp c\u00e1c skin CS2 t\u1ed1t nh\u1ea5t d\u00e0nh cho nh\u1eefng ng\u01b0\u1eddi y\u00eau th\u00edch skin Counter-Strike do c\u00e1c chuy\u00ean gia Skin.Club v\u00e0 game th\u1ee7 chuy\u00ean nghi\u1ec7p cung c\u1ea5p cho b\u1ea1n.","breadcrumb":{"@id":"https:\/\/community.stage.jamson-sc.dev\/vi#breadcrumb"},"inLanguage":"vi-VN","potentialAction":[{"@type":"ReadAction","target":["https:\/\/community.stage.jamson-sc.dev\/vi"]}]},{"@type":"BreadcrumbList","@id":"https:\/\/community.stage.jamson-sc.dev\/vi#breadcrumb","itemListElement":[{"@type":"ListItem","position":1,"name":"Community","item":"https:\/\/community.stage.jamson-sc.dev\/vi\/homepage"},{"@type":"ListItem","position":2,"name":"Trang ch\u1ee7"}]},{"@type":"WebSite","@id":"https:\/\/community.stage.jamson-sc.dev\/vi#website","url":"https:\/\/community.stage.jamson-sc.dev\/vi","name":"CS:GO - Events, news, recommendations","description":"CS2 &amp; CS:GO Articles, News, Events | Skin.Club Community","publisher":{"@id":"https:\/\/community.stage.jamson-sc.dev\/vi#organization"},"alternateName":"CS:GO - news","potentialAction":[{"@type":"SearchAction","target":{"@type":"EntryPoint","urlTemplate":"https:\/\/community.stage.jamson-sc.dev\/vi?s={search_term_string}"},"query-input":{"@type":"PropertyValueSpecification","valueRequired":true,"valueName":"search_term_string"}}],"inLanguage":"vi-VN"},{"@type":"Organization","@id":"https:\/\/community.stage.jamson-sc.dev\/vi#organization","name":"SkinClub","url":"https:\/\/community.stage.jamson-sc.dev\/vi","logo":{"@type":"ImageObject","inLanguage":"vi-VN","@id":"https:\/\/community.stage.jamson-sc.dev\/vi#\/schema\/logo\/image\/","url":"","contentUrl":"","caption":"SkinClub"},"image":{"@id":"https:\/\/community.stage.jamson-sc.dev\/vi#\/schema\/logo\/image\/"}}]}},"_links":{"self":[{"href":"https:\/\/community.stage.jamson-sc.dev\/vi\/wp-json\/wp\/v2\/pages\/91210","targetHints":{"allow":["GET"]}}],"collection":[{"href":"https:\/\/community.stage.jamson-sc.dev\/vi\/wp-json\/wp\/v2\/pages"}],"about":[{"href":"https:\/\/community.stage.jamson-sc.dev\/vi\/wp-json\/wp\/v2\/types\/page"}],"author":[{"embeddable":true,"href":"https:\/\/community.stage.jamson-sc.dev\/vi\/wp-json\/wp\/v2\/users\/4"}],"replies":[{"embeddable":true,"href":"https:\/\/community.stage.jamson-sc.dev\/vi\/wp-json\/wp\/v2\/comments?post=91210"}],"version-history":[{"count":1,"href":"https:\/\/community.stage.jamson-sc.dev\/vi\/wp-json\/wp\/v2\/pages\/91210\/revisions"}],"predecessor-version":[{"id":91360,"href":"https:\/\/community.stage.jamson-sc.dev\/vi\/wp-json\/wp\/v2\/pages\/91210\/revisions\/91360"}],"wp:attachment":[{"href":"https:\/\/community.stage.jamson-sc.dev\/vi\/wp-json\/wp\/v2\/media?parent=91210"}],"curies":[{"name":"wp","href":"https:\/\/api.w.org\/{rel}","templated":true}]}}